{"id":2,"date":"2023-05-18T17:18:34","date_gmt":"2023-05-18T17:18:34","guid":{"rendered":"https:\/\/betlabel.win\/sl\/?page_id=2"},"modified":"2025-11-18T10:59:25","modified_gmt":"2025-11-18T10:59:25","slug":"sample-page","status":"publish","type":"page","link":"https:\/\/betlabel.win\/sl\/","title":{"rendered":"Domov"},"content":{"rendered":"","protected":false},"excerpt":{"rendered":"","protected":false},"author":1,"featured_media":0,"parent":0,"menu_order":0,"comment_status":"closed","ping_status":"open","template":"","meta":{"footnotes":""},"class_list":["post-2","page","type-page","status-publish","hentry"],"yoast_head":"<!-- This site is optimized with the Yoast SEO plugin v26.3 - https:\/\/yoast.com\/wordpress\/plugins\/seo\/ -->\n<title>BetLabel Kazino in \u0161portne stave | Zna\u010dilnosti, bonusi, igre<\/title>\n<meta name=\"description\" content=\"Odkrijte BetLabel Kasino in \u0161portne stave v letu 2025! U\u017eivajte v \u0161iroki ponudbi \u0161portnih trgov, razburljivih igralni\u0161kih iger in velikodu\u0161nih bonusov. Odkrijte na\u0161e licence, varnostne funkcije in intuitivno platformo za vrhunsko izku\u0161njo stavljenja.\" \/>\n<meta name=\"robots\" content=\"index, follow, max-snippet:-1, max-image-preview:large, max-video-preview:-1\" \/>\n<meta property=\"og:locale\" content=\"sl_SI\" \/>\n<meta property=\"og:type\" content=\"article\" \/>\n<meta property=\"og:title\" content=\"BetLabel Kazino in \u0161portne stave | Zna\u010dilnosti, bonusi, igre\" \/>\n<meta property=\"og:description\" content=\"Odkrijte BetLabel Kasino in \u0161portne stave v letu 2025! U\u017eivajte v \u0161iroki ponudbi \u0161portnih trgov, razburljivih igralni\u0161kih iger in velikodu\u0161nih bonusov. Odkrijte na\u0161e licence, varnostne funkcije in intuitivno platformo za vrhunsko izku\u0161njo stavljenja.\" \/>\n<meta property=\"og:url\" content=\"https:\/\/betlabel.win\/sl\/\" \/>\n<meta property=\"og:site_name\" content=\"Betlabel Win SL\" \/>\n<meta property=\"article:modified_time\" content=\"2025-11-18T10:59:25+00:00\" \/>\n<meta name=\"twitter:card\" content=\"summary_large_image\" \/>\n<script type=\"application\/ld+json\" class=\"yoast-schema-graph\">{\"@context\":\"https:\/\/schema.org\",\"@graph\":[{\"@type\":\"WebPage\",\"@id\":\"https:\/\/betlabel.win\/sl\/\",\"url\":\"https:\/\/betlabel.win\/sl\/\",\"name\":\"BetLabel Kazino in \u0161portne stave | Zna\u010dilnosti, bonusi, igre\",\"isPartOf\":{\"@id\":\"https:\/\/betlabel.win\/sl\/#website\"},\"datePublished\":\"2023-05-18T17:18:34+00:00\",\"dateModified\":\"2025-11-18T10:59:25+00:00\",\"description\":\"Odkrijte BetLabel Kasino in \u0161portne stave v letu 2025! U\u017eivajte v \u0161iroki ponudbi \u0161portnih trgov, razburljivih igralni\u0161kih iger in velikodu\u0161nih bonusov. Odkrijte na\u0161e licence, varnostne funkcije in intuitivno platformo za vrhunsko izku\u0161njo stavljenja.\",\"breadcrumb\":{\"@id\":\"https:\/\/betlabel.win\/sl\/#breadcrumb\"},\"inLanguage\":\"sl-SI\",\"potentialAction\":[{\"@type\":\"ReadAction\",\"target\":[\"https:\/\/betlabel.win\/sl\/\"]}]},{\"@type\":\"BreadcrumbList\",\"@id\":\"https:\/\/betlabel.win\/sl\/#breadcrumb\",\"itemListElement\":[{\"@type\":\"ListItem\",\"position\":1,\"name\":\"Home\",\"item\":\"https:\/\/betlabel.win\/sl\/\"},{\"@type\":\"ListItem\",\"position\":2,\"name\":\"Domov\"}]},{\"@type\":\"WebSite\",\"@id\":\"https:\/\/betlabel.win\/sl\/#website\",\"url\":\"https:\/\/betlabel.win\/sl\/\",\"name\":\"Betlabel Win SL\",\"description\":\"\",\"potentialAction\":[{\"@type\":\"SearchAction\",\"target\":{\"@type\":\"EntryPoint\",\"urlTemplate\":\"https:\/\/betlabel.win\/sl\/?s={search_term_string}\"},\"query-input\":{\"@type\":\"PropertyValueSpecification\",\"valueRequired\":true,\"valueName\":\"search_term_string\"}}],\"inLanguage\":\"sl-SI\"}]}<\/script>\n<!-- \/ Yoast SEO plugin. -->","yoast_head_json":{"title":"BetLabel Kazino in \u0161portne stave | Zna\u010dilnosti, bonusi, igre","description":"Odkrijte BetLabel Kasino in \u0161portne stave v letu 2025! U\u017eivajte v \u0161iroki ponudbi \u0161portnih trgov, razburljivih igralni\u0161kih iger in velikodu\u0161nih bonusov. Odkrijte na\u0161e licence, varnostne funkcije in intuitivno platformo za vrhunsko izku\u0161njo stavljenja.","robots":{"index":"index","follow":"follow","max-snippet":"max-snippet:-1","max-image-preview":"max-image-preview:large","max-video-preview":"max-video-preview:-1"},"og_locale":"sl_SI","og_type":"article","og_title":"BetLabel Kazino in \u0161portne stave | Zna\u010dilnosti, bonusi, igre","og_description":"Odkrijte BetLabel Kasino in \u0161portne stave v letu 2025! U\u017eivajte v \u0161iroki ponudbi \u0161portnih trgov, razburljivih igralni\u0161kih iger in velikodu\u0161nih bonusov. Odkrijte na\u0161e licence, varnostne funkcije in intuitivno platformo za vrhunsko izku\u0161njo stavljenja.","og_url":"https:\/\/betlabel.win\/sl\/","og_site_name":"Betlabel Win SL","article_modified_time":"2025-11-18T10:59:25+00:00","twitter_card":"summary_large_image","schema":{"@context":"https:\/\/schema.org","@graph":[{"@type":"WebPage","@id":"https:\/\/betlabel.win\/sl\/","url":"https:\/\/betlabel.win\/sl\/","name":"BetLabel Kazino in \u0161portne stave | Zna\u010dilnosti, bonusi, igre","isPartOf":{"@id":"https:\/\/betlabel.win\/sl\/#website"},"datePublished":"2023-05-18T17:18:34+00:00","dateModified":"2025-11-18T10:59:25+00:00","description":"Odkrijte BetLabel Kasino in \u0161portne stave v letu 2025! U\u017eivajte v \u0161iroki ponudbi \u0161portnih trgov, razburljivih igralni\u0161kih iger in velikodu\u0161nih bonusov. Odkrijte na\u0161e licence, varnostne funkcije in intuitivno platformo za vrhunsko izku\u0161njo stavljenja.","breadcrumb":{"@id":"https:\/\/betlabel.win\/sl\/#breadcrumb"},"inLanguage":"sl-SI","potentialAction":[{"@type":"ReadAction","target":["https:\/\/betlabel.win\/sl\/"]}]},{"@type":"BreadcrumbList","@id":"https:\/\/betlabel.win\/sl\/#breadcrumb","itemListElement":[{"@type":"ListItem","position":1,"name":"Home","item":"https:\/\/betlabel.win\/sl\/"},{"@type":"ListItem","position":2,"name":"Domov"}]},{"@type":"WebSite","@id":"https:\/\/betlabel.win\/sl\/#website","url":"https:\/\/betlabel.win\/sl\/","name":"Betlabel Win SL","description":"","potentialAction":[{"@type":"SearchAction","target":{"@type":"EntryPoint","urlTemplate":"https:\/\/betlabel.win\/sl\/?s={search_term_string}"},"query-input":{"@type":"PropertyValueSpecification","valueRequired":true,"valueName":"search_term_string"}}],"inLanguage":"sl-SI"}]}},"_links":{"self":[{"href":"https:\/\/betlabel.win\/sl\/wp-json\/wp\/v2\/pages\/2","targetHints":{"allow":["GET"]}}],"collection":[{"href":"https:\/\/betlabel.win\/sl\/wp-json\/wp\/v2\/pages"}],"about":[{"href":"https:\/\/betlabel.win\/sl\/wp-json\/wp\/v2\/types\/page"}],"author":[{"embeddable":true,"href":"https:\/\/betlabel.win\/sl\/wp-json\/wp\/v2\/users\/1"}],"replies":[{"embeddable":true,"href":"https:\/\/betlabel.win\/sl\/wp-json\/wp\/v2\/comments?post=2"}],"version-history":[{"count":32,"href":"https:\/\/betlabel.win\/sl\/wp-json\/wp\/v2\/pages\/2\/revisions"}],"predecessor-version":[{"id":607,"href":"https:\/\/betlabel.win\/sl\/wp-json\/wp\/v2\/pages\/2\/revisions\/607"}],"wp:attachment":[{"href":"https:\/\/betlabel.win\/sl\/wp-json\/wp\/v2\/media?parent=2"}],"curies":[{"name":"wp","href":"https:\/\/api.w.org\/{rel}","templated":true}]}}