{"id":287,"date":"2025-09-26T16:52:57","date_gmt":"2025-09-26T16:52:57","guid":{"rendered":"https:\/\/betlabel.win\/sk\/?page_id=287"},"modified":"2025-11-10T12:05:35","modified_gmt":"2025-11-10T12:05:35","slug":"registration","status":"publish","type":"page","link":"https:\/\/betlabel.win\/sk\/registration\/","title":{"rendered":"Registr\u00e1cia"},"content":{"rendered":"","protected":false},"excerpt":{"rendered":"","protected":false},"author":1,"featured_media":0,"parent":0,"menu_order":0,"comment_status":"closed","ping_status":"closed","template":"","meta":{"footnotes":""},"class_list":["post-287","page","type-page","status-publish","hentry"],"yoast_head":"<!-- This site is optimized with the Yoast SEO plugin v26.3 - https:\/\/yoast.com\/wordpress\/plugins\/seo\/ -->\n<title>Registr\u00e1cia BetLabel: za\u010dnite stavi\u0165 a hra\u0165 v kas\u00edne<\/title>\n<meta name=\"description\" content=\"Zaregistrujte sa na BetLabel: vytvorte si \u00fa\u010det za min\u00fatu a z\u00edskajte pr\u00edstup k st\u00e1vkovaniu a kas\u00ednov\u00fdm hr\u00e1m. Jednoduch\u00fd postup bez zbyto\u010dn\u00fdch komplik\u00e1ci\u00ed.\" \/>\n<meta name=\"robots\" content=\"index, follow, max-snippet:-1, max-image-preview:large, max-video-preview:-1\" \/>\n<meta property=\"og:locale\" content=\"sk_SK\" \/>\n<meta property=\"og:type\" content=\"article\" \/>\n<meta property=\"og:title\" content=\"Registr\u00e1cia BetLabel: za\u010dnite stavi\u0165 a hra\u0165 v kas\u00edne\" \/>\n<meta property=\"og:description\" content=\"Zaregistrujte sa na BetLabel: vytvorte si \u00fa\u010det za min\u00fatu a z\u00edskajte pr\u00edstup k st\u00e1vkovaniu a kas\u00ednov\u00fdm hr\u00e1m. Jednoduch\u00fd postup bez zbyto\u010dn\u00fdch komplik\u00e1ci\u00ed.\" \/>\n<meta property=\"og:url\" content=\"https:\/\/betlabel.win\/sk\/registration\/\" \/>\n<meta property=\"og:site_name\" content=\"Betlabel Win SK\" \/>\n<meta property=\"article:modified_time\" content=\"2025-11-10T12:05:35+00:00\" \/>\n<meta name=\"twitter:card\" content=\"summary_large_image\" \/>\n<script type=\"application\/ld+json\" class=\"yoast-schema-graph\">{\"@context\":\"https:\/\/schema.org\",\"@graph\":[{\"@type\":\"WebPage\",\"@id\":\"https:\/\/betlabel.win\/sk\/registration\/\",\"url\":\"https:\/\/betlabel.win\/sk\/registration\/\",\"name\":\"Registr\u00e1cia BetLabel: za\u010dnite stavi\u0165 a hra\u0165 v kas\u00edne\",\"isPartOf\":{\"@id\":\"https:\/\/betlabel.win\/sk\/#website\"},\"datePublished\":\"2025-09-26T16:52:57+00:00\",\"dateModified\":\"2025-11-10T12:05:35+00:00\",\"description\":\"Zaregistrujte sa na BetLabel: vytvorte si \u00fa\u010det za min\u00fatu a z\u00edskajte pr\u00edstup k st\u00e1vkovaniu a kas\u00ednov\u00fdm hr\u00e1m. Jednoduch\u00fd postup bez zbyto\u010dn\u00fdch komplik\u00e1ci\u00ed.\",\"breadcrumb\":{\"@id\":\"https:\/\/betlabel.win\/sk\/registration\/#breadcrumb\"},\"inLanguage\":\"sk-SK\",\"potentialAction\":[{\"@type\":\"ReadAction\",\"target\":[\"https:\/\/betlabel.win\/sk\/registration\/\"]}]},{\"@type\":\"BreadcrumbList\",\"@id\":\"https:\/\/betlabel.win\/sk\/registration\/#breadcrumb\",\"itemListElement\":[{\"@type\":\"ListItem\",\"position\":1,\"name\":\"Home\",\"item\":\"https:\/\/betlabel.win\/sk\/\"},{\"@type\":\"ListItem\",\"position\":2,\"name\":\"Registr\u00e1cia\"}]},{\"@type\":\"WebSite\",\"@id\":\"https:\/\/betlabel.win\/sk\/#website\",\"url\":\"https:\/\/betlabel.win\/sk\/\",\"name\":\"Betlabel Win SK\",\"description\":\"\",\"potentialAction\":[{\"@type\":\"SearchAction\",\"target\":{\"@type\":\"EntryPoint\",\"urlTemplate\":\"https:\/\/betlabel.win\/sk\/?s={search_term_string}\"},\"query-input\":{\"@type\":\"PropertyValueSpecification\",\"valueRequired\":true,\"valueName\":\"search_term_string\"}}],\"inLanguage\":\"sk-SK\"}]}<\/script>\n<!-- \/ Yoast SEO plugin. -->","yoast_head_json":{"title":"Registr\u00e1cia BetLabel: za\u010dnite stavi\u0165 a hra\u0165 v kas\u00edne","description":"Zaregistrujte sa na BetLabel: vytvorte si \u00fa\u010det za min\u00fatu a z\u00edskajte pr\u00edstup k st\u00e1vkovaniu a kas\u00ednov\u00fdm hr\u00e1m. Jednoduch\u00fd postup bez zbyto\u010dn\u00fdch komplik\u00e1ci\u00ed.","robots":{"index":"index","follow":"follow","max-snippet":"max-snippet:-1","max-image-preview":"max-image-preview:large","max-video-preview":"max-video-preview:-1"},"og_locale":"sk_SK","og_type":"article","og_title":"Registr\u00e1cia BetLabel: za\u010dnite stavi\u0165 a hra\u0165 v kas\u00edne","og_description":"Zaregistrujte sa na BetLabel: vytvorte si \u00fa\u010det za min\u00fatu a z\u00edskajte pr\u00edstup k st\u00e1vkovaniu a kas\u00ednov\u00fdm hr\u00e1m. Jednoduch\u00fd postup bez zbyto\u010dn\u00fdch komplik\u00e1ci\u00ed.","og_url":"https:\/\/betlabel.win\/sk\/registration\/","og_site_name":"Betlabel Win SK","article_modified_time":"2025-11-10T12:05:35+00:00","twitter_card":"summary_large_image","schema":{"@context":"https:\/\/schema.org","@graph":[{"@type":"WebPage","@id":"https:\/\/betlabel.win\/sk\/registration\/","url":"https:\/\/betlabel.win\/sk\/registration\/","name":"Registr\u00e1cia BetLabel: za\u010dnite stavi\u0165 a hra\u0165 v kas\u00edne","isPartOf":{"@id":"https:\/\/betlabel.win\/sk\/#website"},"datePublished":"2025-09-26T16:52:57+00:00","dateModified":"2025-11-10T12:05:35+00:00","description":"Zaregistrujte sa na BetLabel: vytvorte si \u00fa\u010det za min\u00fatu a z\u00edskajte pr\u00edstup k st\u00e1vkovaniu a kas\u00ednov\u00fdm hr\u00e1m. Jednoduch\u00fd postup bez zbyto\u010dn\u00fdch komplik\u00e1ci\u00ed.","breadcrumb":{"@id":"https:\/\/betlabel.win\/sk\/registration\/#breadcrumb"},"inLanguage":"sk-SK","potentialAction":[{"@type":"ReadAction","target":["https:\/\/betlabel.win\/sk\/registration\/"]}]},{"@type":"BreadcrumbList","@id":"https:\/\/betlabel.win\/sk\/registration\/#breadcrumb","itemListElement":[{"@type":"ListItem","position":1,"name":"Home","item":"https:\/\/betlabel.win\/sk\/"},{"@type":"ListItem","position":2,"name":"Registr\u00e1cia"}]},{"@type":"WebSite","@id":"https:\/\/betlabel.win\/sk\/#website","url":"https:\/\/betlabel.win\/sk\/","name":"Betlabel Win SK","description":"","potentialAction":[{"@type":"SearchAction","target":{"@type":"EntryPoint","urlTemplate":"https:\/\/betlabel.win\/sk\/?s={search_term_string}"},"query-input":{"@type":"PropertyValueSpecification","valueRequired":true,"valueName":"search_term_string"}}],"inLanguage":"sk-SK"}]}},"_links":{"self":[{"href":"https:\/\/betlabel.win\/sk\/wp-json\/wp\/v2\/pages\/287","targetHints":{"allow":["GET"]}}],"collection":[{"href":"https:\/\/betlabel.win\/sk\/wp-json\/wp\/v2\/pages"}],"about":[{"href":"https:\/\/betlabel.win\/sk\/wp-json\/wp\/v2\/types\/page"}],"author":[{"embeddable":true,"href":"https:\/\/betlabel.win\/sk\/wp-json\/wp\/v2\/users\/1"}],"replies":[{"embeddable":true,"href":"https:\/\/betlabel.win\/sk\/wp-json\/wp\/v2\/comments?post=287"}],"version-history":[{"count":9,"href":"https:\/\/betlabel.win\/sk\/wp-json\/wp\/v2\/pages\/287\/revisions"}],"predecessor-version":[{"id":447,"href":"https:\/\/betlabel.win\/sk\/wp-json\/wp\/v2\/pages\/287\/revisions\/447"}],"wp:attachment":[{"href":"https:\/\/betlabel.win\/sk\/wp-json\/wp\/v2\/media?parent=287"}],"curies":[{"name":"wp","href":"https:\/\/api.w.org\/{rel}","templated":true}]}}