{"id":205,"date":"2025-08-28T06:12:32","date_gmt":"2025-08-28T06:12:32","guid":{"rendered":"https:\/\/betlabel.win\/sk\/?page_id=205"},"modified":"2025-11-10T10:18:11","modified_gmt":"2025-11-10T10:18:11","slug":"bonus","status":"publish","type":"page","link":"https:\/\/betlabel.win\/sk\/bonus\/","title":{"rendered":"Bonus"},"content":{"rendered":"","protected":false},"excerpt":{"rendered":"","protected":false},"author":1,"featured_media":0,"parent":0,"menu_order":0,"comment_status":"closed","ping_status":"closed","template":"","meta":{"footnotes":""},"class_list":["post-205","page","type-page","status-publish","hentry"],"yoast_head":"<!-- This site is optimized with the Yoast SEO plugin v26.3 - https:\/\/yoast.com\/wordpress\/plugins\/seo\/ -->\n<title>Bonus Betlabel | \u0160tedr\u00e9 ponuky, propaga\u010dn\u00e9 k\u00f3dy a ceny<\/title>\n<meta name=\"description\" content=\"Najlep\u0161ie bonusy Betlabel pre nov\u00fdch a existuj\u00facich hr\u00e1\u010dov. Z\u00edskajte a\u017e 1 500 EUR a 150 rozto\u010den\u00ed zadarmo. Objavte exkluz\u00edvne ponuky a propaga\u010dn\u00e9 akcie, aby ste maximalizovali svoje v\u00fdhry!\" \/>\n<meta name=\"robots\" content=\"index, follow, max-snippet:-1, max-image-preview:large, max-video-preview:-1\" \/>\n<meta property=\"og:locale\" content=\"sk_SK\" \/>\n<meta property=\"og:type\" content=\"article\" \/>\n<meta property=\"og:title\" content=\"Bonus Betlabel | \u0160tedr\u00e9 ponuky, propaga\u010dn\u00e9 k\u00f3dy a ceny\" \/>\n<meta property=\"og:description\" content=\"Najlep\u0161ie bonusy Betlabel pre nov\u00fdch a existuj\u00facich hr\u00e1\u010dov. Z\u00edskajte a\u017e 1 500 EUR a 150 rozto\u010den\u00ed zadarmo. Objavte exkluz\u00edvne ponuky a propaga\u010dn\u00e9 akcie, aby ste maximalizovali svoje v\u00fdhry!\" \/>\n<meta property=\"og:url\" content=\"https:\/\/betlabel.win\/sk\/bonus\/\" \/>\n<meta property=\"og:site_name\" content=\"Betlabel Win SK\" \/>\n<meta property=\"article:modified_time\" content=\"2025-11-10T10:18:11+00:00\" \/>\n<meta name=\"twitter:card\" content=\"summary_large_image\" \/>\n<script type=\"application\/ld+json\" class=\"yoast-schema-graph\">{\"@context\":\"https:\/\/schema.org\",\"@graph\":[{\"@type\":\"WebPage\",\"@id\":\"https:\/\/betlabel.win\/sk\/bonus\/\",\"url\":\"https:\/\/betlabel.win\/sk\/bonus\/\",\"name\":\"Bonus Betlabel | \u0160tedr\u00e9 ponuky, propaga\u010dn\u00e9 k\u00f3dy a ceny\",\"isPartOf\":{\"@id\":\"https:\/\/betlabel.win\/sk\/#website\"},\"datePublished\":\"2025-08-28T06:12:32+00:00\",\"dateModified\":\"2025-11-10T10:18:11+00:00\",\"description\":\"Najlep\u0161ie bonusy Betlabel pre nov\u00fdch a existuj\u00facich hr\u00e1\u010dov. Z\u00edskajte a\u017e 1 500 EUR a 150 rozto\u010den\u00ed zadarmo. Objavte exkluz\u00edvne ponuky a propaga\u010dn\u00e9 akcie, aby ste maximalizovali svoje v\u00fdhry!\",\"breadcrumb\":{\"@id\":\"https:\/\/betlabel.win\/sk\/bonus\/#breadcrumb\"},\"inLanguage\":\"sk-SK\",\"potentialAction\":[{\"@type\":\"ReadAction\",\"target\":[\"https:\/\/betlabel.win\/sk\/bonus\/\"]}]},{\"@type\":\"BreadcrumbList\",\"@id\":\"https:\/\/betlabel.win\/sk\/bonus\/#breadcrumb\",\"itemListElement\":[{\"@type\":\"ListItem\",\"position\":1,\"name\":\"Home\",\"item\":\"https:\/\/betlabel.win\/sk\/\"},{\"@type\":\"ListItem\",\"position\":2,\"name\":\"Bonus\"}]},{\"@type\":\"WebSite\",\"@id\":\"https:\/\/betlabel.win\/sk\/#website\",\"url\":\"https:\/\/betlabel.win\/sk\/\",\"name\":\"Betlabel Win SK\",\"description\":\"\",\"potentialAction\":[{\"@type\":\"SearchAction\",\"target\":{\"@type\":\"EntryPoint\",\"urlTemplate\":\"https:\/\/betlabel.win\/sk\/?s={search_term_string}\"},\"query-input\":{\"@type\":\"PropertyValueSpecification\",\"valueRequired\":true,\"valueName\":\"search_term_string\"}}],\"inLanguage\":\"sk-SK\"}]}<\/script>\n<!-- \/ Yoast SEO plugin. -->","yoast_head_json":{"title":"Bonus Betlabel | \u0160tedr\u00e9 ponuky, propaga\u010dn\u00e9 k\u00f3dy a ceny","description":"Najlep\u0161ie bonusy Betlabel pre nov\u00fdch a existuj\u00facich hr\u00e1\u010dov. Z\u00edskajte a\u017e 1 500 EUR a 150 rozto\u010den\u00ed zadarmo. Objavte exkluz\u00edvne ponuky a propaga\u010dn\u00e9 akcie, aby ste maximalizovali svoje v\u00fdhry!","robots":{"index":"index","follow":"follow","max-snippet":"max-snippet:-1","max-image-preview":"max-image-preview:large","max-video-preview":"max-video-preview:-1"},"og_locale":"sk_SK","og_type":"article","og_title":"Bonus Betlabel | \u0160tedr\u00e9 ponuky, propaga\u010dn\u00e9 k\u00f3dy a ceny","og_description":"Najlep\u0161ie bonusy Betlabel pre nov\u00fdch a existuj\u00facich hr\u00e1\u010dov. Z\u00edskajte a\u017e 1 500 EUR a 150 rozto\u010den\u00ed zadarmo. Objavte exkluz\u00edvne ponuky a propaga\u010dn\u00e9 akcie, aby ste maximalizovali svoje v\u00fdhry!","og_url":"https:\/\/betlabel.win\/sk\/bonus\/","og_site_name":"Betlabel Win SK","article_modified_time":"2025-11-10T10:18:11+00:00","twitter_card":"summary_large_image","schema":{"@context":"https:\/\/schema.org","@graph":[{"@type":"WebPage","@id":"https:\/\/betlabel.win\/sk\/bonus\/","url":"https:\/\/betlabel.win\/sk\/bonus\/","name":"Bonus Betlabel | \u0160tedr\u00e9 ponuky, propaga\u010dn\u00e9 k\u00f3dy a ceny","isPartOf":{"@id":"https:\/\/betlabel.win\/sk\/#website"},"datePublished":"2025-08-28T06:12:32+00:00","dateModified":"2025-11-10T10:18:11+00:00","description":"Najlep\u0161ie bonusy Betlabel pre nov\u00fdch a existuj\u00facich hr\u00e1\u010dov. Z\u00edskajte a\u017e 1 500 EUR a 150 rozto\u010den\u00ed zadarmo. Objavte exkluz\u00edvne ponuky a propaga\u010dn\u00e9 akcie, aby ste maximalizovali svoje v\u00fdhry!","breadcrumb":{"@id":"https:\/\/betlabel.win\/sk\/bonus\/#breadcrumb"},"inLanguage":"sk-SK","potentialAction":[{"@type":"ReadAction","target":["https:\/\/betlabel.win\/sk\/bonus\/"]}]},{"@type":"BreadcrumbList","@id":"https:\/\/betlabel.win\/sk\/bonus\/#breadcrumb","itemListElement":[{"@type":"ListItem","position":1,"name":"Home","item":"https:\/\/betlabel.win\/sk\/"},{"@type":"ListItem","position":2,"name":"Bonus"}]},{"@type":"WebSite","@id":"https:\/\/betlabel.win\/sk\/#website","url":"https:\/\/betlabel.win\/sk\/","name":"Betlabel Win SK","description":"","potentialAction":[{"@type":"SearchAction","target":{"@type":"EntryPoint","urlTemplate":"https:\/\/betlabel.win\/sk\/?s={search_term_string}"},"query-input":{"@type":"PropertyValueSpecification","valueRequired":true,"valueName":"search_term_string"}}],"inLanguage":"sk-SK"}]}},"_links":{"self":[{"href":"https:\/\/betlabel.win\/sk\/wp-json\/wp\/v2\/pages\/205","targetHints":{"allow":["GET"]}}],"collection":[{"href":"https:\/\/betlabel.win\/sk\/wp-json\/wp\/v2\/pages"}],"about":[{"href":"https:\/\/betlabel.win\/sk\/wp-json\/wp\/v2\/types\/page"}],"author":[{"embeddable":true,"href":"https:\/\/betlabel.win\/sk\/wp-json\/wp\/v2\/users\/1"}],"replies":[{"embeddable":true,"href":"https:\/\/betlabel.win\/sk\/wp-json\/wp\/v2\/comments?post=205"}],"version-history":[{"count":14,"href":"https:\/\/betlabel.win\/sk\/wp-json\/wp\/v2\/pages\/205\/revisions"}],"predecessor-version":[{"id":443,"href":"https:\/\/betlabel.win\/sk\/wp-json\/wp\/v2\/pages\/205\/revisions\/443"}],"wp:attachment":[{"href":"https:\/\/betlabel.win\/sk\/wp-json\/wp\/v2\/media?parent=205"}],"curies":[{"name":"wp","href":"https:\/\/api.w.org\/{rel}","templated":true}]}}