{"id":2,"date":"2023-05-18T17:18:34","date_gmt":"2023-05-18T17:18:34","guid":{"rendered":"https:\/\/betlabel.win\/ro\/?page_id=2"},"modified":"2025-11-12T15:27:02","modified_gmt":"2025-11-12T15:27:02","slug":"sample-page","status":"publish","type":"page","link":"https:\/\/betlabel.win\/ro\/","title":{"rendered":"Acas\u0103"},"content":{"rendered":"","protected":false},"excerpt":{"rendered":"","protected":false},"author":1,"featured_media":0,"parent":0,"menu_order":0,"comment_status":"closed","ping_status":"open","template":"","meta":{"footnotes":""},"class_list":["post-2","page","type-page","status-publish","hentry"],"yoast_head":"<!-- This site is optimized with the Yoast SEO plugin v26.3 - https:\/\/yoast.com\/wordpress\/plugins\/seo\/ -->\n<title>BetLabel Cazinou \u0219i pariuri sportive | Caracteristici, bonusuri, jocuri<\/title>\n<meta name=\"description\" content=\"Descoperi\u021bi BetLabel Cazinou \u0219i pariurile sportive \u00een 2025! Bucura\u021bi-v\u0103 de o gam\u0103 larg\u0103 de pie\u021be sportive, jocuri de cazino captivante \u0219i bonusuri generoase. Descoperi\u021bi licen\u021bele noastre, caracteristicile de securitate \u0219i platforma intuitiv\u0103 pentru o experien\u021b\u0103 de pariere de top.\" \/>\n<meta name=\"robots\" content=\"index, follow, max-snippet:-1, max-image-preview:large, max-video-preview:-1\" \/>\n<meta property=\"og:locale\" content=\"ro_RO\" \/>\n<meta property=\"og:type\" content=\"article\" \/>\n<meta property=\"og:title\" content=\"BetLabel Cazinou \u0219i pariuri sportive | Caracteristici, bonusuri, jocuri\" \/>\n<meta property=\"og:description\" content=\"Descoperi\u021bi BetLabel Cazinou \u0219i pariurile sportive \u00een 2025! Bucura\u021bi-v\u0103 de o gam\u0103 larg\u0103 de pie\u021be sportive, jocuri de cazino captivante \u0219i bonusuri generoase. Descoperi\u021bi licen\u021bele noastre, caracteristicile de securitate \u0219i platforma intuitiv\u0103 pentru o experien\u021b\u0103 de pariere de top.\" \/>\n<meta property=\"og:url\" content=\"https:\/\/betlabel.win\/ro\/\" \/>\n<meta property=\"og:site_name\" content=\"Betlabel Win RO\" \/>\n<meta property=\"article:modified_time\" content=\"2025-11-12T15:27:02+00:00\" \/>\n<meta name=\"twitter:card\" content=\"summary_large_image\" \/>\n<script type=\"application\/ld+json\" class=\"yoast-schema-graph\">{\"@context\":\"https:\/\/schema.org\",\"@graph\":[{\"@type\":\"WebPage\",\"@id\":\"https:\/\/betlabel.win\/ro\/\",\"url\":\"https:\/\/betlabel.win\/ro\/\",\"name\":\"BetLabel Cazinou \u0219i pariuri sportive | Caracteristici, bonusuri, jocuri\",\"isPartOf\":{\"@id\":\"https:\/\/betlabel.win\/ro\/#website\"},\"datePublished\":\"2023-05-18T17:18:34+00:00\",\"dateModified\":\"2025-11-12T15:27:02+00:00\",\"description\":\"Descoperi\u021bi BetLabel Cazinou \u0219i pariurile sportive \u00een 2025! Bucura\u021bi-v\u0103 de o gam\u0103 larg\u0103 de pie\u021be sportive, jocuri de cazino captivante \u0219i bonusuri generoase. Descoperi\u021bi licen\u021bele noastre, caracteristicile de securitate \u0219i platforma intuitiv\u0103 pentru o experien\u021b\u0103 de pariere de top.\",\"breadcrumb\":{\"@id\":\"https:\/\/betlabel.win\/ro\/#breadcrumb\"},\"inLanguage\":\"ro-RO\",\"potentialAction\":[{\"@type\":\"ReadAction\",\"target\":[\"https:\/\/betlabel.win\/ro\/\"]}]},{\"@type\":\"BreadcrumbList\",\"@id\":\"https:\/\/betlabel.win\/ro\/#breadcrumb\",\"itemListElement\":[{\"@type\":\"ListItem\",\"position\":1,\"name\":\"Home\",\"item\":\"https:\/\/betlabel.win\/ro\/\"},{\"@type\":\"ListItem\",\"position\":2,\"name\":\"Acas\u0103\"}]},{\"@type\":\"WebSite\",\"@id\":\"https:\/\/betlabel.win\/ro\/#website\",\"url\":\"https:\/\/betlabel.win\/ro\/\",\"name\":\"Betlabel Win RO\",\"description\":\"\",\"potentialAction\":[{\"@type\":\"SearchAction\",\"target\":{\"@type\":\"EntryPoint\",\"urlTemplate\":\"https:\/\/betlabel.win\/ro\/?s={search_term_string}\"},\"query-input\":{\"@type\":\"PropertyValueSpecification\",\"valueRequired\":true,\"valueName\":\"search_term_string\"}}],\"inLanguage\":\"ro-RO\"}]}<\/script>\n<!-- \/ Yoast SEO plugin. -->","yoast_head_json":{"title":"BetLabel Cazinou \u0219i pariuri sportive | Caracteristici, bonusuri, jocuri","description":"Descoperi\u021bi BetLabel Cazinou \u0219i pariurile sportive \u00een 2025! Bucura\u021bi-v\u0103 de o gam\u0103 larg\u0103 de pie\u021be sportive, jocuri de cazino captivante \u0219i bonusuri generoase. Descoperi\u021bi licen\u021bele noastre, caracteristicile de securitate \u0219i platforma intuitiv\u0103 pentru o experien\u021b\u0103 de pariere de top.","robots":{"index":"index","follow":"follow","max-snippet":"max-snippet:-1","max-image-preview":"max-image-preview:large","max-video-preview":"max-video-preview:-1"},"og_locale":"ro_RO","og_type":"article","og_title":"BetLabel Cazinou \u0219i pariuri sportive | Caracteristici, bonusuri, jocuri","og_description":"Descoperi\u021bi BetLabel Cazinou \u0219i pariurile sportive \u00een 2025! Bucura\u021bi-v\u0103 de o gam\u0103 larg\u0103 de pie\u021be sportive, jocuri de cazino captivante \u0219i bonusuri generoase. Descoperi\u021bi licen\u021bele noastre, caracteristicile de securitate \u0219i platforma intuitiv\u0103 pentru o experien\u021b\u0103 de pariere de top.","og_url":"https:\/\/betlabel.win\/ro\/","og_site_name":"Betlabel Win RO","article_modified_time":"2025-11-12T15:27:02+00:00","twitter_card":"summary_large_image","schema":{"@context":"https:\/\/schema.org","@graph":[{"@type":"WebPage","@id":"https:\/\/betlabel.win\/ro\/","url":"https:\/\/betlabel.win\/ro\/","name":"BetLabel Cazinou \u0219i pariuri sportive | Caracteristici, bonusuri, jocuri","isPartOf":{"@id":"https:\/\/betlabel.win\/ro\/#website"},"datePublished":"2023-05-18T17:18:34+00:00","dateModified":"2025-11-12T15:27:02+00:00","description":"Descoperi\u021bi BetLabel Cazinou \u0219i pariurile sportive \u00een 2025! Bucura\u021bi-v\u0103 de o gam\u0103 larg\u0103 de pie\u021be sportive, jocuri de cazino captivante \u0219i bonusuri generoase. Descoperi\u021bi licen\u021bele noastre, caracteristicile de securitate \u0219i platforma intuitiv\u0103 pentru o experien\u021b\u0103 de pariere de top.","breadcrumb":{"@id":"https:\/\/betlabel.win\/ro\/#breadcrumb"},"inLanguage":"ro-RO","potentialAction":[{"@type":"ReadAction","target":["https:\/\/betlabel.win\/ro\/"]}]},{"@type":"BreadcrumbList","@id":"https:\/\/betlabel.win\/ro\/#breadcrumb","itemListElement":[{"@type":"ListItem","position":1,"name":"Home","item":"https:\/\/betlabel.win\/ro\/"},{"@type":"ListItem","position":2,"name":"Acas\u0103"}]},{"@type":"WebSite","@id":"https:\/\/betlabel.win\/ro\/#website","url":"https:\/\/betlabel.win\/ro\/","name":"Betlabel Win RO","description":"","potentialAction":[{"@type":"SearchAction","target":{"@type":"EntryPoint","urlTemplate":"https:\/\/betlabel.win\/ro\/?s={search_term_string}"},"query-input":{"@type":"PropertyValueSpecification","valueRequired":true,"valueName":"search_term_string"}}],"inLanguage":"ro-RO"}]}},"_links":{"self":[{"href":"https:\/\/betlabel.win\/ro\/wp-json\/wp\/v2\/pages\/2","targetHints":{"allow":["GET"]}}],"collection":[{"href":"https:\/\/betlabel.win\/ro\/wp-json\/wp\/v2\/pages"}],"about":[{"href":"https:\/\/betlabel.win\/ro\/wp-json\/wp\/v2\/types\/page"}],"author":[{"embeddable":true,"href":"https:\/\/betlabel.win\/ro\/wp-json\/wp\/v2\/users\/1"}],"replies":[{"embeddable":true,"href":"https:\/\/betlabel.win\/ro\/wp-json\/wp\/v2\/comments?post=2"}],"version-history":[{"count":9,"href":"https:\/\/betlabel.win\/ro\/wp-json\/wp\/v2\/pages\/2\/revisions"}],"predecessor-version":[{"id":453,"href":"https:\/\/betlabel.win\/ro\/wp-json\/wp\/v2\/pages\/2\/revisions\/453"}],"wp:attachment":[{"href":"https:\/\/betlabel.win\/ro\/wp-json\/wp\/v2\/media?parent=2"}],"curies":[{"name":"wp","href":"https:\/\/api.w.org\/{rel}","templated":true}]}}