{"id":299,"date":"2025-09-27T04:09:50","date_gmt":"2025-09-27T04:09:50","guid":{"rendered":"https:\/\/betlabel.win\/pt\/?page_id=299"},"modified":"2025-10-28T17:13:25","modified_gmt":"2025-10-28T17:13:25","slug":"log-in","status":"publish","type":"page","link":"https:\/\/betlabel.win\/pt\/log-in\/","title":{"rendered":"Iniciar sess\u00e3o"},"content":{"rendered":"","protected":false},"excerpt":{"rendered":"","protected":false},"author":1,"featured_media":0,"parent":0,"menu_order":0,"comment_status":"closed","ping_status":"closed","template":"","meta":{"footnotes":""},"class_list":["post-299","page","type-page","status-publish","hentry"],"yoast_head":"<!-- This site is optimized with the Yoast SEO plugin v26.3 - https:\/\/yoast.com\/wordpress\/plugins\/seo\/ -->\n<title>Autoriza\u00e7\u00e3o BetLabel: Como fazer login na sua conta<\/title>\n<meta name=\"description\" content=\"Autoriza\u00e7\u00e3o BetLabel: inicie sess\u00e3o na sua conta de forma r\u00e1pida e segura para aceder a jogos de apostas e casino no seu PC e dispositivos m\u00f3veis.\" \/>\n<meta name=\"robots\" content=\"index, follow, max-snippet:-1, max-image-preview:large, max-video-preview:-1\" \/>\n<meta property=\"og:locale\" content=\"pt_PT\" \/>\n<meta property=\"og:type\" content=\"article\" \/>\n<meta property=\"og:title\" content=\"Autoriza\u00e7\u00e3o BetLabel: Como fazer login na sua conta\" \/>\n<meta property=\"og:description\" content=\"Autoriza\u00e7\u00e3o BetLabel: inicie sess\u00e3o na sua conta de forma r\u00e1pida e segura para aceder a jogos de apostas e casino no seu PC e dispositivos m\u00f3veis.\" \/>\n<meta property=\"og:url\" content=\"https:\/\/betlabel.win\/pt\/log-in\/\" \/>\n<meta property=\"og:site_name\" content=\"Betlabel Win pt\" \/>\n<meta property=\"article:modified_time\" content=\"2025-10-28T17:13:25+00:00\" \/>\n<meta name=\"twitter:card\" content=\"summary_large_image\" \/>\n<script type=\"application\/ld+json\" class=\"yoast-schema-graph\">{\"@context\":\"https:\/\/schema.org\",\"@graph\":[{\"@type\":\"WebPage\",\"@id\":\"https:\/\/betlabel.win\/pt\/log-in\/\",\"url\":\"https:\/\/betlabel.win\/pt\/log-in\/\",\"name\":\"Autoriza\u00e7\u00e3o BetLabel: Como fazer login na sua conta\",\"isPartOf\":{\"@id\":\"https:\/\/betlabel.win\/pt\/#website\"},\"datePublished\":\"2025-09-27T04:09:50+00:00\",\"dateModified\":\"2025-10-28T17:13:25+00:00\",\"description\":\"Autoriza\u00e7\u00e3o BetLabel: inicie sess\u00e3o na sua conta de forma r\u00e1pida e segura para aceder a jogos de apostas e casino no seu PC e dispositivos m\u00f3veis.\",\"breadcrumb\":{\"@id\":\"https:\/\/betlabel.win\/pt\/log-in\/#breadcrumb\"},\"inLanguage\":\"pt-PT\",\"potentialAction\":[{\"@type\":\"ReadAction\",\"target\":[\"https:\/\/betlabel.win\/pt\/log-in\/\"]}]},{\"@type\":\"BreadcrumbList\",\"@id\":\"https:\/\/betlabel.win\/pt\/log-in\/#breadcrumb\",\"itemListElement\":[{\"@type\":\"ListItem\",\"position\":1,\"name\":\"Home\",\"item\":\"https:\/\/betlabel.win\/pt\/\"},{\"@type\":\"ListItem\",\"position\":2,\"name\":\"Iniciar sess\u00e3o\"}]},{\"@type\":\"WebSite\",\"@id\":\"https:\/\/betlabel.win\/pt\/#website\",\"url\":\"https:\/\/betlabel.win\/pt\/\",\"name\":\"Betlabel Win pt\",\"description\":\"\",\"potentialAction\":[{\"@type\":\"SearchAction\",\"target\":{\"@type\":\"EntryPoint\",\"urlTemplate\":\"https:\/\/betlabel.win\/pt\/?s={search_term_string}\"},\"query-input\":{\"@type\":\"PropertyValueSpecification\",\"valueRequired\":true,\"valueName\":\"search_term_string\"}}],\"inLanguage\":\"pt-PT\"}]}<\/script>\n<!-- \/ Yoast SEO plugin. -->","yoast_head_json":{"title":"Autoriza\u00e7\u00e3o BetLabel: Como fazer login na sua conta","description":"Autoriza\u00e7\u00e3o BetLabel: inicie sess\u00e3o na sua conta de forma r\u00e1pida e segura para aceder a jogos de apostas e casino no seu PC e dispositivos m\u00f3veis.","robots":{"index":"index","follow":"follow","max-snippet":"max-snippet:-1","max-image-preview":"max-image-preview:large","max-video-preview":"max-video-preview:-1"},"og_locale":"pt_PT","og_type":"article","og_title":"Autoriza\u00e7\u00e3o BetLabel: Como fazer login na sua conta","og_description":"Autoriza\u00e7\u00e3o BetLabel: inicie sess\u00e3o na sua conta de forma r\u00e1pida e segura para aceder a jogos de apostas e casino no seu PC e dispositivos m\u00f3veis.","og_url":"https:\/\/betlabel.win\/pt\/log-in\/","og_site_name":"Betlabel Win pt","article_modified_time":"2025-10-28T17:13:25+00:00","twitter_card":"summary_large_image","schema":{"@context":"https:\/\/schema.org","@graph":[{"@type":"WebPage","@id":"https:\/\/betlabel.win\/pt\/log-in\/","url":"https:\/\/betlabel.win\/pt\/log-in\/","name":"Autoriza\u00e7\u00e3o BetLabel: Como fazer login na sua conta","isPartOf":{"@id":"https:\/\/betlabel.win\/pt\/#website"},"datePublished":"2025-09-27T04:09:50+00:00","dateModified":"2025-10-28T17:13:25+00:00","description":"Autoriza\u00e7\u00e3o BetLabel: inicie sess\u00e3o na sua conta de forma r\u00e1pida e segura para aceder a jogos de apostas e casino no seu PC e dispositivos m\u00f3veis.","breadcrumb":{"@id":"https:\/\/betlabel.win\/pt\/log-in\/#breadcrumb"},"inLanguage":"pt-PT","potentialAction":[{"@type":"ReadAction","target":["https:\/\/betlabel.win\/pt\/log-in\/"]}]},{"@type":"BreadcrumbList","@id":"https:\/\/betlabel.win\/pt\/log-in\/#breadcrumb","itemListElement":[{"@type":"ListItem","position":1,"name":"Home","item":"https:\/\/betlabel.win\/pt\/"},{"@type":"ListItem","position":2,"name":"Iniciar sess\u00e3o"}]},{"@type":"WebSite","@id":"https:\/\/betlabel.win\/pt\/#website","url":"https:\/\/betlabel.win\/pt\/","name":"Betlabel Win pt","description":"","potentialAction":[{"@type":"SearchAction","target":{"@type":"EntryPoint","urlTemplate":"https:\/\/betlabel.win\/pt\/?s={search_term_string}"},"query-input":{"@type":"PropertyValueSpecification","valueRequired":true,"valueName":"search_term_string"}}],"inLanguage":"pt-PT"}]}},"_links":{"self":[{"href":"https:\/\/betlabel.win\/pt\/wp-json\/wp\/v2\/pages\/299","targetHints":{"allow":["GET"]}}],"collection":[{"href":"https:\/\/betlabel.win\/pt\/wp-json\/wp\/v2\/pages"}],"about":[{"href":"https:\/\/betlabel.win\/pt\/wp-json\/wp\/v2\/types\/page"}],"author":[{"embeddable":true,"href":"https:\/\/betlabel.win\/pt\/wp-json\/wp\/v2\/users\/1"}],"replies":[{"embeddable":true,"href":"https:\/\/betlabel.win\/pt\/wp-json\/wp\/v2\/comments?post=299"}],"version-history":[{"count":10,"href":"https:\/\/betlabel.win\/pt\/wp-json\/wp\/v2\/pages\/299\/revisions"}],"predecessor-version":[{"id":406,"href":"https:\/\/betlabel.win\/pt\/wp-json\/wp\/v2\/pages\/299\/revisions\/406"}],"wp:attachment":[{"href":"https:\/\/betlabel.win\/pt\/wp-json\/wp\/v2\/media?parent=299"}],"curies":[{"name":"wp","href":"https:\/\/api.w.org\/{rel}","templated":true}]}}