{"id":271,"date":"2025-09-21T05:11:00","date_gmt":"2025-09-21T05:11:00","guid":{"rendered":"https:\/\/betlabel.win\/pt\/?page_id=271"},"modified":"2025-10-28T17:08:00","modified_gmt":"2025-10-28T17:08:00","slug":"apk","status":"publish","type":"page","link":"https:\/\/betlabel.win\/pt\/apk\/","title":{"rendered":"Apk"},"content":{"rendered":"","protected":false},"excerpt":{"rendered":"","protected":false},"author":1,"featured_media":0,"parent":0,"menu_order":0,"comment_status":"closed","ping_status":"closed","template":"","meta":{"footnotes":""},"class_list":["post-271","page","type-page","status-publish","hentry"],"yoast_head":"<!-- This site is optimized with the Yoast SEO plugin v26.3 - https:\/\/yoast.com\/wordpress\/plugins\/seo\/ -->\n<title>BetLabel APK para Android | Descarregue e instale o casino m\u00f3vel<\/title>\n<meta name=\"description\" content=\"Instale o BetLabel APK no Android \u2013 um casino m\u00f3vel com uma interface intuitiva, instala\u00e7\u00e3o segura e ampla funcionalidade de jogo.\" \/>\n<meta name=\"robots\" content=\"index, follow, max-snippet:-1, max-image-preview:large, max-video-preview:-1\" \/>\n<meta property=\"og:locale\" content=\"pt_PT\" \/>\n<meta property=\"og:type\" content=\"article\" \/>\n<meta property=\"og:title\" content=\"BetLabel APK para Android | Descarregue e instale o casino m\u00f3vel\" \/>\n<meta property=\"og:description\" content=\"Instale o BetLabel APK no Android \u2013 um casino m\u00f3vel com uma interface intuitiva, instala\u00e7\u00e3o segura e ampla funcionalidade de jogo.\" \/>\n<meta property=\"og:url\" content=\"https:\/\/betlabel.win\/pt\/apk\/\" \/>\n<meta property=\"og:site_name\" content=\"Betlabel Win pt\" \/>\n<meta property=\"article:modified_time\" content=\"2025-10-28T17:08:00+00:00\" \/>\n<meta name=\"twitter:card\" content=\"summary_large_image\" \/>\n<script type=\"application\/ld+json\" class=\"yoast-schema-graph\">{\"@context\":\"https:\/\/schema.org\",\"@graph\":[{\"@type\":\"WebPage\",\"@id\":\"https:\/\/betlabel.win\/pt\/apk\/\",\"url\":\"https:\/\/betlabel.win\/pt\/apk\/\",\"name\":\"BetLabel APK para Android | Descarregue e instale o casino m\u00f3vel\",\"isPartOf\":{\"@id\":\"https:\/\/betlabel.win\/pt\/#website\"},\"datePublished\":\"2025-09-21T05:11:00+00:00\",\"dateModified\":\"2025-10-28T17:08:00+00:00\",\"description\":\"Instale o BetLabel APK no Android \u2013 um casino m\u00f3vel com uma interface intuitiva, instala\u00e7\u00e3o segura e ampla funcionalidade de jogo.\",\"breadcrumb\":{\"@id\":\"https:\/\/betlabel.win\/pt\/apk\/#breadcrumb\"},\"inLanguage\":\"pt-PT\",\"potentialAction\":[{\"@type\":\"ReadAction\",\"target\":[\"https:\/\/betlabel.win\/pt\/apk\/\"]}]},{\"@type\":\"BreadcrumbList\",\"@id\":\"https:\/\/betlabel.win\/pt\/apk\/#breadcrumb\",\"itemListElement\":[{\"@type\":\"ListItem\",\"position\":1,\"name\":\"Home\",\"item\":\"https:\/\/betlabel.win\/pt\/\"},{\"@type\":\"ListItem\",\"position\":2,\"name\":\"Apk\"}]},{\"@type\":\"WebSite\",\"@id\":\"https:\/\/betlabel.win\/pt\/#website\",\"url\":\"https:\/\/betlabel.win\/pt\/\",\"name\":\"Betlabel Win pt\",\"description\":\"\",\"potentialAction\":[{\"@type\":\"SearchAction\",\"target\":{\"@type\":\"EntryPoint\",\"urlTemplate\":\"https:\/\/betlabel.win\/pt\/?s={search_term_string}\"},\"query-input\":{\"@type\":\"PropertyValueSpecification\",\"valueRequired\":true,\"valueName\":\"search_term_string\"}}],\"inLanguage\":\"pt-PT\"}]}<\/script>\n<!-- \/ Yoast SEO plugin. -->","yoast_head_json":{"title":"BetLabel APK para Android | Descarregue e instale o casino m\u00f3vel","description":"Instale o BetLabel APK no Android \u2013 um casino m\u00f3vel com uma interface intuitiva, instala\u00e7\u00e3o segura e ampla funcionalidade de jogo.","robots":{"index":"index","follow":"follow","max-snippet":"max-snippet:-1","max-image-preview":"max-image-preview:large","max-video-preview":"max-video-preview:-1"},"og_locale":"pt_PT","og_type":"article","og_title":"BetLabel APK para Android | Descarregue e instale o casino m\u00f3vel","og_description":"Instale o BetLabel APK no Android \u2013 um casino m\u00f3vel com uma interface intuitiva, instala\u00e7\u00e3o segura e ampla funcionalidade de jogo.","og_url":"https:\/\/betlabel.win\/pt\/apk\/","og_site_name":"Betlabel Win pt","article_modified_time":"2025-10-28T17:08:00+00:00","twitter_card":"summary_large_image","schema":{"@context":"https:\/\/schema.org","@graph":[{"@type":"WebPage","@id":"https:\/\/betlabel.win\/pt\/apk\/","url":"https:\/\/betlabel.win\/pt\/apk\/","name":"BetLabel APK para Android | Descarregue e instale o casino m\u00f3vel","isPartOf":{"@id":"https:\/\/betlabel.win\/pt\/#website"},"datePublished":"2025-09-21T05:11:00+00:00","dateModified":"2025-10-28T17:08:00+00:00","description":"Instale o BetLabel APK no Android \u2013 um casino m\u00f3vel com uma interface intuitiva, instala\u00e7\u00e3o segura e ampla funcionalidade de jogo.","breadcrumb":{"@id":"https:\/\/betlabel.win\/pt\/apk\/#breadcrumb"},"inLanguage":"pt-PT","potentialAction":[{"@type":"ReadAction","target":["https:\/\/betlabel.win\/pt\/apk\/"]}]},{"@type":"BreadcrumbList","@id":"https:\/\/betlabel.win\/pt\/apk\/#breadcrumb","itemListElement":[{"@type":"ListItem","position":1,"name":"Home","item":"https:\/\/betlabel.win\/pt\/"},{"@type":"ListItem","position":2,"name":"Apk"}]},{"@type":"WebSite","@id":"https:\/\/betlabel.win\/pt\/#website","url":"https:\/\/betlabel.win\/pt\/","name":"Betlabel Win pt","description":"","potentialAction":[{"@type":"SearchAction","target":{"@type":"EntryPoint","urlTemplate":"https:\/\/betlabel.win\/pt\/?s={search_term_string}"},"query-input":{"@type":"PropertyValueSpecification","valueRequired":true,"valueName":"search_term_string"}}],"inLanguage":"pt-PT"}]}},"_links":{"self":[{"href":"https:\/\/betlabel.win\/pt\/wp-json\/wp\/v2\/pages\/271","targetHints":{"allow":["GET"]}}],"collection":[{"href":"https:\/\/betlabel.win\/pt\/wp-json\/wp\/v2\/pages"}],"about":[{"href":"https:\/\/betlabel.win\/pt\/wp-json\/wp\/v2\/types\/page"}],"author":[{"embeddable":true,"href":"https:\/\/betlabel.win\/pt\/wp-json\/wp\/v2\/users\/1"}],"replies":[{"embeddable":true,"href":"https:\/\/betlabel.win\/pt\/wp-json\/wp\/v2\/comments?post=271"}],"version-history":[{"count":10,"href":"https:\/\/betlabel.win\/pt\/wp-json\/wp\/v2\/pages\/271\/revisions"}],"predecessor-version":[{"id":384,"href":"https:\/\/betlabel.win\/pt\/wp-json\/wp\/v2\/pages\/271\/revisions\/384"}],"wp:attachment":[{"href":"https:\/\/betlabel.win\/pt\/wp-json\/wp\/v2\/media?parent=271"}],"curies":[{"name":"wp","href":"https:\/\/api.w.org\/{rel}","templated":true}]}}