{"id":238,"date":"2025-09-18T09:48:50","date_gmt":"2025-09-18T09:48:50","guid":{"rendered":"https:\/\/betlabel.win\/pt\/?page_id=238"},"modified":"2025-10-28T17:12:33","modified_gmt":"2025-10-28T17:12:33","slug":"promo-code","status":"publish","type":"page","link":"https:\/\/betlabel.win\/pt\/promo-code\/","title":{"rendered":"C\u00f3digo promocional"},"content":{"rendered":"","protected":false},"excerpt":{"rendered":"","protected":false},"author":1,"featured_media":0,"parent":0,"menu_order":0,"comment_status":"closed","ping_status":"closed","template":"","meta":{"footnotes":""},"class_list":["post-238","page","type-page","status-publish","hentry"],"yoast_head":"<!-- This site is optimized with the Yoast SEO plugin v26.3 - https:\/\/yoast.com\/wordpress\/plugins\/seo\/ -->\n<title>BetLabel C\u00f3digos promocionais | B\u00f3nus para novos jogadores<\/title>\n<meta name=\"description\" content=\"Receba b\u00f3nus exclusivos da BetLabel: c\u00f3digos promocionais secretos para jogadores novos e regulares. Promo\u00e7\u00f5es atuais e ofertas especiais esperam por si!\" \/>\n<meta name=\"robots\" content=\"index, follow, max-snippet:-1, max-image-preview:large, max-video-preview:-1\" \/>\n<meta property=\"og:locale\" content=\"pt_PT\" \/>\n<meta property=\"og:type\" content=\"article\" \/>\n<meta property=\"og:title\" content=\"BetLabel C\u00f3digos promocionais | B\u00f3nus para novos jogadores\" \/>\n<meta property=\"og:description\" content=\"Receba b\u00f3nus exclusivos da BetLabel: c\u00f3digos promocionais secretos para jogadores novos e regulares. Promo\u00e7\u00f5es atuais e ofertas especiais esperam por si!\" \/>\n<meta property=\"og:url\" content=\"https:\/\/betlabel.win\/pt\/promo-code\/\" \/>\n<meta property=\"og:site_name\" content=\"Betlabel Win pt\" \/>\n<meta property=\"article:modified_time\" content=\"2025-10-28T17:12:33+00:00\" \/>\n<meta name=\"twitter:card\" content=\"summary_large_image\" \/>\n<script type=\"application\/ld+json\" class=\"yoast-schema-graph\">{\"@context\":\"https:\/\/schema.org\",\"@graph\":[{\"@type\":\"WebPage\",\"@id\":\"https:\/\/betlabel.win\/pt\/promo-code\/\",\"url\":\"https:\/\/betlabel.win\/pt\/promo-code\/\",\"name\":\"BetLabel C\u00f3digos promocionais | B\u00f3nus para novos jogadores\",\"isPartOf\":{\"@id\":\"https:\/\/betlabel.win\/pt\/#website\"},\"datePublished\":\"2025-09-18T09:48:50+00:00\",\"dateModified\":\"2025-10-28T17:12:33+00:00\",\"description\":\"Receba b\u00f3nus exclusivos da BetLabel: c\u00f3digos promocionais secretos para jogadores novos e regulares. Promo\u00e7\u00f5es atuais e ofertas especiais esperam por si!\",\"breadcrumb\":{\"@id\":\"https:\/\/betlabel.win\/pt\/promo-code\/#breadcrumb\"},\"inLanguage\":\"pt-PT\",\"potentialAction\":[{\"@type\":\"ReadAction\",\"target\":[\"https:\/\/betlabel.win\/pt\/promo-code\/\"]}]},{\"@type\":\"BreadcrumbList\",\"@id\":\"https:\/\/betlabel.win\/pt\/promo-code\/#breadcrumb\",\"itemListElement\":[{\"@type\":\"ListItem\",\"position\":1,\"name\":\"Home\",\"item\":\"https:\/\/betlabel.win\/pt\/\"},{\"@type\":\"ListItem\",\"position\":2,\"name\":\"C\u00f3digo promocional\"}]},{\"@type\":\"WebSite\",\"@id\":\"https:\/\/betlabel.win\/pt\/#website\",\"url\":\"https:\/\/betlabel.win\/pt\/\",\"name\":\"Betlabel Win pt\",\"description\":\"\",\"potentialAction\":[{\"@type\":\"SearchAction\",\"target\":{\"@type\":\"EntryPoint\",\"urlTemplate\":\"https:\/\/betlabel.win\/pt\/?s={search_term_string}\"},\"query-input\":{\"@type\":\"PropertyValueSpecification\",\"valueRequired\":true,\"valueName\":\"search_term_string\"}}],\"inLanguage\":\"pt-PT\"}]}<\/script>\n<!-- \/ Yoast SEO plugin. -->","yoast_head_json":{"title":"BetLabel C\u00f3digos promocionais | B\u00f3nus para novos jogadores","description":"Receba b\u00f3nus exclusivos da BetLabel: c\u00f3digos promocionais secretos para jogadores novos e regulares. Promo\u00e7\u00f5es atuais e ofertas especiais esperam por si!","robots":{"index":"index","follow":"follow","max-snippet":"max-snippet:-1","max-image-preview":"max-image-preview:large","max-video-preview":"max-video-preview:-1"},"og_locale":"pt_PT","og_type":"article","og_title":"BetLabel C\u00f3digos promocionais | B\u00f3nus para novos jogadores","og_description":"Receba b\u00f3nus exclusivos da BetLabel: c\u00f3digos promocionais secretos para jogadores novos e regulares. Promo\u00e7\u00f5es atuais e ofertas especiais esperam por si!","og_url":"https:\/\/betlabel.win\/pt\/promo-code\/","og_site_name":"Betlabel Win pt","article_modified_time":"2025-10-28T17:12:33+00:00","twitter_card":"summary_large_image","schema":{"@context":"https:\/\/schema.org","@graph":[{"@type":"WebPage","@id":"https:\/\/betlabel.win\/pt\/promo-code\/","url":"https:\/\/betlabel.win\/pt\/promo-code\/","name":"BetLabel C\u00f3digos promocionais | B\u00f3nus para novos jogadores","isPartOf":{"@id":"https:\/\/betlabel.win\/pt\/#website"},"datePublished":"2025-09-18T09:48:50+00:00","dateModified":"2025-10-28T17:12:33+00:00","description":"Receba b\u00f3nus exclusivos da BetLabel: c\u00f3digos promocionais secretos para jogadores novos e regulares. Promo\u00e7\u00f5es atuais e ofertas especiais esperam por si!","breadcrumb":{"@id":"https:\/\/betlabel.win\/pt\/promo-code\/#breadcrumb"},"inLanguage":"pt-PT","potentialAction":[{"@type":"ReadAction","target":["https:\/\/betlabel.win\/pt\/promo-code\/"]}]},{"@type":"BreadcrumbList","@id":"https:\/\/betlabel.win\/pt\/promo-code\/#breadcrumb","itemListElement":[{"@type":"ListItem","position":1,"name":"Home","item":"https:\/\/betlabel.win\/pt\/"},{"@type":"ListItem","position":2,"name":"C\u00f3digo promocional"}]},{"@type":"WebSite","@id":"https:\/\/betlabel.win\/pt\/#website","url":"https:\/\/betlabel.win\/pt\/","name":"Betlabel Win pt","description":"","potentialAction":[{"@type":"SearchAction","target":{"@type":"EntryPoint","urlTemplate":"https:\/\/betlabel.win\/pt\/?s={search_term_string}"},"query-input":{"@type":"PropertyValueSpecification","valueRequired":true,"valueName":"search_term_string"}}],"inLanguage":"pt-PT"}]}},"_links":{"self":[{"href":"https:\/\/betlabel.win\/pt\/wp-json\/wp\/v2\/pages\/238","targetHints":{"allow":["GET"]}}],"collection":[{"href":"https:\/\/betlabel.win\/pt\/wp-json\/wp\/v2\/pages"}],"about":[{"href":"https:\/\/betlabel.win\/pt\/wp-json\/wp\/v2\/types\/page"}],"author":[{"embeddable":true,"href":"https:\/\/betlabel.win\/pt\/wp-json\/wp\/v2\/users\/1"}],"replies":[{"embeddable":true,"href":"https:\/\/betlabel.win\/pt\/wp-json\/wp\/v2\/comments?post=238"}],"version-history":[{"count":12,"href":"https:\/\/betlabel.win\/pt\/wp-json\/wp\/v2\/pages\/238\/revisions"}],"predecessor-version":[{"id":418,"href":"https:\/\/betlabel.win\/pt\/wp-json\/wp\/v2\/pages\/238\/revisions\/418"}],"wp:attachment":[{"href":"https:\/\/betlabel.win\/pt\/wp-json\/wp\/v2\/media?parent=238"}],"curies":[{"name":"wp","href":"https:\/\/api.w.org\/{rel}","templated":true}]}}