{"id":2,"date":"2023-05-18T17:18:34","date_gmt":"2023-05-18T17:18:34","guid":{"rendered":"https:\/\/betlabel.win\/pt\/?page_id=2"},"modified":"2025-11-12T15:26:37","modified_gmt":"2025-11-12T15:26:37","slug":"sample-page","status":"publish","type":"page","link":"https:\/\/betlabel.win\/pt\/","title":{"rendered":"In\u00edcio"},"content":{"rendered":"","protected":false},"excerpt":{"rendered":"","protected":false},"author":1,"featured_media":0,"parent":0,"menu_order":0,"comment_status":"closed","ping_status":"open","template":"","meta":{"footnotes":""},"class_list":["post-2","page","type-page","status-publish","hentry"],"yoast_head":"<!-- This site is optimized with the Yoast SEO plugin v26.3 - https:\/\/yoast.com\/wordpress\/plugins\/seo\/ -->\n<title>BetLabel Casino &amp; Apostas Desportivas | Fun\u00e7\u00f5es, b\u00f3nus, jogos<\/title>\n<meta name=\"description\" content=\"Descubra o BetLabel Casino e as apostas desportivas em 2025! Desfrute de um vasto mercado desportivo, jogos de casino emocionantes e b\u00f3nus generosos. Saiba mais sobre as nossas licen\u00e7as, funcionalidades de seguran\u00e7a e plataforma intuitiva para uma experi\u00eancia de apostas premium.\" \/>\n<meta name=\"robots\" content=\"index, follow, max-snippet:-1, max-image-preview:large, max-video-preview:-1\" \/>\n<meta property=\"og:locale\" content=\"pt_PT\" \/>\n<meta property=\"og:type\" content=\"article\" \/>\n<meta property=\"og:title\" content=\"BetLabel Casino &amp; Apostas Desportivas | Fun\u00e7\u00f5es, b\u00f3nus, jogos\" \/>\n<meta property=\"og:description\" content=\"Descubra o BetLabel Casino e as apostas desportivas em 2025! Desfrute de um vasto mercado desportivo, jogos de casino emocionantes e b\u00f3nus generosos. Saiba mais sobre as nossas licen\u00e7as, funcionalidades de seguran\u00e7a e plataforma intuitiva para uma experi\u00eancia de apostas premium.\" \/>\n<meta property=\"og:url\" content=\"https:\/\/betlabel.win\/pt\/\" \/>\n<meta property=\"og:site_name\" content=\"Betlabel Win pt\" \/>\n<meta property=\"article:modified_time\" content=\"2025-11-12T15:26:37+00:00\" \/>\n<meta name=\"twitter:card\" content=\"summary_large_image\" \/>\n<script type=\"application\/ld+json\" class=\"yoast-schema-graph\">{\"@context\":\"https:\/\/schema.org\",\"@graph\":[{\"@type\":\"WebPage\",\"@id\":\"https:\/\/betlabel.win\/pt\/\",\"url\":\"https:\/\/betlabel.win\/pt\/\",\"name\":\"BetLabel Casino & Apostas Desportivas | Fun\u00e7\u00f5es, b\u00f3nus, jogos\",\"isPartOf\":{\"@id\":\"https:\/\/betlabel.win\/pt\/#website\"},\"datePublished\":\"2023-05-18T17:18:34+00:00\",\"dateModified\":\"2025-11-12T15:26:37+00:00\",\"description\":\"Descubra o BetLabel Casino e as apostas desportivas em 2025! Desfrute de um vasto mercado desportivo, jogos de casino emocionantes e b\u00f3nus generosos. Saiba mais sobre as nossas licen\u00e7as, funcionalidades de seguran\u00e7a e plataforma intuitiva para uma experi\u00eancia de apostas premium.\",\"breadcrumb\":{\"@id\":\"https:\/\/betlabel.win\/pt\/#breadcrumb\"},\"inLanguage\":\"pt-PT\",\"potentialAction\":[{\"@type\":\"ReadAction\",\"target\":[\"https:\/\/betlabel.win\/pt\/\"]}]},{\"@type\":\"BreadcrumbList\",\"@id\":\"https:\/\/betlabel.win\/pt\/#breadcrumb\",\"itemListElement\":[{\"@type\":\"ListItem\",\"position\":1,\"name\":\"Home\",\"item\":\"https:\/\/betlabel.win\/pt\/\"},{\"@type\":\"ListItem\",\"position\":2,\"name\":\"In\u00edcio\"}]},{\"@type\":\"WebSite\",\"@id\":\"https:\/\/betlabel.win\/pt\/#website\",\"url\":\"https:\/\/betlabel.win\/pt\/\",\"name\":\"Betlabel Win pt\",\"description\":\"\",\"potentialAction\":[{\"@type\":\"SearchAction\",\"target\":{\"@type\":\"EntryPoint\",\"urlTemplate\":\"https:\/\/betlabel.win\/pt\/?s={search_term_string}\"},\"query-input\":{\"@type\":\"PropertyValueSpecification\",\"valueRequired\":true,\"valueName\":\"search_term_string\"}}],\"inLanguage\":\"pt-PT\"}]}<\/script>\n<!-- \/ Yoast SEO plugin. -->","yoast_head_json":{"title":"BetLabel Casino & Apostas Desportivas | Fun\u00e7\u00f5es, b\u00f3nus, jogos","description":"Descubra o BetLabel Casino e as apostas desportivas em 2025! Desfrute de um vasto mercado desportivo, jogos de casino emocionantes e b\u00f3nus generosos. Saiba mais sobre as nossas licen\u00e7as, funcionalidades de seguran\u00e7a e plataforma intuitiva para uma experi\u00eancia de apostas premium.","robots":{"index":"index","follow":"follow","max-snippet":"max-snippet:-1","max-image-preview":"max-image-preview:large","max-video-preview":"max-video-preview:-1"},"og_locale":"pt_PT","og_type":"article","og_title":"BetLabel Casino & Apostas Desportivas | Fun\u00e7\u00f5es, b\u00f3nus, jogos","og_description":"Descubra o BetLabel Casino e as apostas desportivas em 2025! Desfrute de um vasto mercado desportivo, jogos de casino emocionantes e b\u00f3nus generosos. Saiba mais sobre as nossas licen\u00e7as, funcionalidades de seguran\u00e7a e plataforma intuitiva para uma experi\u00eancia de apostas premium.","og_url":"https:\/\/betlabel.win\/pt\/","og_site_name":"Betlabel Win pt","article_modified_time":"2025-11-12T15:26:37+00:00","twitter_card":"summary_large_image","schema":{"@context":"https:\/\/schema.org","@graph":[{"@type":"WebPage","@id":"https:\/\/betlabel.win\/pt\/","url":"https:\/\/betlabel.win\/pt\/","name":"BetLabel Casino & Apostas Desportivas | Fun\u00e7\u00f5es, b\u00f3nus, jogos","isPartOf":{"@id":"https:\/\/betlabel.win\/pt\/#website"},"datePublished":"2023-05-18T17:18:34+00:00","dateModified":"2025-11-12T15:26:37+00:00","description":"Descubra o BetLabel Casino e as apostas desportivas em 2025! Desfrute de um vasto mercado desportivo, jogos de casino emocionantes e b\u00f3nus generosos. Saiba mais sobre as nossas licen\u00e7as, funcionalidades de seguran\u00e7a e plataforma intuitiva para uma experi\u00eancia de apostas premium.","breadcrumb":{"@id":"https:\/\/betlabel.win\/pt\/#breadcrumb"},"inLanguage":"pt-PT","potentialAction":[{"@type":"ReadAction","target":["https:\/\/betlabel.win\/pt\/"]}]},{"@type":"BreadcrumbList","@id":"https:\/\/betlabel.win\/pt\/#breadcrumb","itemListElement":[{"@type":"ListItem","position":1,"name":"Home","item":"https:\/\/betlabel.win\/pt\/"},{"@type":"ListItem","position":2,"name":"In\u00edcio"}]},{"@type":"WebSite","@id":"https:\/\/betlabel.win\/pt\/#website","url":"https:\/\/betlabel.win\/pt\/","name":"Betlabel Win pt","description":"","potentialAction":[{"@type":"SearchAction","target":{"@type":"EntryPoint","urlTemplate":"https:\/\/betlabel.win\/pt\/?s={search_term_string}"},"query-input":{"@type":"PropertyValueSpecification","valueRequired":true,"valueName":"search_term_string"}}],"inLanguage":"pt-PT"}]}},"_links":{"self":[{"href":"https:\/\/betlabel.win\/pt\/wp-json\/wp\/v2\/pages\/2","targetHints":{"allow":["GET"]}}],"collection":[{"href":"https:\/\/betlabel.win\/pt\/wp-json\/wp\/v2\/pages"}],"about":[{"href":"https:\/\/betlabel.win\/pt\/wp-json\/wp\/v2\/types\/page"}],"author":[{"embeddable":true,"href":"https:\/\/betlabel.win\/pt\/wp-json\/wp\/v2\/users\/1"}],"replies":[{"embeddable":true,"href":"https:\/\/betlabel.win\/pt\/wp-json\/wp\/v2\/comments?post=2"}],"version-history":[{"count":6,"href":"https:\/\/betlabel.win\/pt\/wp-json\/wp\/v2\/pages\/2\/revisions"}],"predecessor-version":[{"id":433,"href":"https:\/\/betlabel.win\/pt\/wp-json\/wp\/v2\/pages\/2\/revisions\/433"}],"wp:attachment":[{"href":"https:\/\/betlabel.win\/pt\/wp-json\/wp\/v2\/media?parent=2"}],"curies":[{"name":"wp","href":"https:\/\/api.w.org\/{rel}","templated":true}]}}