{"id":299,"date":"2025-09-27T04:09:50","date_gmt":"2025-09-27T04:09:50","guid":{"rendered":"https:\/\/betlabel.win\/pl\/?page_id=299"},"modified":"2025-11-15T16:21:22","modified_gmt":"2025-11-15T16:21:22","slug":"log-in","status":"publish","type":"page","link":"https:\/\/betlabel.win\/pl\/log-in\/","title":{"rendered":"Logowanie"},"content":{"rendered":"","protected":false},"excerpt":{"rendered":"","protected":false},"author":1,"featured_media":0,"parent":0,"menu_order":0,"comment_status":"closed","ping_status":"closed","template":"","meta":{"footnotes":""},"class_list":["post-299","page","type-page","status-publish","hentry"],"yoast_head":"<!-- This site is optimized with the Yoast SEO plugin v26.3 - https:\/\/yoast.com\/wordpress\/plugins\/seo\/ -->\n<title>Autoryzacja BetLabel: Jak uzyska\u0107 dost\u0119p do swojego konta<\/title>\n<meta name=\"description\" content=\"Autoryzacja BetLabel: szybki i bezpieczny dost\u0119p do konta, aby gra\u0107 w zak\u0142ady bukmacherskie i gry kasynowe na komputerze i urz\u0105dzeniach mobilnych.\" \/>\n<meta name=\"robots\" content=\"index, follow, max-snippet:-1, max-image-preview:large, max-video-preview:-1\" \/>\n<meta property=\"og:locale\" content=\"pl_PL\" \/>\n<meta property=\"og:type\" content=\"article\" \/>\n<meta property=\"og:title\" content=\"Autoryzacja BetLabel: Jak uzyska\u0107 dost\u0119p do swojego konta\" \/>\n<meta property=\"og:description\" content=\"Autoryzacja BetLabel: szybki i bezpieczny dost\u0119p do konta, aby gra\u0107 w zak\u0142ady bukmacherskie i gry kasynowe na komputerze i urz\u0105dzeniach mobilnych.\" \/>\n<meta property=\"og:url\" content=\"https:\/\/betlabel.win\/pl\/log-in\/\" \/>\n<meta property=\"og:site_name\" content=\"Betlabel Win pl\" \/>\n<meta property=\"article:modified_time\" content=\"2025-11-15T16:21:22+00:00\" \/>\n<meta name=\"twitter:card\" content=\"summary_large_image\" \/>\n<script type=\"application\/ld+json\" class=\"yoast-schema-graph\">{\"@context\":\"https:\/\/schema.org\",\"@graph\":[{\"@type\":\"WebPage\",\"@id\":\"https:\/\/betlabel.win\/pl\/log-in\/\",\"url\":\"https:\/\/betlabel.win\/pl\/log-in\/\",\"name\":\"Autoryzacja BetLabel: Jak uzyska\u0107 dost\u0119p do swojego konta\",\"isPartOf\":{\"@id\":\"https:\/\/betlabel.win\/pl\/#website\"},\"datePublished\":\"2025-09-27T04:09:50+00:00\",\"dateModified\":\"2025-11-15T16:21:22+00:00\",\"description\":\"Autoryzacja BetLabel: szybki i bezpieczny dost\u0119p do konta, aby gra\u0107 w zak\u0142ady bukmacherskie i gry kasynowe na komputerze i urz\u0105dzeniach mobilnych.\",\"breadcrumb\":{\"@id\":\"https:\/\/betlabel.win\/pl\/log-in\/#breadcrumb\"},\"inLanguage\":\"pl-PL\",\"potentialAction\":[{\"@type\":\"ReadAction\",\"target\":[\"https:\/\/betlabel.win\/pl\/log-in\/\"]}]},{\"@type\":\"BreadcrumbList\",\"@id\":\"https:\/\/betlabel.win\/pl\/log-in\/#breadcrumb\",\"itemListElement\":[{\"@type\":\"ListItem\",\"position\":1,\"name\":\"Home\",\"item\":\"https:\/\/betlabel.win\/pl\/\"},{\"@type\":\"ListItem\",\"position\":2,\"name\":\"Logowanie\"}]},{\"@type\":\"WebSite\",\"@id\":\"https:\/\/betlabel.win\/pl\/#website\",\"url\":\"https:\/\/betlabel.win\/pl\/\",\"name\":\"Betlabel Win pl\",\"description\":\"\",\"potentialAction\":[{\"@type\":\"SearchAction\",\"target\":{\"@type\":\"EntryPoint\",\"urlTemplate\":\"https:\/\/betlabel.win\/pl\/?s={search_term_string}\"},\"query-input\":{\"@type\":\"PropertyValueSpecification\",\"valueRequired\":true,\"valueName\":\"search_term_string\"}}],\"inLanguage\":\"pl-PL\"}]}<\/script>\n<!-- \/ Yoast SEO plugin. -->","yoast_head_json":{"title":"Autoryzacja BetLabel: Jak uzyska\u0107 dost\u0119p do swojego konta","description":"Autoryzacja BetLabel: szybki i bezpieczny dost\u0119p do konta, aby gra\u0107 w zak\u0142ady bukmacherskie i gry kasynowe na komputerze i urz\u0105dzeniach mobilnych.","robots":{"index":"index","follow":"follow","max-snippet":"max-snippet:-1","max-image-preview":"max-image-preview:large","max-video-preview":"max-video-preview:-1"},"og_locale":"pl_PL","og_type":"article","og_title":"Autoryzacja BetLabel: Jak uzyska\u0107 dost\u0119p do swojego konta","og_description":"Autoryzacja BetLabel: szybki i bezpieczny dost\u0119p do konta, aby gra\u0107 w zak\u0142ady bukmacherskie i gry kasynowe na komputerze i urz\u0105dzeniach mobilnych.","og_url":"https:\/\/betlabel.win\/pl\/log-in\/","og_site_name":"Betlabel Win pl","article_modified_time":"2025-11-15T16:21:22+00:00","twitter_card":"summary_large_image","schema":{"@context":"https:\/\/schema.org","@graph":[{"@type":"WebPage","@id":"https:\/\/betlabel.win\/pl\/log-in\/","url":"https:\/\/betlabel.win\/pl\/log-in\/","name":"Autoryzacja BetLabel: Jak uzyska\u0107 dost\u0119p do swojego konta","isPartOf":{"@id":"https:\/\/betlabel.win\/pl\/#website"},"datePublished":"2025-09-27T04:09:50+00:00","dateModified":"2025-11-15T16:21:22+00:00","description":"Autoryzacja BetLabel: szybki i bezpieczny dost\u0119p do konta, aby gra\u0107 w zak\u0142ady bukmacherskie i gry kasynowe na komputerze i urz\u0105dzeniach mobilnych.","breadcrumb":{"@id":"https:\/\/betlabel.win\/pl\/log-in\/#breadcrumb"},"inLanguage":"pl-PL","potentialAction":[{"@type":"ReadAction","target":["https:\/\/betlabel.win\/pl\/log-in\/"]}]},{"@type":"BreadcrumbList","@id":"https:\/\/betlabel.win\/pl\/log-in\/#breadcrumb","itemListElement":[{"@type":"ListItem","position":1,"name":"Home","item":"https:\/\/betlabel.win\/pl\/"},{"@type":"ListItem","position":2,"name":"Logowanie"}]},{"@type":"WebSite","@id":"https:\/\/betlabel.win\/pl\/#website","url":"https:\/\/betlabel.win\/pl\/","name":"Betlabel Win pl","description":"","potentialAction":[{"@type":"SearchAction","target":{"@type":"EntryPoint","urlTemplate":"https:\/\/betlabel.win\/pl\/?s={search_term_string}"},"query-input":{"@type":"PropertyValueSpecification","valueRequired":true,"valueName":"search_term_string"}}],"inLanguage":"pl-PL"}]}},"_links":{"self":[{"href":"https:\/\/betlabel.win\/pl\/wp-json\/wp\/v2\/pages\/299","targetHints":{"allow":["GET"]}}],"collection":[{"href":"https:\/\/betlabel.win\/pl\/wp-json\/wp\/v2\/pages"}],"about":[{"href":"https:\/\/betlabel.win\/pl\/wp-json\/wp\/v2\/types\/page"}],"author":[{"embeddable":true,"href":"https:\/\/betlabel.win\/pl\/wp-json\/wp\/v2\/users\/1"}],"replies":[{"embeddable":true,"href":"https:\/\/betlabel.win\/pl\/wp-json\/wp\/v2\/comments?post=299"}],"version-history":[{"count":13,"href":"https:\/\/betlabel.win\/pl\/wp-json\/wp\/v2\/pages\/299\/revisions"}],"predecessor-version":[{"id":429,"href":"https:\/\/betlabel.win\/pl\/wp-json\/wp\/v2\/pages\/299\/revisions\/429"}],"wp:attachment":[{"href":"https:\/\/betlabel.win\/pl\/wp-json\/wp\/v2\/media?parent=299"}],"curies":[{"name":"wp","href":"https:\/\/api.w.org\/{rel}","templated":true}]}}