{"id":287,"date":"2025-09-26T16:52:57","date_gmt":"2025-09-26T16:52:57","guid":{"rendered":"https:\/\/betlabel.win\/pl\/?page_id=287"},"modified":"2025-10-22T16:26:34","modified_gmt":"2025-10-22T16:26:34","slug":"registration","status":"publish","type":"page","link":"https:\/\/betlabel.win\/pl\/registration\/","title":{"rendered":"Rejestracja"},"content":{"rendered":"","protected":false},"excerpt":{"rendered":"","protected":false},"author":1,"featured_media":0,"parent":0,"menu_order":0,"comment_status":"closed","ping_status":"closed","template":"","meta":{"footnotes":""},"class_list":["post-287","page","type-page","status-publish","hentry"],"yoast_head":"<!-- This site is optimized with the Yoast SEO plugin v26.3 - https:\/\/yoast.com\/wordpress\/plugins\/seo\/ -->\n<title>Rejestracja w BetLabel: zacznij obstawia\u0107 zak\u0142ady i gra\u0107 w kasynie<\/title>\n<meta name=\"description\" content=\"Zarejestruj si\u0119 w BetLabel: za\u0142\u00f3\u017c konto w minut\u0119 i uzyskaj dost\u0119p do zak\u0142ad\u00f3w bukmacherskich i gier kasynowych. Prosta procedura bez zb\u0119dnych formalno\u015bci.\" \/>\n<meta name=\"robots\" content=\"index, follow, max-snippet:-1, max-image-preview:large, max-video-preview:-1\" \/>\n<meta property=\"og:locale\" content=\"pl_PL\" \/>\n<meta property=\"og:type\" content=\"article\" \/>\n<meta property=\"og:title\" content=\"Rejestracja w BetLabel: zacznij obstawia\u0107 zak\u0142ady i gra\u0107 w kasynie\" \/>\n<meta property=\"og:description\" content=\"Zarejestruj si\u0119 w BetLabel: za\u0142\u00f3\u017c konto w minut\u0119 i uzyskaj dost\u0119p do zak\u0142ad\u00f3w bukmacherskich i gier kasynowych. Prosta procedura bez zb\u0119dnych formalno\u015bci.\" \/>\n<meta property=\"og:url\" content=\"https:\/\/betlabel.win\/pl\/registration\/\" \/>\n<meta property=\"og:site_name\" content=\"Betlabel Win pl\" \/>\n<meta property=\"article:modified_time\" content=\"2025-10-22T16:26:34+00:00\" \/>\n<meta name=\"twitter:card\" content=\"summary_large_image\" \/>\n<script type=\"application\/ld+json\" class=\"yoast-schema-graph\">{\"@context\":\"https:\/\/schema.org\",\"@graph\":[{\"@type\":\"WebPage\",\"@id\":\"https:\/\/betlabel.win\/pl\/registration\/\",\"url\":\"https:\/\/betlabel.win\/pl\/registration\/\",\"name\":\"Rejestracja w BetLabel: zacznij obstawia\u0107 zak\u0142ady i gra\u0107 w kasynie\",\"isPartOf\":{\"@id\":\"https:\/\/betlabel.win\/pl\/#website\"},\"datePublished\":\"2025-09-26T16:52:57+00:00\",\"dateModified\":\"2025-10-22T16:26:34+00:00\",\"description\":\"Zarejestruj si\u0119 w BetLabel: za\u0142\u00f3\u017c konto w minut\u0119 i uzyskaj dost\u0119p do zak\u0142ad\u00f3w bukmacherskich i gier kasynowych. Prosta procedura bez zb\u0119dnych formalno\u015bci.\",\"breadcrumb\":{\"@id\":\"https:\/\/betlabel.win\/pl\/registration\/#breadcrumb\"},\"inLanguage\":\"pl-PL\",\"potentialAction\":[{\"@type\":\"ReadAction\",\"target\":[\"https:\/\/betlabel.win\/pl\/registration\/\"]}]},{\"@type\":\"BreadcrumbList\",\"@id\":\"https:\/\/betlabel.win\/pl\/registration\/#breadcrumb\",\"itemListElement\":[{\"@type\":\"ListItem\",\"position\":1,\"name\":\"Home\",\"item\":\"https:\/\/betlabel.win\/pl\/\"},{\"@type\":\"ListItem\",\"position\":2,\"name\":\"Rejestracja\"}]},{\"@type\":\"WebSite\",\"@id\":\"https:\/\/betlabel.win\/pl\/#website\",\"url\":\"https:\/\/betlabel.win\/pl\/\",\"name\":\"Betlabel Win pl\",\"description\":\"\",\"potentialAction\":[{\"@type\":\"SearchAction\",\"target\":{\"@type\":\"EntryPoint\",\"urlTemplate\":\"https:\/\/betlabel.win\/pl\/?s={search_term_string}\"},\"query-input\":{\"@type\":\"PropertyValueSpecification\",\"valueRequired\":true,\"valueName\":\"search_term_string\"}}],\"inLanguage\":\"pl-PL\"}]}<\/script>\n<!-- \/ Yoast SEO plugin. -->","yoast_head_json":{"title":"Rejestracja w BetLabel: zacznij obstawia\u0107 zak\u0142ady i gra\u0107 w kasynie","description":"Zarejestruj si\u0119 w BetLabel: za\u0142\u00f3\u017c konto w minut\u0119 i uzyskaj dost\u0119p do zak\u0142ad\u00f3w bukmacherskich i gier kasynowych. Prosta procedura bez zb\u0119dnych formalno\u015bci.","robots":{"index":"index","follow":"follow","max-snippet":"max-snippet:-1","max-image-preview":"max-image-preview:large","max-video-preview":"max-video-preview:-1"},"og_locale":"pl_PL","og_type":"article","og_title":"Rejestracja w BetLabel: zacznij obstawia\u0107 zak\u0142ady i gra\u0107 w kasynie","og_description":"Zarejestruj si\u0119 w BetLabel: za\u0142\u00f3\u017c konto w minut\u0119 i uzyskaj dost\u0119p do zak\u0142ad\u00f3w bukmacherskich i gier kasynowych. Prosta procedura bez zb\u0119dnych formalno\u015bci.","og_url":"https:\/\/betlabel.win\/pl\/registration\/","og_site_name":"Betlabel Win pl","article_modified_time":"2025-10-22T16:26:34+00:00","twitter_card":"summary_large_image","schema":{"@context":"https:\/\/schema.org","@graph":[{"@type":"WebPage","@id":"https:\/\/betlabel.win\/pl\/registration\/","url":"https:\/\/betlabel.win\/pl\/registration\/","name":"Rejestracja w BetLabel: zacznij obstawia\u0107 zak\u0142ady i gra\u0107 w kasynie","isPartOf":{"@id":"https:\/\/betlabel.win\/pl\/#website"},"datePublished":"2025-09-26T16:52:57+00:00","dateModified":"2025-10-22T16:26:34+00:00","description":"Zarejestruj si\u0119 w BetLabel: za\u0142\u00f3\u017c konto w minut\u0119 i uzyskaj dost\u0119p do zak\u0142ad\u00f3w bukmacherskich i gier kasynowych. Prosta procedura bez zb\u0119dnych formalno\u015bci.","breadcrumb":{"@id":"https:\/\/betlabel.win\/pl\/registration\/#breadcrumb"},"inLanguage":"pl-PL","potentialAction":[{"@type":"ReadAction","target":["https:\/\/betlabel.win\/pl\/registration\/"]}]},{"@type":"BreadcrumbList","@id":"https:\/\/betlabel.win\/pl\/registration\/#breadcrumb","itemListElement":[{"@type":"ListItem","position":1,"name":"Home","item":"https:\/\/betlabel.win\/pl\/"},{"@type":"ListItem","position":2,"name":"Rejestracja"}]},{"@type":"WebSite","@id":"https:\/\/betlabel.win\/pl\/#website","url":"https:\/\/betlabel.win\/pl\/","name":"Betlabel Win pl","description":"","potentialAction":[{"@type":"SearchAction","target":{"@type":"EntryPoint","urlTemplate":"https:\/\/betlabel.win\/pl\/?s={search_term_string}"},"query-input":{"@type":"PropertyValueSpecification","valueRequired":true,"valueName":"search_term_string"}}],"inLanguage":"pl-PL"}]}},"_links":{"self":[{"href":"https:\/\/betlabel.win\/pl\/wp-json\/wp\/v2\/pages\/287","targetHints":{"allow":["GET"]}}],"collection":[{"href":"https:\/\/betlabel.win\/pl\/wp-json\/wp\/v2\/pages"}],"about":[{"href":"https:\/\/betlabel.win\/pl\/wp-json\/wp\/v2\/types\/page"}],"author":[{"embeddable":true,"href":"https:\/\/betlabel.win\/pl\/wp-json\/wp\/v2\/users\/1"}],"replies":[{"embeddable":true,"href":"https:\/\/betlabel.win\/pl\/wp-json\/wp\/v2\/comments?post=287"}],"version-history":[{"count":9,"href":"https:\/\/betlabel.win\/pl\/wp-json\/wp\/v2\/pages\/287\/revisions"}],"predecessor-version":[{"id":431,"href":"https:\/\/betlabel.win\/pl\/wp-json\/wp\/v2\/pages\/287\/revisions\/431"}],"wp:attachment":[{"href":"https:\/\/betlabel.win\/pl\/wp-json\/wp\/v2\/media?parent=287"}],"curies":[{"name":"wp","href":"https:\/\/api.w.org\/{rel}","templated":true}]}}