{"id":188,"date":"2025-08-27T11:41:08","date_gmt":"2025-08-27T11:41:08","guid":{"rendered":"https:\/\/betlabel.win\/pl\/?page_id=188"},"modified":"2025-10-22T13:43:43","modified_gmt":"2025-10-22T13:43:43","slug":"casino","status":"publish","type":"page","link":"https:\/\/betlabel.win\/pl\/casino\/","title":{"rendered":"Casino"},"content":{"rendered":"","protected":false},"excerpt":{"rendered":"","protected":false},"author":1,"featured_media":0,"parent":0,"menu_order":0,"comment_status":"closed","ping_status":"closed","template":"","meta":{"footnotes":""},"class_list":["post-188","page","type-page","status-publish","hentry"],"yoast_head":"<!-- This site is optimized with the Yoast SEO plugin v26.3 - https:\/\/yoast.com\/wordpress\/plugins\/seo\/ -->\n<title>Betlabel Casino | Zalety, bonusy i popularne gry<\/title>\n<meta name=\"description\" content=\"Odkryj Betlabel Casino: hojne bonusy, szeroki wyb\u00f3r gier i niezawodno\u015b\u0107. Graj w automaty, gry sto\u0142owe i gry kasynowe na \u017cywo, korzystaj\u0105c z doskona\u0142ej obs\u0142ugi!\" \/>\n<meta name=\"robots\" content=\"index, follow, max-snippet:-1, max-image-preview:large, max-video-preview:-1\" \/>\n<meta property=\"og:locale\" content=\"pl_PL\" \/>\n<meta property=\"og:type\" content=\"article\" \/>\n<meta property=\"og:title\" content=\"Betlabel Casino | Zalety, bonusy i popularne gry\" \/>\n<meta property=\"og:description\" content=\"Odkryj Betlabel Casino: hojne bonusy, szeroki wyb\u00f3r gier i niezawodno\u015b\u0107. Graj w automaty, gry sto\u0142owe i gry kasynowe na \u017cywo, korzystaj\u0105c z doskona\u0142ej obs\u0142ugi!\" \/>\n<meta property=\"og:url\" content=\"https:\/\/betlabel.win\/pl\/casino\/\" \/>\n<meta property=\"og:site_name\" content=\"Betlabel Win pl\" \/>\n<meta property=\"article:modified_time\" content=\"2025-10-22T13:43:43+00:00\" \/>\n<meta name=\"twitter:card\" content=\"summary_large_image\" \/>\n<script type=\"application\/ld+json\" class=\"yoast-schema-graph\">{\"@context\":\"https:\/\/schema.org\",\"@graph\":[{\"@type\":\"WebPage\",\"@id\":\"https:\/\/betlabel.win\/pl\/casino\/\",\"url\":\"https:\/\/betlabel.win\/pl\/casino\/\",\"name\":\"Betlabel Casino | Zalety, bonusy i popularne gry\",\"isPartOf\":{\"@id\":\"https:\/\/betlabel.win\/pl\/#website\"},\"datePublished\":\"2025-08-27T11:41:08+00:00\",\"dateModified\":\"2025-10-22T13:43:43+00:00\",\"description\":\"Odkryj Betlabel Casino: hojne bonusy, szeroki wyb\u00f3r gier i niezawodno\u015b\u0107. Graj w automaty, gry sto\u0142owe i gry kasynowe na \u017cywo, korzystaj\u0105c z doskona\u0142ej obs\u0142ugi!\",\"breadcrumb\":{\"@id\":\"https:\/\/betlabel.win\/pl\/casino\/#breadcrumb\"},\"inLanguage\":\"pl-PL\",\"potentialAction\":[{\"@type\":\"ReadAction\",\"target\":[\"https:\/\/betlabel.win\/pl\/casino\/\"]}]},{\"@type\":\"BreadcrumbList\",\"@id\":\"https:\/\/betlabel.win\/pl\/casino\/#breadcrumb\",\"itemListElement\":[{\"@type\":\"ListItem\",\"position\":1,\"name\":\"Home\",\"item\":\"https:\/\/betlabel.win\/pl\/\"},{\"@type\":\"ListItem\",\"position\":2,\"name\":\"Casino\"}]},{\"@type\":\"WebSite\",\"@id\":\"https:\/\/betlabel.win\/pl\/#website\",\"url\":\"https:\/\/betlabel.win\/pl\/\",\"name\":\"Betlabel Win pl\",\"description\":\"\",\"potentialAction\":[{\"@type\":\"SearchAction\",\"target\":{\"@type\":\"EntryPoint\",\"urlTemplate\":\"https:\/\/betlabel.win\/pl\/?s={search_term_string}\"},\"query-input\":{\"@type\":\"PropertyValueSpecification\",\"valueRequired\":true,\"valueName\":\"search_term_string\"}}],\"inLanguage\":\"pl-PL\"}]}<\/script>\n<!-- \/ Yoast SEO plugin. -->","yoast_head_json":{"title":"Betlabel Casino | Zalety, bonusy i popularne gry","description":"Odkryj Betlabel Casino: hojne bonusy, szeroki wyb\u00f3r gier i niezawodno\u015b\u0107. Graj w automaty, gry sto\u0142owe i gry kasynowe na \u017cywo, korzystaj\u0105c z doskona\u0142ej obs\u0142ugi!","robots":{"index":"index","follow":"follow","max-snippet":"max-snippet:-1","max-image-preview":"max-image-preview:large","max-video-preview":"max-video-preview:-1"},"og_locale":"pl_PL","og_type":"article","og_title":"Betlabel Casino | Zalety, bonusy i popularne gry","og_description":"Odkryj Betlabel Casino: hojne bonusy, szeroki wyb\u00f3r gier i niezawodno\u015b\u0107. Graj w automaty, gry sto\u0142owe i gry kasynowe na \u017cywo, korzystaj\u0105c z doskona\u0142ej obs\u0142ugi!","og_url":"https:\/\/betlabel.win\/pl\/casino\/","og_site_name":"Betlabel Win pl","article_modified_time":"2025-10-22T13:43:43+00:00","twitter_card":"summary_large_image","schema":{"@context":"https:\/\/schema.org","@graph":[{"@type":"WebPage","@id":"https:\/\/betlabel.win\/pl\/casino\/","url":"https:\/\/betlabel.win\/pl\/casino\/","name":"Betlabel Casino | Zalety, bonusy i popularne gry","isPartOf":{"@id":"https:\/\/betlabel.win\/pl\/#website"},"datePublished":"2025-08-27T11:41:08+00:00","dateModified":"2025-10-22T13:43:43+00:00","description":"Odkryj Betlabel Casino: hojne bonusy, szeroki wyb\u00f3r gier i niezawodno\u015b\u0107. Graj w automaty, gry sto\u0142owe i gry kasynowe na \u017cywo, korzystaj\u0105c z doskona\u0142ej obs\u0142ugi!","breadcrumb":{"@id":"https:\/\/betlabel.win\/pl\/casino\/#breadcrumb"},"inLanguage":"pl-PL","potentialAction":[{"@type":"ReadAction","target":["https:\/\/betlabel.win\/pl\/casino\/"]}]},{"@type":"BreadcrumbList","@id":"https:\/\/betlabel.win\/pl\/casino\/#breadcrumb","itemListElement":[{"@type":"ListItem","position":1,"name":"Home","item":"https:\/\/betlabel.win\/pl\/"},{"@type":"ListItem","position":2,"name":"Casino"}]},{"@type":"WebSite","@id":"https:\/\/betlabel.win\/pl\/#website","url":"https:\/\/betlabel.win\/pl\/","name":"Betlabel Win pl","description":"","potentialAction":[{"@type":"SearchAction","target":{"@type":"EntryPoint","urlTemplate":"https:\/\/betlabel.win\/pl\/?s={search_term_string}"},"query-input":{"@type":"PropertyValueSpecification","valueRequired":true,"valueName":"search_term_string"}}],"inLanguage":"pl-PL"}]}},"_links":{"self":[{"href":"https:\/\/betlabel.win\/pl\/wp-json\/wp\/v2\/pages\/188","targetHints":{"allow":["GET"]}}],"collection":[{"href":"https:\/\/betlabel.win\/pl\/wp-json\/wp\/v2\/pages"}],"about":[{"href":"https:\/\/betlabel.win\/pl\/wp-json\/wp\/v2\/types\/page"}],"author":[{"embeddable":true,"href":"https:\/\/betlabel.win\/pl\/wp-json\/wp\/v2\/users\/1"}],"replies":[{"embeddable":true,"href":"https:\/\/betlabel.win\/pl\/wp-json\/wp\/v2\/comments?post=188"}],"version-history":[{"count":10,"href":"https:\/\/betlabel.win\/pl\/wp-json\/wp\/v2\/pages\/188\/revisions"}],"predecessor-version":[{"id":426,"href":"https:\/\/betlabel.win\/pl\/wp-json\/wp\/v2\/pages\/188\/revisions\/426"}],"wp:attachment":[{"href":"https:\/\/betlabel.win\/pl\/wp-json\/wp\/v2\/media?parent=188"}],"curies":[{"name":"wp","href":"https:\/\/api.w.org\/{rel}","templated":true}]}}