{"id":299,"date":"2025-09-27T04:09:50","date_gmt":"2025-09-27T04:09:50","guid":{"rendered":"https:\/\/betlabel.win\/lv\/?page_id=299"},"modified":"2025-12-11T10:12:04","modified_gmt":"2025-12-11T10:12:04","slug":"log-in","status":"publish","type":"page","link":"https:\/\/betlabel.win\/lv\/log-in\/","title":{"rendered":"Piesl\u0113gties"},"content":{"rendered":"","protected":false},"excerpt":{"rendered":"","protected":false},"author":1,"featured_media":0,"parent":0,"menu_order":0,"comment_status":"closed","ping_status":"closed","template":"","meta":{"footnotes":""},"class_list":["post-299","page","type-page","status-publish","hentry"],"yoast_head":"<!-- This site is optimized with the Yoast SEO plugin v26.3 - https:\/\/yoast.com\/wordpress\/plugins\/seo\/ -->\n<title>BetLabel pieteik\u0161an\u0101s \ud83d\udd11 Piek\u013c\u016bstiet savam kontam<\/title>\n<meta name=\"description\" content=\"BetLabel autoriz\u0101cija \u2714\ufe0f \u0101tri un dro\u0161i piek\u013c\u016bstiet savam kontam, lai sp\u0113l\u0113tu der\u012bbas un kazino sp\u0113les sav\u0101 dator\u0101 un mobilaj\u0101s ier\u012bc\u0113s.\" \/>\n<meta name=\"robots\" content=\"index, follow, max-snippet:-1, max-image-preview:large, max-video-preview:-1\" \/>\n<meta property=\"og:locale\" content=\"lv_LV\" \/>\n<meta property=\"og:type\" content=\"article\" \/>\n<meta property=\"og:title\" content=\"BetLabel pieteik\u0161an\u0101s \ud83d\udd11 Piek\u013c\u016bstiet savam kontam\" \/>\n<meta property=\"og:description\" content=\"BetLabel autoriz\u0101cija \u2714\ufe0f \u0101tri un dro\u0161i piek\u013c\u016bstiet savam kontam, lai sp\u0113l\u0113tu der\u012bbas un kazino sp\u0113les sav\u0101 dator\u0101 un mobilaj\u0101s ier\u012bc\u0113s.\" \/>\n<meta property=\"og:url\" content=\"https:\/\/betlabel.win\/lv\/log-in\/\" \/>\n<meta property=\"og:site_name\" content=\"Betlabel Win LV\" \/>\n<meta property=\"article:modified_time\" content=\"2025-12-11T10:12:04+00:00\" \/>\n<meta name=\"twitter:card\" content=\"summary_large_image\" \/>\n<script type=\"application\/ld+json\" class=\"yoast-schema-graph\">{\"@context\":\"https:\/\/schema.org\",\"@graph\":[{\"@type\":\"WebPage\",\"@id\":\"https:\/\/betlabel.win\/lv\/log-in\/\",\"url\":\"https:\/\/betlabel.win\/lv\/log-in\/\",\"name\":\"BetLabel pieteik\u0161an\u0101s \ud83d\udd11 Piek\u013c\u016bstiet savam kontam\",\"isPartOf\":{\"@id\":\"https:\/\/betlabel.win\/lv\/#website\"},\"datePublished\":\"2025-09-27T04:09:50+00:00\",\"dateModified\":\"2025-12-11T10:12:04+00:00\",\"description\":\"BetLabel autoriz\u0101cija \u2714\ufe0f \u0101tri un dro\u0161i piek\u013c\u016bstiet savam kontam, lai sp\u0113l\u0113tu der\u012bbas un kazino sp\u0113les sav\u0101 dator\u0101 un mobilaj\u0101s ier\u012bc\u0113s.\",\"breadcrumb\":{\"@id\":\"https:\/\/betlabel.win\/lv\/log-in\/#breadcrumb\"},\"inLanguage\":\"lv-LV\",\"potentialAction\":[{\"@type\":\"ReadAction\",\"target\":[\"https:\/\/betlabel.win\/lv\/log-in\/\"]}]},{\"@type\":\"BreadcrumbList\",\"@id\":\"https:\/\/betlabel.win\/lv\/log-in\/#breadcrumb\",\"itemListElement\":[{\"@type\":\"ListItem\",\"position\":1,\"name\":\"Home\",\"item\":\"https:\/\/betlabel.win\/lv\/\"},{\"@type\":\"ListItem\",\"position\":2,\"name\":\"Piesl\u0113gties\"}]},{\"@type\":\"WebSite\",\"@id\":\"https:\/\/betlabel.win\/lv\/#website\",\"url\":\"https:\/\/betlabel.win\/lv\/\",\"name\":\"Betlabel Win LV\",\"description\":\"\",\"potentialAction\":[{\"@type\":\"SearchAction\",\"target\":{\"@type\":\"EntryPoint\",\"urlTemplate\":\"https:\/\/betlabel.win\/lv\/?s={search_term_string}\"},\"query-input\":{\"@type\":\"PropertyValueSpecification\",\"valueRequired\":true,\"valueName\":\"search_term_string\"}}],\"inLanguage\":\"lv-LV\"}]}<\/script>\n<!-- \/ Yoast SEO plugin. -->","yoast_head_json":{"title":"BetLabel pieteik\u0161an\u0101s \ud83d\udd11 Piek\u013c\u016bstiet savam kontam","description":"BetLabel autoriz\u0101cija \u2714\ufe0f \u0101tri un dro\u0161i piek\u013c\u016bstiet savam kontam, lai sp\u0113l\u0113tu der\u012bbas un kazino sp\u0113les sav\u0101 dator\u0101 un mobilaj\u0101s ier\u012bc\u0113s.","robots":{"index":"index","follow":"follow","max-snippet":"max-snippet:-1","max-image-preview":"max-image-preview:large","max-video-preview":"max-video-preview:-1"},"og_locale":"lv_LV","og_type":"article","og_title":"BetLabel pieteik\u0161an\u0101s \ud83d\udd11 Piek\u013c\u016bstiet savam kontam","og_description":"BetLabel autoriz\u0101cija \u2714\ufe0f \u0101tri un dro\u0161i piek\u013c\u016bstiet savam kontam, lai sp\u0113l\u0113tu der\u012bbas un kazino sp\u0113les sav\u0101 dator\u0101 un mobilaj\u0101s ier\u012bc\u0113s.","og_url":"https:\/\/betlabel.win\/lv\/log-in\/","og_site_name":"Betlabel Win LV","article_modified_time":"2025-12-11T10:12:04+00:00","twitter_card":"summary_large_image","schema":{"@context":"https:\/\/schema.org","@graph":[{"@type":"WebPage","@id":"https:\/\/betlabel.win\/lv\/log-in\/","url":"https:\/\/betlabel.win\/lv\/log-in\/","name":"BetLabel pieteik\u0161an\u0101s \ud83d\udd11 Piek\u013c\u016bstiet savam kontam","isPartOf":{"@id":"https:\/\/betlabel.win\/lv\/#website"},"datePublished":"2025-09-27T04:09:50+00:00","dateModified":"2025-12-11T10:12:04+00:00","description":"BetLabel autoriz\u0101cija \u2714\ufe0f \u0101tri un dro\u0161i piek\u013c\u016bstiet savam kontam, lai sp\u0113l\u0113tu der\u012bbas un kazino sp\u0113les sav\u0101 dator\u0101 un mobilaj\u0101s ier\u012bc\u0113s.","breadcrumb":{"@id":"https:\/\/betlabel.win\/lv\/log-in\/#breadcrumb"},"inLanguage":"lv-LV","potentialAction":[{"@type":"ReadAction","target":["https:\/\/betlabel.win\/lv\/log-in\/"]}]},{"@type":"BreadcrumbList","@id":"https:\/\/betlabel.win\/lv\/log-in\/#breadcrumb","itemListElement":[{"@type":"ListItem","position":1,"name":"Home","item":"https:\/\/betlabel.win\/lv\/"},{"@type":"ListItem","position":2,"name":"Piesl\u0113gties"}]},{"@type":"WebSite","@id":"https:\/\/betlabel.win\/lv\/#website","url":"https:\/\/betlabel.win\/lv\/","name":"Betlabel Win LV","description":"","potentialAction":[{"@type":"SearchAction","target":{"@type":"EntryPoint","urlTemplate":"https:\/\/betlabel.win\/lv\/?s={search_term_string}"},"query-input":{"@type":"PropertyValueSpecification","valueRequired":true,"valueName":"search_term_string"}}],"inLanguage":"lv-LV"}]}},"_links":{"self":[{"href":"https:\/\/betlabel.win\/lv\/wp-json\/wp\/v2\/pages\/299","targetHints":{"allow":["GET"]}}],"collection":[{"href":"https:\/\/betlabel.win\/lv\/wp-json\/wp\/v2\/pages"}],"about":[{"href":"https:\/\/betlabel.win\/lv\/wp-json\/wp\/v2\/types\/page"}],"author":[{"embeddable":true,"href":"https:\/\/betlabel.win\/lv\/wp-json\/wp\/v2\/users\/1"}],"replies":[{"embeddable":true,"href":"https:\/\/betlabel.win\/lv\/wp-json\/wp\/v2\/comments?post=299"}],"version-history":[{"count":14,"href":"https:\/\/betlabel.win\/lv\/wp-json\/wp\/v2\/pages\/299\/revisions"}],"predecessor-version":[{"id":578,"href":"https:\/\/betlabel.win\/lv\/wp-json\/wp\/v2\/pages\/299\/revisions\/578"}],"wp:attachment":[{"href":"https:\/\/betlabel.win\/lv\/wp-json\/wp\/v2\/media?parent=299"}],"curies":[{"name":"wp","href":"https:\/\/api.w.org\/{rel}","templated":true}]}}