{"id":271,"date":"2025-09-21T05:11:00","date_gmt":"2025-09-21T05:11:00","guid":{"rendered":"https:\/\/betlabel.win\/lv\/?page_id=271"},"modified":"2025-12-10T11:11:31","modified_gmt":"2025-12-10T11:11:31","slug":"apk","status":"publish","type":"page","link":"https:\/\/betlabel.win\/lv\/apk\/","title":{"rendered":"Apk"},"content":{"rendered":"","protected":false},"excerpt":{"rendered":"","protected":false},"author":1,"featured_media":0,"parent":0,"menu_order":0,"comment_status":"closed","ping_status":"closed","template":"","meta":{"footnotes":""},"class_list":["post-271","page","type-page","status-publish","hentry"],"yoast_head":"<!-- This site is optimized with the Yoast SEO plugin v26.3 - https:\/\/yoast.com\/wordpress\/plugins\/seo\/ -->\n<title>BetLabel APK priek\u0161 Android \ud83d\udcf1 Lejupiel\u0101d\u0113jiet mobilo kazino<\/title>\n<meta name=\"description\" content=\"Instal\u0113jiet BetLabel APK Android ier\u012bc\u0113 \ud83d\udcf1mobilais kazino ar intuit\u012bvu interfeisu, dro\u0161u instal\u0113\u0161anu un piln\u012bgu sp\u0113\u013cu funkcionalit\u0101ti.\" \/>\n<meta name=\"robots\" content=\"index, follow, max-snippet:-1, max-image-preview:large, max-video-preview:-1\" \/>\n<meta property=\"og:locale\" content=\"lv_LV\" \/>\n<meta property=\"og:type\" content=\"article\" \/>\n<meta property=\"og:title\" content=\"BetLabel APK priek\u0161 Android \ud83d\udcf1 Lejupiel\u0101d\u0113jiet mobilo kazino\" \/>\n<meta property=\"og:description\" content=\"Instal\u0113jiet BetLabel APK Android ier\u012bc\u0113 \ud83d\udcf1mobilais kazino ar intuit\u012bvu interfeisu, dro\u0161u instal\u0113\u0161anu un piln\u012bgu sp\u0113\u013cu funkcionalit\u0101ti.\" \/>\n<meta property=\"og:url\" content=\"https:\/\/betlabel.win\/lv\/apk\/\" \/>\n<meta property=\"og:site_name\" content=\"Betlabel Win LV\" \/>\n<meta property=\"article:modified_time\" content=\"2025-12-10T11:11:31+00:00\" \/>\n<meta name=\"twitter:card\" content=\"summary_large_image\" \/>\n<script type=\"application\/ld+json\" class=\"yoast-schema-graph\">{\"@context\":\"https:\/\/schema.org\",\"@graph\":[{\"@type\":\"WebPage\",\"@id\":\"https:\/\/betlabel.win\/lv\/apk\/\",\"url\":\"https:\/\/betlabel.win\/lv\/apk\/\",\"name\":\"BetLabel APK priek\u0161 Android \ud83d\udcf1 Lejupiel\u0101d\u0113jiet mobilo kazino\",\"isPartOf\":{\"@id\":\"https:\/\/betlabel.win\/lv\/#website\"},\"datePublished\":\"2025-09-21T05:11:00+00:00\",\"dateModified\":\"2025-12-10T11:11:31+00:00\",\"description\":\"Instal\u0113jiet BetLabel APK Android ier\u012bc\u0113 \ud83d\udcf1mobilais kazino ar intuit\u012bvu interfeisu, dro\u0161u instal\u0113\u0161anu un piln\u012bgu sp\u0113\u013cu funkcionalit\u0101ti.\",\"breadcrumb\":{\"@id\":\"https:\/\/betlabel.win\/lv\/apk\/#breadcrumb\"},\"inLanguage\":\"lv-LV\",\"potentialAction\":[{\"@type\":\"ReadAction\",\"target\":[\"https:\/\/betlabel.win\/lv\/apk\/\"]}]},{\"@type\":\"BreadcrumbList\",\"@id\":\"https:\/\/betlabel.win\/lv\/apk\/#breadcrumb\",\"itemListElement\":[{\"@type\":\"ListItem\",\"position\":1,\"name\":\"Home\",\"item\":\"https:\/\/betlabel.win\/lv\/\"},{\"@type\":\"ListItem\",\"position\":2,\"name\":\"Apk\"}]},{\"@type\":\"WebSite\",\"@id\":\"https:\/\/betlabel.win\/lv\/#website\",\"url\":\"https:\/\/betlabel.win\/lv\/\",\"name\":\"Betlabel Win LV\",\"description\":\"\",\"potentialAction\":[{\"@type\":\"SearchAction\",\"target\":{\"@type\":\"EntryPoint\",\"urlTemplate\":\"https:\/\/betlabel.win\/lv\/?s={search_term_string}\"},\"query-input\":{\"@type\":\"PropertyValueSpecification\",\"valueRequired\":true,\"valueName\":\"search_term_string\"}}],\"inLanguage\":\"lv-LV\"}]}<\/script>\n<!-- \/ Yoast SEO plugin. -->","yoast_head_json":{"title":"BetLabel APK priek\u0161 Android \ud83d\udcf1 Lejupiel\u0101d\u0113jiet mobilo kazino","description":"Instal\u0113jiet BetLabel APK Android ier\u012bc\u0113 \ud83d\udcf1mobilais kazino ar intuit\u012bvu interfeisu, dro\u0161u instal\u0113\u0161anu un piln\u012bgu sp\u0113\u013cu funkcionalit\u0101ti.","robots":{"index":"index","follow":"follow","max-snippet":"max-snippet:-1","max-image-preview":"max-image-preview:large","max-video-preview":"max-video-preview:-1"},"og_locale":"lv_LV","og_type":"article","og_title":"BetLabel APK priek\u0161 Android \ud83d\udcf1 Lejupiel\u0101d\u0113jiet mobilo kazino","og_description":"Instal\u0113jiet BetLabel APK Android ier\u012bc\u0113 \ud83d\udcf1mobilais kazino ar intuit\u012bvu interfeisu, dro\u0161u instal\u0113\u0161anu un piln\u012bgu sp\u0113\u013cu funkcionalit\u0101ti.","og_url":"https:\/\/betlabel.win\/lv\/apk\/","og_site_name":"Betlabel Win LV","article_modified_time":"2025-12-10T11:11:31+00:00","twitter_card":"summary_large_image","schema":{"@context":"https:\/\/schema.org","@graph":[{"@type":"WebPage","@id":"https:\/\/betlabel.win\/lv\/apk\/","url":"https:\/\/betlabel.win\/lv\/apk\/","name":"BetLabel APK priek\u0161 Android \ud83d\udcf1 Lejupiel\u0101d\u0113jiet mobilo kazino","isPartOf":{"@id":"https:\/\/betlabel.win\/lv\/#website"},"datePublished":"2025-09-21T05:11:00+00:00","dateModified":"2025-12-10T11:11:31+00:00","description":"Instal\u0113jiet BetLabel APK Android ier\u012bc\u0113 \ud83d\udcf1mobilais kazino ar intuit\u012bvu interfeisu, dro\u0161u instal\u0113\u0161anu un piln\u012bgu sp\u0113\u013cu funkcionalit\u0101ti.","breadcrumb":{"@id":"https:\/\/betlabel.win\/lv\/apk\/#breadcrumb"},"inLanguage":"lv-LV","potentialAction":[{"@type":"ReadAction","target":["https:\/\/betlabel.win\/lv\/apk\/"]}]},{"@type":"BreadcrumbList","@id":"https:\/\/betlabel.win\/lv\/apk\/#breadcrumb","itemListElement":[{"@type":"ListItem","position":1,"name":"Home","item":"https:\/\/betlabel.win\/lv\/"},{"@type":"ListItem","position":2,"name":"Apk"}]},{"@type":"WebSite","@id":"https:\/\/betlabel.win\/lv\/#website","url":"https:\/\/betlabel.win\/lv\/","name":"Betlabel Win LV","description":"","potentialAction":[{"@type":"SearchAction","target":{"@type":"EntryPoint","urlTemplate":"https:\/\/betlabel.win\/lv\/?s={search_term_string}"},"query-input":{"@type":"PropertyValueSpecification","valueRequired":true,"valueName":"search_term_string"}}],"inLanguage":"lv-LV"}]}},"_links":{"self":[{"href":"https:\/\/betlabel.win\/lv\/wp-json\/wp\/v2\/pages\/271","targetHints":{"allow":["GET"]}}],"collection":[{"href":"https:\/\/betlabel.win\/lv\/wp-json\/wp\/v2\/pages"}],"about":[{"href":"https:\/\/betlabel.win\/lv\/wp-json\/wp\/v2\/types\/page"}],"author":[{"embeddable":true,"href":"https:\/\/betlabel.win\/lv\/wp-json\/wp\/v2\/users\/1"}],"replies":[{"embeddable":true,"href":"https:\/\/betlabel.win\/lv\/wp-json\/wp\/v2\/comments?post=271"}],"version-history":[{"count":14,"href":"https:\/\/betlabel.win\/lv\/wp-json\/wp\/v2\/pages\/271\/revisions"}],"predecessor-version":[{"id":569,"href":"https:\/\/betlabel.win\/lv\/wp-json\/wp\/v2\/pages\/271\/revisions\/569"}],"wp:attachment":[{"href":"https:\/\/betlabel.win\/lv\/wp-json\/wp\/v2\/media?parent=271"}],"curies":[{"name":"wp","href":"https:\/\/api.w.org\/{rel}","templated":true}]}}