{"id":238,"date":"2025-09-18T09:48:50","date_gmt":"2025-09-18T09:48:50","guid":{"rendered":"https:\/\/betlabel.win\/lv\/?page_id=238"},"modified":"2025-12-11T14:26:33","modified_gmt":"2025-12-11T14:26:33","slug":"promo-code","status":"publish","type":"page","link":"https:\/\/betlabel.win\/lv\/promo-code\/","title":{"rendered":"Promo kods"},"content":{"rendered":"","protected":false},"excerpt":{"rendered":"","protected":false},"author":1,"featured_media":0,"parent":0,"menu_order":0,"comment_status":"closed","ping_status":"closed","template":"","meta":{"footnotes":""},"class_list":["post-238","page","type-page","status-publish","hentry"],"yoast_head":"<!-- This site is optimized with the Yoast SEO plugin v26.3 - https:\/\/yoast.com\/wordpress\/plugins\/seo\/ -->\n<title>BetLabel rekl\u0101mas kodi \ud83c\udf81 Bonusi sp\u0113l\u0113t\u0101jiem<\/title>\n<meta name=\"description\" content=\"Sa\u0146emiet ekskluz\u012bvus BetLabel bonusus \u2705 slepenus rekl\u0101mas kodus jauniem un past\u0101v\u012bgiem sp\u0113l\u0113t\u0101jiem. J\u016bs gaida aktu\u0101las akcijas un \u012bpa\u0161i pied\u0101v\u0101jumi!\" \/>\n<meta name=\"robots\" content=\"index, follow, max-snippet:-1, max-image-preview:large, max-video-preview:-1\" \/>\n<meta property=\"og:locale\" content=\"lv_LV\" \/>\n<meta property=\"og:type\" content=\"article\" \/>\n<meta property=\"og:title\" content=\"BetLabel rekl\u0101mas kodi \ud83c\udf81 Bonusi sp\u0113l\u0113t\u0101jiem\" \/>\n<meta property=\"og:description\" content=\"Sa\u0146emiet ekskluz\u012bvus BetLabel bonusus \u2705 slepenus rekl\u0101mas kodus jauniem un past\u0101v\u012bgiem sp\u0113l\u0113t\u0101jiem. J\u016bs gaida aktu\u0101las akcijas un \u012bpa\u0161i pied\u0101v\u0101jumi!\" \/>\n<meta property=\"og:url\" content=\"https:\/\/betlabel.win\/lv\/promo-code\/\" \/>\n<meta property=\"og:site_name\" content=\"Betlabel Win LV\" \/>\n<meta property=\"article:modified_time\" content=\"2025-12-11T14:26:33+00:00\" \/>\n<meta name=\"twitter:card\" content=\"summary_large_image\" \/>\n<script type=\"application\/ld+json\" class=\"yoast-schema-graph\">{\"@context\":\"https:\/\/schema.org\",\"@graph\":[{\"@type\":\"WebPage\",\"@id\":\"https:\/\/betlabel.win\/lv\/promo-code\/\",\"url\":\"https:\/\/betlabel.win\/lv\/promo-code\/\",\"name\":\"BetLabel rekl\u0101mas kodi \ud83c\udf81 Bonusi sp\u0113l\u0113t\u0101jiem\",\"isPartOf\":{\"@id\":\"https:\/\/betlabel.win\/lv\/#website\"},\"datePublished\":\"2025-09-18T09:48:50+00:00\",\"dateModified\":\"2025-12-11T14:26:33+00:00\",\"description\":\"Sa\u0146emiet ekskluz\u012bvus BetLabel bonusus \u2705 slepenus rekl\u0101mas kodus jauniem un past\u0101v\u012bgiem sp\u0113l\u0113t\u0101jiem. J\u016bs gaida aktu\u0101las akcijas un \u012bpa\u0161i pied\u0101v\u0101jumi!\",\"breadcrumb\":{\"@id\":\"https:\/\/betlabel.win\/lv\/promo-code\/#breadcrumb\"},\"inLanguage\":\"lv-LV\",\"potentialAction\":[{\"@type\":\"ReadAction\",\"target\":[\"https:\/\/betlabel.win\/lv\/promo-code\/\"]}]},{\"@type\":\"BreadcrumbList\",\"@id\":\"https:\/\/betlabel.win\/lv\/promo-code\/#breadcrumb\",\"itemListElement\":[{\"@type\":\"ListItem\",\"position\":1,\"name\":\"Home\",\"item\":\"https:\/\/betlabel.win\/lv\/\"},{\"@type\":\"ListItem\",\"position\":2,\"name\":\"Promo kods\"}]},{\"@type\":\"WebSite\",\"@id\":\"https:\/\/betlabel.win\/lv\/#website\",\"url\":\"https:\/\/betlabel.win\/lv\/\",\"name\":\"Betlabel Win LV\",\"description\":\"\",\"potentialAction\":[{\"@type\":\"SearchAction\",\"target\":{\"@type\":\"EntryPoint\",\"urlTemplate\":\"https:\/\/betlabel.win\/lv\/?s={search_term_string}\"},\"query-input\":{\"@type\":\"PropertyValueSpecification\",\"valueRequired\":true,\"valueName\":\"search_term_string\"}}],\"inLanguage\":\"lv-LV\"}]}<\/script>\n<!-- \/ Yoast SEO plugin. -->","yoast_head_json":{"title":"BetLabel rekl\u0101mas kodi \ud83c\udf81 Bonusi sp\u0113l\u0113t\u0101jiem","description":"Sa\u0146emiet ekskluz\u012bvus BetLabel bonusus \u2705 slepenus rekl\u0101mas kodus jauniem un past\u0101v\u012bgiem sp\u0113l\u0113t\u0101jiem. J\u016bs gaida aktu\u0101las akcijas un \u012bpa\u0161i pied\u0101v\u0101jumi!","robots":{"index":"index","follow":"follow","max-snippet":"max-snippet:-1","max-image-preview":"max-image-preview:large","max-video-preview":"max-video-preview:-1"},"og_locale":"lv_LV","og_type":"article","og_title":"BetLabel rekl\u0101mas kodi \ud83c\udf81 Bonusi sp\u0113l\u0113t\u0101jiem","og_description":"Sa\u0146emiet ekskluz\u012bvus BetLabel bonusus \u2705 slepenus rekl\u0101mas kodus jauniem un past\u0101v\u012bgiem sp\u0113l\u0113t\u0101jiem. J\u016bs gaida aktu\u0101las akcijas un \u012bpa\u0161i pied\u0101v\u0101jumi!","og_url":"https:\/\/betlabel.win\/lv\/promo-code\/","og_site_name":"Betlabel Win LV","article_modified_time":"2025-12-11T14:26:33+00:00","twitter_card":"summary_large_image","schema":{"@context":"https:\/\/schema.org","@graph":[{"@type":"WebPage","@id":"https:\/\/betlabel.win\/lv\/promo-code\/","url":"https:\/\/betlabel.win\/lv\/promo-code\/","name":"BetLabel rekl\u0101mas kodi \ud83c\udf81 Bonusi sp\u0113l\u0113t\u0101jiem","isPartOf":{"@id":"https:\/\/betlabel.win\/lv\/#website"},"datePublished":"2025-09-18T09:48:50+00:00","dateModified":"2025-12-11T14:26:33+00:00","description":"Sa\u0146emiet ekskluz\u012bvus BetLabel bonusus \u2705 slepenus rekl\u0101mas kodus jauniem un past\u0101v\u012bgiem sp\u0113l\u0113t\u0101jiem. J\u016bs gaida aktu\u0101las akcijas un \u012bpa\u0161i pied\u0101v\u0101jumi!","breadcrumb":{"@id":"https:\/\/betlabel.win\/lv\/promo-code\/#breadcrumb"},"inLanguage":"lv-LV","potentialAction":[{"@type":"ReadAction","target":["https:\/\/betlabel.win\/lv\/promo-code\/"]}]},{"@type":"BreadcrumbList","@id":"https:\/\/betlabel.win\/lv\/promo-code\/#breadcrumb","itemListElement":[{"@type":"ListItem","position":1,"name":"Home","item":"https:\/\/betlabel.win\/lv\/"},{"@type":"ListItem","position":2,"name":"Promo kods"}]},{"@type":"WebSite","@id":"https:\/\/betlabel.win\/lv\/#website","url":"https:\/\/betlabel.win\/lv\/","name":"Betlabel Win LV","description":"","potentialAction":[{"@type":"SearchAction","target":{"@type":"EntryPoint","urlTemplate":"https:\/\/betlabel.win\/lv\/?s={search_term_string}"},"query-input":{"@type":"PropertyValueSpecification","valueRequired":true,"valueName":"search_term_string"}}],"inLanguage":"lv-LV"}]}},"_links":{"self":[{"href":"https:\/\/betlabel.win\/lv\/wp-json\/wp\/v2\/pages\/238","targetHints":{"allow":["GET"]}}],"collection":[{"href":"https:\/\/betlabel.win\/lv\/wp-json\/wp\/v2\/pages"}],"about":[{"href":"https:\/\/betlabel.win\/lv\/wp-json\/wp\/v2\/types\/page"}],"author":[{"embeddable":true,"href":"https:\/\/betlabel.win\/lv\/wp-json\/wp\/v2\/users\/1"}],"replies":[{"embeddable":true,"href":"https:\/\/betlabel.win\/lv\/wp-json\/wp\/v2\/comments?post=238"}],"version-history":[{"count":17,"href":"https:\/\/betlabel.win\/lv\/wp-json\/wp\/v2\/pages\/238\/revisions"}],"predecessor-version":[{"id":584,"href":"https:\/\/betlabel.win\/lv\/wp-json\/wp\/v2\/pages\/238\/revisions\/584"}],"wp:attachment":[{"href":"https:\/\/betlabel.win\/lv\/wp-json\/wp\/v2\/media?parent=238"}],"curies":[{"name":"wp","href":"https:\/\/api.w.org\/{rel}","templated":true}]}}