{"id":205,"date":"2025-08-28T06:12:32","date_gmt":"2025-08-28T06:12:32","guid":{"rendered":"https:\/\/betlabel.win\/lv\/?page_id=205"},"modified":"2025-12-10T11:35:46","modified_gmt":"2025-12-10T11:35:46","slug":"bonus","status":"publish","type":"page","link":"https:\/\/betlabel.win\/lv\/bonus\/","title":{"rendered":"Bonuss"},"content":{"rendered":"","protected":false},"excerpt":{"rendered":"","protected":false},"author":1,"featured_media":0,"parent":0,"menu_order":0,"comment_status":"closed","ping_status":"closed","template":"","meta":{"footnotes":""},"class_list":["post-205","page","type-page","status-publish","hentry"],"yoast_head":"<!-- This site is optimized with the Yoast SEO plugin v26.3 - https:\/\/yoast.com\/wordpress\/plugins\/seo\/ -->\n<title>BetLabel Bonuss \ud83c\udf89 D\u0101sni pied\u0101v\u0101jumi, rekl\u0101mas kodi un balvas<\/title>\n<meta name=\"description\" content=\"Lab\u0101kie Betlabel bonusi jaunajiem un eso\u0161ajiem sp\u0113l\u0113t\u0101jiem. Sa\u0146emiet l\u012bdz pat 1500 EUR un 150 bezmaksas griezienus. Atkl\u0101jiet ekskluz\u012bvus pied\u0101v\u0101jumus un akcijas, lai maksim\u0101li palielin\u0101tu savus laimestus!\" \/>\n<meta name=\"robots\" content=\"index, follow, max-snippet:-1, max-image-preview:large, max-video-preview:-1\" \/>\n<meta property=\"og:locale\" content=\"lv_LV\" \/>\n<meta property=\"og:type\" content=\"article\" \/>\n<meta property=\"og:title\" content=\"BetLabel Bonuss \ud83c\udf89 D\u0101sni pied\u0101v\u0101jumi, rekl\u0101mas kodi un balvas\" \/>\n<meta property=\"og:description\" content=\"Lab\u0101kie Betlabel bonusi jaunajiem un eso\u0161ajiem sp\u0113l\u0113t\u0101jiem. Sa\u0146emiet l\u012bdz pat 1500 EUR un 150 bezmaksas griezienus. Atkl\u0101jiet ekskluz\u012bvus pied\u0101v\u0101jumus un akcijas, lai maksim\u0101li palielin\u0101tu savus laimestus!\" \/>\n<meta property=\"og:url\" content=\"https:\/\/betlabel.win\/lv\/bonus\/\" \/>\n<meta property=\"og:site_name\" content=\"Betlabel Win LV\" \/>\n<meta property=\"article:modified_time\" content=\"2025-12-10T11:35:46+00:00\" \/>\n<meta name=\"twitter:card\" content=\"summary_large_image\" \/>\n<script type=\"application\/ld+json\" class=\"yoast-schema-graph\">{\"@context\":\"https:\/\/schema.org\",\"@graph\":[{\"@type\":\"WebPage\",\"@id\":\"https:\/\/betlabel.win\/lv\/bonus\/\",\"url\":\"https:\/\/betlabel.win\/lv\/bonus\/\",\"name\":\"BetLabel Bonuss \ud83c\udf89 D\u0101sni pied\u0101v\u0101jumi, rekl\u0101mas kodi un balvas\",\"isPartOf\":{\"@id\":\"https:\/\/betlabel.win\/lv\/#website\"},\"datePublished\":\"2025-08-28T06:12:32+00:00\",\"dateModified\":\"2025-12-10T11:35:46+00:00\",\"description\":\"Lab\u0101kie Betlabel bonusi jaunajiem un eso\u0161ajiem sp\u0113l\u0113t\u0101jiem. Sa\u0146emiet l\u012bdz pat 1500 EUR un 150 bezmaksas griezienus. Atkl\u0101jiet ekskluz\u012bvus pied\u0101v\u0101jumus un akcijas, lai maksim\u0101li palielin\u0101tu savus laimestus!\",\"breadcrumb\":{\"@id\":\"https:\/\/betlabel.win\/lv\/bonus\/#breadcrumb\"},\"inLanguage\":\"lv-LV\",\"potentialAction\":[{\"@type\":\"ReadAction\",\"target\":[\"https:\/\/betlabel.win\/lv\/bonus\/\"]}]},{\"@type\":\"BreadcrumbList\",\"@id\":\"https:\/\/betlabel.win\/lv\/bonus\/#breadcrumb\",\"itemListElement\":[{\"@type\":\"ListItem\",\"position\":1,\"name\":\"Home\",\"item\":\"https:\/\/betlabel.win\/lv\/\"},{\"@type\":\"ListItem\",\"position\":2,\"name\":\"Bonuss\"}]},{\"@type\":\"WebSite\",\"@id\":\"https:\/\/betlabel.win\/lv\/#website\",\"url\":\"https:\/\/betlabel.win\/lv\/\",\"name\":\"Betlabel Win LV\",\"description\":\"\",\"potentialAction\":[{\"@type\":\"SearchAction\",\"target\":{\"@type\":\"EntryPoint\",\"urlTemplate\":\"https:\/\/betlabel.win\/lv\/?s={search_term_string}\"},\"query-input\":{\"@type\":\"PropertyValueSpecification\",\"valueRequired\":true,\"valueName\":\"search_term_string\"}}],\"inLanguage\":\"lv-LV\"}]}<\/script>\n<!-- \/ Yoast SEO plugin. -->","yoast_head_json":{"title":"BetLabel Bonuss \ud83c\udf89 D\u0101sni pied\u0101v\u0101jumi, rekl\u0101mas kodi un balvas","description":"Lab\u0101kie Betlabel bonusi jaunajiem un eso\u0161ajiem sp\u0113l\u0113t\u0101jiem. Sa\u0146emiet l\u012bdz pat 1500 EUR un 150 bezmaksas griezienus. Atkl\u0101jiet ekskluz\u012bvus pied\u0101v\u0101jumus un akcijas, lai maksim\u0101li palielin\u0101tu savus laimestus!","robots":{"index":"index","follow":"follow","max-snippet":"max-snippet:-1","max-image-preview":"max-image-preview:large","max-video-preview":"max-video-preview:-1"},"og_locale":"lv_LV","og_type":"article","og_title":"BetLabel Bonuss \ud83c\udf89 D\u0101sni pied\u0101v\u0101jumi, rekl\u0101mas kodi un balvas","og_description":"Lab\u0101kie Betlabel bonusi jaunajiem un eso\u0161ajiem sp\u0113l\u0113t\u0101jiem. Sa\u0146emiet l\u012bdz pat 1500 EUR un 150 bezmaksas griezienus. Atkl\u0101jiet ekskluz\u012bvus pied\u0101v\u0101jumus un akcijas, lai maksim\u0101li palielin\u0101tu savus laimestus!","og_url":"https:\/\/betlabel.win\/lv\/bonus\/","og_site_name":"Betlabel Win LV","article_modified_time":"2025-12-10T11:35:46+00:00","twitter_card":"summary_large_image","schema":{"@context":"https:\/\/schema.org","@graph":[{"@type":"WebPage","@id":"https:\/\/betlabel.win\/lv\/bonus\/","url":"https:\/\/betlabel.win\/lv\/bonus\/","name":"BetLabel Bonuss \ud83c\udf89 D\u0101sni pied\u0101v\u0101jumi, rekl\u0101mas kodi un balvas","isPartOf":{"@id":"https:\/\/betlabel.win\/lv\/#website"},"datePublished":"2025-08-28T06:12:32+00:00","dateModified":"2025-12-10T11:35:46+00:00","description":"Lab\u0101kie Betlabel bonusi jaunajiem un eso\u0161ajiem sp\u0113l\u0113t\u0101jiem. Sa\u0146emiet l\u012bdz pat 1500 EUR un 150 bezmaksas griezienus. Atkl\u0101jiet ekskluz\u012bvus pied\u0101v\u0101jumus un akcijas, lai maksim\u0101li palielin\u0101tu savus laimestus!","breadcrumb":{"@id":"https:\/\/betlabel.win\/lv\/bonus\/#breadcrumb"},"inLanguage":"lv-LV","potentialAction":[{"@type":"ReadAction","target":["https:\/\/betlabel.win\/lv\/bonus\/"]}]},{"@type":"BreadcrumbList","@id":"https:\/\/betlabel.win\/lv\/bonus\/#breadcrumb","itemListElement":[{"@type":"ListItem","position":1,"name":"Home","item":"https:\/\/betlabel.win\/lv\/"},{"@type":"ListItem","position":2,"name":"Bonuss"}]},{"@type":"WebSite","@id":"https:\/\/betlabel.win\/lv\/#website","url":"https:\/\/betlabel.win\/lv\/","name":"Betlabel Win LV","description":"","potentialAction":[{"@type":"SearchAction","target":{"@type":"EntryPoint","urlTemplate":"https:\/\/betlabel.win\/lv\/?s={search_term_string}"},"query-input":{"@type":"PropertyValueSpecification","valueRequired":true,"valueName":"search_term_string"}}],"inLanguage":"lv-LV"}]}},"_links":{"self":[{"href":"https:\/\/betlabel.win\/lv\/wp-json\/wp\/v2\/pages\/205","targetHints":{"allow":["GET"]}}],"collection":[{"href":"https:\/\/betlabel.win\/lv\/wp-json\/wp\/v2\/pages"}],"about":[{"href":"https:\/\/betlabel.win\/lv\/wp-json\/wp\/v2\/types\/page"}],"author":[{"embeddable":true,"href":"https:\/\/betlabel.win\/lv\/wp-json\/wp\/v2\/users\/1"}],"replies":[{"embeddable":true,"href":"https:\/\/betlabel.win\/lv\/wp-json\/wp\/v2\/comments?post=205"}],"version-history":[{"count":14,"href":"https:\/\/betlabel.win\/lv\/wp-json\/wp\/v2\/pages\/205\/revisions"}],"predecessor-version":[{"id":571,"href":"https:\/\/betlabel.win\/lv\/wp-json\/wp\/v2\/pages\/205\/revisions\/571"}],"wp:attachment":[{"href":"https:\/\/betlabel.win\/lv\/wp-json\/wp\/v2\/media?parent=205"}],"curies":[{"name":"wp","href":"https:\/\/api.w.org\/{rel}","templated":true}]}}