{"id":2,"date":"2023-05-18T17:18:34","date_gmt":"2023-05-18T17:18:34","guid":{"rendered":"https:\/\/betlabel.win\/lv\/?page_id=2"},"modified":"2025-12-11T14:23:48","modified_gmt":"2025-12-11T14:23:48","slug":"sample-page","status":"publish","type":"page","link":"https:\/\/betlabel.win\/lv\/","title":{"rendered":"S\u0101kums"},"content":{"rendered":"","protected":false},"excerpt":{"rendered":"","protected":false},"author":1,"featured_media":0,"parent":0,"menu_order":0,"comment_status":"closed","ping_status":"open","template":"","meta":{"footnotes":""},"class_list":["post-2","page","type-page","status-publish","hentry"],"yoast_head":"<!-- This site is optimized with the Yoast SEO plugin v26.3 - https:\/\/yoast.com\/wordpress\/plugins\/seo\/ -->\n<title>BetLabel kazino un sporta totalizatori \u27a1\ufe0f Funkcijas, bonusi, sp\u0113les<\/title>\n<meta name=\"description\" content=\"Atkl\u0101jiet BetLabel kazino un sporta totalizatoru 2026 gad\u0101! Izbaudiet pla\u0161u sporta tirgu kl\u0101stu, aizraujo\u0161as kazino sp\u0113les un d\u0101snus bonusus. Atkl\u0101jiet m\u016bsu licences, dro\u0161\u012bbas funkcijas un intuit\u012bvo platformu, lai g\u016btu vislab\u0101ko totalizatora pieredzi.\" \/>\n<meta name=\"robots\" content=\"index, follow, max-snippet:-1, max-image-preview:large, max-video-preview:-1\" \/>\n<meta property=\"og:locale\" content=\"lv_LV\" \/>\n<meta property=\"og:type\" content=\"article\" \/>\n<meta property=\"og:title\" content=\"BetLabel kazino un sporta totalizatori \u27a1\ufe0f Funkcijas, bonusi, sp\u0113les\" \/>\n<meta property=\"og:description\" content=\"Atkl\u0101jiet BetLabel kazino un sporta totalizatoru 2026 gad\u0101! Izbaudiet pla\u0161u sporta tirgu kl\u0101stu, aizraujo\u0161as kazino sp\u0113les un d\u0101snus bonusus. Atkl\u0101jiet m\u016bsu licences, dro\u0161\u012bbas funkcijas un intuit\u012bvo platformu, lai g\u016btu vislab\u0101ko totalizatora pieredzi.\" \/>\n<meta property=\"og:url\" content=\"https:\/\/betlabel.win\/lv\/\" \/>\n<meta property=\"og:site_name\" content=\"Betlabel Win LV\" \/>\n<meta property=\"article:modified_time\" content=\"2025-12-11T14:23:48+00:00\" \/>\n<meta name=\"twitter:card\" content=\"summary_large_image\" \/>\n<script type=\"application\/ld+json\" class=\"yoast-schema-graph\">{\"@context\":\"https:\/\/schema.org\",\"@graph\":[{\"@type\":\"WebPage\",\"@id\":\"https:\/\/betlabel.win\/lv\/\",\"url\":\"https:\/\/betlabel.win\/lv\/\",\"name\":\"BetLabel kazino un sporta totalizatori \u27a1\ufe0f Funkcijas, bonusi, sp\u0113les\",\"isPartOf\":{\"@id\":\"https:\/\/betlabel.win\/lv\/#website\"},\"datePublished\":\"2023-05-18T17:18:34+00:00\",\"dateModified\":\"2025-12-11T14:23:48+00:00\",\"description\":\"Atkl\u0101jiet BetLabel kazino un sporta totalizatoru 2026 gad\u0101! Izbaudiet pla\u0161u sporta tirgu kl\u0101stu, aizraujo\u0161as kazino sp\u0113les un d\u0101snus bonusus. Atkl\u0101jiet m\u016bsu licences, dro\u0161\u012bbas funkcijas un intuit\u012bvo platformu, lai g\u016btu vislab\u0101ko totalizatora pieredzi.\",\"breadcrumb\":{\"@id\":\"https:\/\/betlabel.win\/lv\/#breadcrumb\"},\"inLanguage\":\"lv-LV\",\"potentialAction\":[{\"@type\":\"ReadAction\",\"target\":[\"https:\/\/betlabel.win\/lv\/\"]}]},{\"@type\":\"BreadcrumbList\",\"@id\":\"https:\/\/betlabel.win\/lv\/#breadcrumb\",\"itemListElement\":[{\"@type\":\"ListItem\",\"position\":1,\"name\":\"Home\",\"item\":\"https:\/\/betlabel.win\/lv\/\"},{\"@type\":\"ListItem\",\"position\":2,\"name\":\"S\u0101kums\"}]},{\"@type\":\"WebSite\",\"@id\":\"https:\/\/betlabel.win\/lv\/#website\",\"url\":\"https:\/\/betlabel.win\/lv\/\",\"name\":\"Betlabel Win LV\",\"description\":\"\",\"potentialAction\":[{\"@type\":\"SearchAction\",\"target\":{\"@type\":\"EntryPoint\",\"urlTemplate\":\"https:\/\/betlabel.win\/lv\/?s={search_term_string}\"},\"query-input\":{\"@type\":\"PropertyValueSpecification\",\"valueRequired\":true,\"valueName\":\"search_term_string\"}}],\"inLanguage\":\"lv-LV\"}]}<\/script>\n<!-- \/ Yoast SEO plugin. -->","yoast_head_json":{"title":"BetLabel kazino un sporta totalizatori \u27a1\ufe0f Funkcijas, bonusi, sp\u0113les","description":"Atkl\u0101jiet BetLabel kazino un sporta totalizatoru 2026 gad\u0101! Izbaudiet pla\u0161u sporta tirgu kl\u0101stu, aizraujo\u0161as kazino sp\u0113les un d\u0101snus bonusus. Atkl\u0101jiet m\u016bsu licences, dro\u0161\u012bbas funkcijas un intuit\u012bvo platformu, lai g\u016btu vislab\u0101ko totalizatora pieredzi.","robots":{"index":"index","follow":"follow","max-snippet":"max-snippet:-1","max-image-preview":"max-image-preview:large","max-video-preview":"max-video-preview:-1"},"og_locale":"lv_LV","og_type":"article","og_title":"BetLabel kazino un sporta totalizatori \u27a1\ufe0f Funkcijas, bonusi, sp\u0113les","og_description":"Atkl\u0101jiet BetLabel kazino un sporta totalizatoru 2026 gad\u0101! Izbaudiet pla\u0161u sporta tirgu kl\u0101stu, aizraujo\u0161as kazino sp\u0113les un d\u0101snus bonusus. Atkl\u0101jiet m\u016bsu licences, dro\u0161\u012bbas funkcijas un intuit\u012bvo platformu, lai g\u016btu vislab\u0101ko totalizatora pieredzi.","og_url":"https:\/\/betlabel.win\/lv\/","og_site_name":"Betlabel Win LV","article_modified_time":"2025-12-11T14:23:48+00:00","twitter_card":"summary_large_image","schema":{"@context":"https:\/\/schema.org","@graph":[{"@type":"WebPage","@id":"https:\/\/betlabel.win\/lv\/","url":"https:\/\/betlabel.win\/lv\/","name":"BetLabel kazino un sporta totalizatori \u27a1\ufe0f Funkcijas, bonusi, sp\u0113les","isPartOf":{"@id":"https:\/\/betlabel.win\/lv\/#website"},"datePublished":"2023-05-18T17:18:34+00:00","dateModified":"2025-12-11T14:23:48+00:00","description":"Atkl\u0101jiet BetLabel kazino un sporta totalizatoru 2026 gad\u0101! Izbaudiet pla\u0161u sporta tirgu kl\u0101stu, aizraujo\u0161as kazino sp\u0113les un d\u0101snus bonusus. Atkl\u0101jiet m\u016bsu licences, dro\u0161\u012bbas funkcijas un intuit\u012bvo platformu, lai g\u016btu vislab\u0101ko totalizatora pieredzi.","breadcrumb":{"@id":"https:\/\/betlabel.win\/lv\/#breadcrumb"},"inLanguage":"lv-LV","potentialAction":[{"@type":"ReadAction","target":["https:\/\/betlabel.win\/lv\/"]}]},{"@type":"BreadcrumbList","@id":"https:\/\/betlabel.win\/lv\/#breadcrumb","itemListElement":[{"@type":"ListItem","position":1,"name":"Home","item":"https:\/\/betlabel.win\/lv\/"},{"@type":"ListItem","position":2,"name":"S\u0101kums"}]},{"@type":"WebSite","@id":"https:\/\/betlabel.win\/lv\/#website","url":"https:\/\/betlabel.win\/lv\/","name":"Betlabel Win LV","description":"","potentialAction":[{"@type":"SearchAction","target":{"@type":"EntryPoint","urlTemplate":"https:\/\/betlabel.win\/lv\/?s={search_term_string}"},"query-input":{"@type":"PropertyValueSpecification","valueRequired":true,"valueName":"search_term_string"}}],"inLanguage":"lv-LV"}]}},"_links":{"self":[{"href":"https:\/\/betlabel.win\/lv\/wp-json\/wp\/v2\/pages\/2","targetHints":{"allow":["GET"]}}],"collection":[{"href":"https:\/\/betlabel.win\/lv\/wp-json\/wp\/v2\/pages"}],"about":[{"href":"https:\/\/betlabel.win\/lv\/wp-json\/wp\/v2\/types\/page"}],"author":[{"embeddable":true,"href":"https:\/\/betlabel.win\/lv\/wp-json\/wp\/v2\/users\/1"}],"replies":[{"embeddable":true,"href":"https:\/\/betlabel.win\/lv\/wp-json\/wp\/v2\/comments?post=2"}],"version-history":[{"count":29,"href":"https:\/\/betlabel.win\/lv\/wp-json\/wp\/v2\/pages\/2\/revisions"}],"predecessor-version":[{"id":583,"href":"https:\/\/betlabel.win\/lv\/wp-json\/wp\/v2\/pages\/2\/revisions\/583"}],"wp:attachment":[{"href":"https:\/\/betlabel.win\/lv\/wp-json\/wp\/v2\/media?parent=2"}],"curies":[{"name":"wp","href":"https:\/\/api.w.org\/{rel}","templated":true}]}}