{"id":255,"date":"2025-09-18T17:35:12","date_gmt":"2025-09-18T17:35:12","guid":{"rendered":"https:\/\/betlabel.win\/it\/?page_id=255"},"modified":"2025-10-07T16:24:24","modified_gmt":"2025-10-07T16:24:24","slug":"app","status":"publish","type":"page","link":"https:\/\/betlabel.win\/it\/app\/","title":{"rendered":"App"},"content":{"rendered":"","protected":false},"excerpt":{"rendered":"","protected":false},"author":1,"featured_media":0,"parent":0,"menu_order":0,"comment_status":"closed","ping_status":"closed","template":"","meta":{"footnotes":""},"class_list":["post-255","page","type-page","status-publish","hentry"],"yoast_head":"<!-- This site is optimized with the Yoast SEO plugin v26.3 - https:\/\/yoast.com\/wordpress\/plugins\/seo\/ -->\n<title>App BetLabel: casin\u00f2 mobile e scommesse | Scarica e installa<\/title>\n<meta name=\"description\" content=\"L&#039;app BetLabel \u00e8 un casin\u00f2 mobile tascabile. Scopri le caratteristiche principali e installa l&#039;app per giocare ovunque ti trovi in modo rapido e sicuro.\" \/>\n<meta name=\"robots\" content=\"index, follow, max-snippet:-1, max-image-preview:large, max-video-preview:-1\" \/>\n<meta property=\"og:locale\" content=\"it_IT\" \/>\n<meta property=\"og:type\" content=\"article\" \/>\n<meta property=\"og:title\" content=\"App BetLabel: casin\u00f2 mobile e scommesse | Scarica e installa\" \/>\n<meta property=\"og:description\" content=\"L&#039;app BetLabel \u00e8 un casin\u00f2 mobile tascabile. Scopri le caratteristiche principali e installa l&#039;app per giocare ovunque ti trovi in modo rapido e sicuro.\" \/>\n<meta property=\"og:url\" content=\"https:\/\/betlabel.win\/it\/app\/\" \/>\n<meta property=\"og:site_name\" content=\"Betlabel Win it\" \/>\n<meta property=\"article:modified_time\" content=\"2025-10-07T16:24:24+00:00\" \/>\n<meta name=\"twitter:card\" content=\"summary_large_image\" \/>\n<script type=\"application\/ld+json\" class=\"yoast-schema-graph\">{\"@context\":\"https:\/\/schema.org\",\"@graph\":[{\"@type\":\"WebPage\",\"@id\":\"https:\/\/betlabel.win\/it\/app\/\",\"url\":\"https:\/\/betlabel.win\/it\/app\/\",\"name\":\"App BetLabel: casin\u00f2 mobile e scommesse | Scarica e installa\",\"isPartOf\":{\"@id\":\"https:\/\/betlabel.win\/it\/#website\"},\"datePublished\":\"2025-09-18T17:35:12+00:00\",\"dateModified\":\"2025-10-07T16:24:24+00:00\",\"description\":\"L'app BetLabel \u00e8 un casin\u00f2 mobile tascabile. Scopri le caratteristiche principali e installa l'app per giocare ovunque ti trovi in modo rapido e sicuro.\",\"breadcrumb\":{\"@id\":\"https:\/\/betlabel.win\/it\/app\/#breadcrumb\"},\"inLanguage\":\"it-IT\",\"potentialAction\":[{\"@type\":\"ReadAction\",\"target\":[\"https:\/\/betlabel.win\/it\/app\/\"]}]},{\"@type\":\"BreadcrumbList\",\"@id\":\"https:\/\/betlabel.win\/it\/app\/#breadcrumb\",\"itemListElement\":[{\"@type\":\"ListItem\",\"position\":1,\"name\":\"Home\",\"item\":\"https:\/\/betlabel.win\/it\/\"},{\"@type\":\"ListItem\",\"position\":2,\"name\":\"App\"}]},{\"@type\":\"WebSite\",\"@id\":\"https:\/\/betlabel.win\/it\/#website\",\"url\":\"https:\/\/betlabel.win\/it\/\",\"name\":\"Betlabel Win it\",\"description\":\"\",\"potentialAction\":[{\"@type\":\"SearchAction\",\"target\":{\"@type\":\"EntryPoint\",\"urlTemplate\":\"https:\/\/betlabel.win\/it\/?s={search_term_string}\"},\"query-input\":{\"@type\":\"PropertyValueSpecification\",\"valueRequired\":true,\"valueName\":\"search_term_string\"}}],\"inLanguage\":\"it-IT\"}]}<\/script>\n<!-- \/ Yoast SEO plugin. -->","yoast_head_json":{"title":"App BetLabel: casin\u00f2 mobile e scommesse | Scarica e installa","description":"L'app BetLabel \u00e8 un casin\u00f2 mobile tascabile. Scopri le caratteristiche principali e installa l'app per giocare ovunque ti trovi in modo rapido e sicuro.","robots":{"index":"index","follow":"follow","max-snippet":"max-snippet:-1","max-image-preview":"max-image-preview:large","max-video-preview":"max-video-preview:-1"},"og_locale":"it_IT","og_type":"article","og_title":"App BetLabel: casin\u00f2 mobile e scommesse | Scarica e installa","og_description":"L'app BetLabel \u00e8 un casin\u00f2 mobile tascabile. Scopri le caratteristiche principali e installa l'app per giocare ovunque ti trovi in modo rapido e sicuro.","og_url":"https:\/\/betlabel.win\/it\/app\/","og_site_name":"Betlabel Win it","article_modified_time":"2025-10-07T16:24:24+00:00","twitter_card":"summary_large_image","schema":{"@context":"https:\/\/schema.org","@graph":[{"@type":"WebPage","@id":"https:\/\/betlabel.win\/it\/app\/","url":"https:\/\/betlabel.win\/it\/app\/","name":"App BetLabel: casin\u00f2 mobile e scommesse | Scarica e installa","isPartOf":{"@id":"https:\/\/betlabel.win\/it\/#website"},"datePublished":"2025-09-18T17:35:12+00:00","dateModified":"2025-10-07T16:24:24+00:00","description":"L'app BetLabel \u00e8 un casin\u00f2 mobile tascabile. Scopri le caratteristiche principali e installa l'app per giocare ovunque ti trovi in modo rapido e sicuro.","breadcrumb":{"@id":"https:\/\/betlabel.win\/it\/app\/#breadcrumb"},"inLanguage":"it-IT","potentialAction":[{"@type":"ReadAction","target":["https:\/\/betlabel.win\/it\/app\/"]}]},{"@type":"BreadcrumbList","@id":"https:\/\/betlabel.win\/it\/app\/#breadcrumb","itemListElement":[{"@type":"ListItem","position":1,"name":"Home","item":"https:\/\/betlabel.win\/it\/"},{"@type":"ListItem","position":2,"name":"App"}]},{"@type":"WebSite","@id":"https:\/\/betlabel.win\/it\/#website","url":"https:\/\/betlabel.win\/it\/","name":"Betlabel Win it","description":"","potentialAction":[{"@type":"SearchAction","target":{"@type":"EntryPoint","urlTemplate":"https:\/\/betlabel.win\/it\/?s={search_term_string}"},"query-input":{"@type":"PropertyValueSpecification","valueRequired":true,"valueName":"search_term_string"}}],"inLanguage":"it-IT"}]}},"_links":{"self":[{"href":"https:\/\/betlabel.win\/it\/wp-json\/wp\/v2\/pages\/255","targetHints":{"allow":["GET"]}}],"collection":[{"href":"https:\/\/betlabel.win\/it\/wp-json\/wp\/v2\/pages"}],"about":[{"href":"https:\/\/betlabel.win\/it\/wp-json\/wp\/v2\/types\/page"}],"author":[{"embeddable":true,"href":"https:\/\/betlabel.win\/it\/wp-json\/wp\/v2\/users\/1"}],"replies":[{"embeddable":true,"href":"https:\/\/betlabel.win\/it\/wp-json\/wp\/v2\/comments?post=255"}],"version-history":[{"count":10,"href":"https:\/\/betlabel.win\/it\/wp-json\/wp\/v2\/pages\/255\/revisions"}],"predecessor-version":[{"id":403,"href":"https:\/\/betlabel.win\/it\/wp-json\/wp\/v2\/pages\/255\/revisions\/403"}],"wp:attachment":[{"href":"https:\/\/betlabel.win\/it\/wp-json\/wp\/v2\/media?parent=255"}],"curies":[{"name":"wp","href":"https:\/\/api.w.org\/{rel}","templated":true}]}}