{"id":271,"date":"2025-09-21T05:11:00","date_gmt":"2025-09-21T05:11:00","guid":{"rendered":"https:\/\/betlabel.win\/hu\/?page_id=271"},"modified":"2025-11-15T07:40:16","modified_gmt":"2025-11-15T07:40:16","slug":"apk","status":"publish","type":"page","link":"https:\/\/betlabel.win\/hu\/apk\/","title":{"rendered":"Apk"},"content":{"rendered":"","protected":false},"excerpt":{"rendered":"","protected":false},"author":1,"featured_media":0,"parent":0,"menu_order":0,"comment_status":"closed","ping_status":"closed","template":"","meta":{"footnotes":""},"class_list":["post-271","page","type-page","status-publish","hentry"],"yoast_head":"<!-- This site is optimized with the Yoast SEO plugin v26.3 - https:\/\/yoast.com\/wordpress\/plugins\/seo\/ -->\n<title>BetLabel APK Androidra | Mobil kaszin\u00f3 let\u00f6lt\u00e9se \u00e9s telep\u00edt\u00e9se<\/title>\n<meta name=\"description\" content=\"Telep\u00edtse a BetLabel APK-t Androidra: egy mobil kaszin\u00f3 intuit\u00edv fel\u00fclettel, biztons\u00e1gos telep\u00edt\u00e9ssel \u00e9s teljes k\u00f6r\u0171 j\u00e1t\u00e9kfunkci\u00f3kkal.\" \/>\n<meta name=\"robots\" content=\"index, follow, max-snippet:-1, max-image-preview:large, max-video-preview:-1\" \/>\n<meta property=\"og:locale\" content=\"hu_HU\" \/>\n<meta property=\"og:type\" content=\"article\" \/>\n<meta property=\"og:title\" content=\"BetLabel APK Androidra | Mobil kaszin\u00f3 let\u00f6lt\u00e9se \u00e9s telep\u00edt\u00e9se\" \/>\n<meta property=\"og:description\" content=\"Telep\u00edtse a BetLabel APK-t Androidra: egy mobil kaszin\u00f3 intuit\u00edv fel\u00fclettel, biztons\u00e1gos telep\u00edt\u00e9ssel \u00e9s teljes k\u00f6r\u0171 j\u00e1t\u00e9kfunkci\u00f3kkal.\" \/>\n<meta property=\"og:url\" content=\"https:\/\/betlabel.win\/hu\/apk\/\" \/>\n<meta property=\"og:site_name\" content=\"Betlabel Win hu\" \/>\n<meta property=\"article:modified_time\" content=\"2025-11-15T07:40:16+00:00\" \/>\n<meta name=\"twitter:card\" content=\"summary_large_image\" \/>\n<script type=\"application\/ld+json\" class=\"yoast-schema-graph\">{\"@context\":\"https:\/\/schema.org\",\"@graph\":[{\"@type\":\"WebPage\",\"@id\":\"https:\/\/betlabel.win\/hu\/apk\/\",\"url\":\"https:\/\/betlabel.win\/hu\/apk\/\",\"name\":\"BetLabel APK Androidra | Mobil kaszin\u00f3 let\u00f6lt\u00e9se \u00e9s telep\u00edt\u00e9se\",\"isPartOf\":{\"@id\":\"https:\/\/betlabel.win\/hu\/#website\"},\"datePublished\":\"2025-09-21T05:11:00+00:00\",\"dateModified\":\"2025-11-15T07:40:16+00:00\",\"description\":\"Telep\u00edtse a BetLabel APK-t Androidra: egy mobil kaszin\u00f3 intuit\u00edv fel\u00fclettel, biztons\u00e1gos telep\u00edt\u00e9ssel \u00e9s teljes k\u00f6r\u0171 j\u00e1t\u00e9kfunkci\u00f3kkal.\",\"breadcrumb\":{\"@id\":\"https:\/\/betlabel.win\/hu\/apk\/#breadcrumb\"},\"inLanguage\":\"hu\",\"potentialAction\":[{\"@type\":\"ReadAction\",\"target\":[\"https:\/\/betlabel.win\/hu\/apk\/\"]}]},{\"@type\":\"BreadcrumbList\",\"@id\":\"https:\/\/betlabel.win\/hu\/apk\/#breadcrumb\",\"itemListElement\":[{\"@type\":\"ListItem\",\"position\":1,\"name\":\"Home\",\"item\":\"https:\/\/betlabel.win\/hu\/\"},{\"@type\":\"ListItem\",\"position\":2,\"name\":\"Apk\"}]},{\"@type\":\"WebSite\",\"@id\":\"https:\/\/betlabel.win\/hu\/#website\",\"url\":\"https:\/\/betlabel.win\/hu\/\",\"name\":\"Betlabel Win hu\",\"description\":\"\",\"potentialAction\":[{\"@type\":\"SearchAction\",\"target\":{\"@type\":\"EntryPoint\",\"urlTemplate\":\"https:\/\/betlabel.win\/hu\/?s={search_term_string}\"},\"query-input\":{\"@type\":\"PropertyValueSpecification\",\"valueRequired\":true,\"valueName\":\"search_term_string\"}}],\"inLanguage\":\"hu\"}]}<\/script>\n<!-- \/ Yoast SEO plugin. -->","yoast_head_json":{"title":"BetLabel APK Androidra | Mobil kaszin\u00f3 let\u00f6lt\u00e9se \u00e9s telep\u00edt\u00e9se","description":"Telep\u00edtse a BetLabel APK-t Androidra: egy mobil kaszin\u00f3 intuit\u00edv fel\u00fclettel, biztons\u00e1gos telep\u00edt\u00e9ssel \u00e9s teljes k\u00f6r\u0171 j\u00e1t\u00e9kfunkci\u00f3kkal.","robots":{"index":"index","follow":"follow","max-snippet":"max-snippet:-1","max-image-preview":"max-image-preview:large","max-video-preview":"max-video-preview:-1"},"og_locale":"hu_HU","og_type":"article","og_title":"BetLabel APK Androidra | Mobil kaszin\u00f3 let\u00f6lt\u00e9se \u00e9s telep\u00edt\u00e9se","og_description":"Telep\u00edtse a BetLabel APK-t Androidra: egy mobil kaszin\u00f3 intuit\u00edv fel\u00fclettel, biztons\u00e1gos telep\u00edt\u00e9ssel \u00e9s teljes k\u00f6r\u0171 j\u00e1t\u00e9kfunkci\u00f3kkal.","og_url":"https:\/\/betlabel.win\/hu\/apk\/","og_site_name":"Betlabel Win hu","article_modified_time":"2025-11-15T07:40:16+00:00","twitter_card":"summary_large_image","schema":{"@context":"https:\/\/schema.org","@graph":[{"@type":"WebPage","@id":"https:\/\/betlabel.win\/hu\/apk\/","url":"https:\/\/betlabel.win\/hu\/apk\/","name":"BetLabel APK Androidra | Mobil kaszin\u00f3 let\u00f6lt\u00e9se \u00e9s telep\u00edt\u00e9se","isPartOf":{"@id":"https:\/\/betlabel.win\/hu\/#website"},"datePublished":"2025-09-21T05:11:00+00:00","dateModified":"2025-11-15T07:40:16+00:00","description":"Telep\u00edtse a BetLabel APK-t Androidra: egy mobil kaszin\u00f3 intuit\u00edv fel\u00fclettel, biztons\u00e1gos telep\u00edt\u00e9ssel \u00e9s teljes k\u00f6r\u0171 j\u00e1t\u00e9kfunkci\u00f3kkal.","breadcrumb":{"@id":"https:\/\/betlabel.win\/hu\/apk\/#breadcrumb"},"inLanguage":"hu","potentialAction":[{"@type":"ReadAction","target":["https:\/\/betlabel.win\/hu\/apk\/"]}]},{"@type":"BreadcrumbList","@id":"https:\/\/betlabel.win\/hu\/apk\/#breadcrumb","itemListElement":[{"@type":"ListItem","position":1,"name":"Home","item":"https:\/\/betlabel.win\/hu\/"},{"@type":"ListItem","position":2,"name":"Apk"}]},{"@type":"WebSite","@id":"https:\/\/betlabel.win\/hu\/#website","url":"https:\/\/betlabel.win\/hu\/","name":"Betlabel Win hu","description":"","potentialAction":[{"@type":"SearchAction","target":{"@type":"EntryPoint","urlTemplate":"https:\/\/betlabel.win\/hu\/?s={search_term_string}"},"query-input":{"@type":"PropertyValueSpecification","valueRequired":true,"valueName":"search_term_string"}}],"inLanguage":"hu"}]}},"_links":{"self":[{"href":"https:\/\/betlabel.win\/hu\/wp-json\/wp\/v2\/pages\/271","targetHints":{"allow":["GET"]}}],"collection":[{"href":"https:\/\/betlabel.win\/hu\/wp-json\/wp\/v2\/pages"}],"about":[{"href":"https:\/\/betlabel.win\/hu\/wp-json\/wp\/v2\/types\/page"}],"author":[{"embeddable":true,"href":"https:\/\/betlabel.win\/hu\/wp-json\/wp\/v2\/users\/1"}],"replies":[{"embeddable":true,"href":"https:\/\/betlabel.win\/hu\/wp-json\/wp\/v2\/comments?post=271"}],"version-history":[{"count":11,"href":"https:\/\/betlabel.win\/hu\/wp-json\/wp\/v2\/pages\/271\/revisions"}],"predecessor-version":[{"id":446,"href":"https:\/\/betlabel.win\/hu\/wp-json\/wp\/v2\/pages\/271\/revisions\/446"}],"wp:attachment":[{"href":"https:\/\/betlabel.win\/hu\/wp-json\/wp\/v2\/media?parent=271"}],"curies":[{"name":"wp","href":"https:\/\/api.w.org\/{rel}","templated":true}]}}