{"id":238,"date":"2025-09-18T09:48:50","date_gmt":"2025-09-18T09:48:50","guid":{"rendered":"https:\/\/betlabel.win\/hu\/?page_id=238"},"modified":"2025-11-15T07:46:24","modified_gmt":"2025-11-15T07:46:24","slug":"promo-code","status":"publish","type":"page","link":"https:\/\/betlabel.win\/hu\/promo-code\/","title":{"rendered":"Promo k\u00f3d"},"content":{"rendered":"","protected":false},"excerpt":{"rendered":"","protected":false},"author":1,"featured_media":0,"parent":0,"menu_order":0,"comment_status":"closed","ping_status":"closed","template":"","meta":{"footnotes":""},"class_list":["post-238","page","type-page","status-publish","hentry"],"yoast_head":"<!-- This site is optimized with the Yoast SEO plugin v26.3 - https:\/\/yoast.com\/wordpress\/plugins\/seo\/ -->\n<title>BetLabel prom\u00f3ci\u00f3s k\u00f3dok | B\u00f3nuszok \u00faj j\u00e1t\u00e9kosoknak<\/title>\n<meta name=\"description\" content=\"Kapjon exkluz\u00edv BetLabel b\u00f3nuszokat: titkos prom\u00f3ci\u00f3s k\u00f3dokat \u00faj \u00e9s visszat\u00e9r\u0151 j\u00e1t\u00e9kosoknak. Aktu\u00e1lis prom\u00f3ci\u00f3k \u00e9s k\u00fcl\u00f6nleges aj\u00e1nlatok v\u00e1rnak \u00d6nre!\" \/>\n<meta name=\"robots\" content=\"index, follow, max-snippet:-1, max-image-preview:large, max-video-preview:-1\" \/>\n<meta property=\"og:locale\" content=\"hu_HU\" \/>\n<meta property=\"og:type\" content=\"article\" \/>\n<meta property=\"og:title\" content=\"BetLabel prom\u00f3ci\u00f3s k\u00f3dok | B\u00f3nuszok \u00faj j\u00e1t\u00e9kosoknak\" \/>\n<meta property=\"og:description\" content=\"Kapjon exkluz\u00edv BetLabel b\u00f3nuszokat: titkos prom\u00f3ci\u00f3s k\u00f3dokat \u00faj \u00e9s visszat\u00e9r\u0151 j\u00e1t\u00e9kosoknak. Aktu\u00e1lis prom\u00f3ci\u00f3k \u00e9s k\u00fcl\u00f6nleges aj\u00e1nlatok v\u00e1rnak \u00d6nre!\" \/>\n<meta property=\"og:url\" content=\"https:\/\/betlabel.win\/hu\/promo-code\/\" \/>\n<meta property=\"og:site_name\" content=\"Betlabel Win hu\" \/>\n<meta property=\"article:modified_time\" content=\"2025-11-15T07:46:24+00:00\" \/>\n<meta name=\"twitter:card\" content=\"summary_large_image\" \/>\n<script type=\"application\/ld+json\" class=\"yoast-schema-graph\">{\"@context\":\"https:\/\/schema.org\",\"@graph\":[{\"@type\":\"WebPage\",\"@id\":\"https:\/\/betlabel.win\/hu\/promo-code\/\",\"url\":\"https:\/\/betlabel.win\/hu\/promo-code\/\",\"name\":\"BetLabel prom\u00f3ci\u00f3s k\u00f3dok | B\u00f3nuszok \u00faj j\u00e1t\u00e9kosoknak\",\"isPartOf\":{\"@id\":\"https:\/\/betlabel.win\/hu\/#website\"},\"datePublished\":\"2025-09-18T09:48:50+00:00\",\"dateModified\":\"2025-11-15T07:46:24+00:00\",\"description\":\"Kapjon exkluz\u00edv BetLabel b\u00f3nuszokat: titkos prom\u00f3ci\u00f3s k\u00f3dokat \u00faj \u00e9s visszat\u00e9r\u0151 j\u00e1t\u00e9kosoknak. Aktu\u00e1lis prom\u00f3ci\u00f3k \u00e9s k\u00fcl\u00f6nleges aj\u00e1nlatok v\u00e1rnak \u00d6nre!\",\"breadcrumb\":{\"@id\":\"https:\/\/betlabel.win\/hu\/promo-code\/#breadcrumb\"},\"inLanguage\":\"hu\",\"potentialAction\":[{\"@type\":\"ReadAction\",\"target\":[\"https:\/\/betlabel.win\/hu\/promo-code\/\"]}]},{\"@type\":\"BreadcrumbList\",\"@id\":\"https:\/\/betlabel.win\/hu\/promo-code\/#breadcrumb\",\"itemListElement\":[{\"@type\":\"ListItem\",\"position\":1,\"name\":\"Home\",\"item\":\"https:\/\/betlabel.win\/hu\/\"},{\"@type\":\"ListItem\",\"position\":2,\"name\":\"Promo k\u00f3d\"}]},{\"@type\":\"WebSite\",\"@id\":\"https:\/\/betlabel.win\/hu\/#website\",\"url\":\"https:\/\/betlabel.win\/hu\/\",\"name\":\"Betlabel Win hu\",\"description\":\"\",\"potentialAction\":[{\"@type\":\"SearchAction\",\"target\":{\"@type\":\"EntryPoint\",\"urlTemplate\":\"https:\/\/betlabel.win\/hu\/?s={search_term_string}\"},\"query-input\":{\"@type\":\"PropertyValueSpecification\",\"valueRequired\":true,\"valueName\":\"search_term_string\"}}],\"inLanguage\":\"hu\"}]}<\/script>\n<!-- \/ Yoast SEO plugin. -->","yoast_head_json":{"title":"BetLabel prom\u00f3ci\u00f3s k\u00f3dok | B\u00f3nuszok \u00faj j\u00e1t\u00e9kosoknak","description":"Kapjon exkluz\u00edv BetLabel b\u00f3nuszokat: titkos prom\u00f3ci\u00f3s k\u00f3dokat \u00faj \u00e9s visszat\u00e9r\u0151 j\u00e1t\u00e9kosoknak. Aktu\u00e1lis prom\u00f3ci\u00f3k \u00e9s k\u00fcl\u00f6nleges aj\u00e1nlatok v\u00e1rnak \u00d6nre!","robots":{"index":"index","follow":"follow","max-snippet":"max-snippet:-1","max-image-preview":"max-image-preview:large","max-video-preview":"max-video-preview:-1"},"og_locale":"hu_HU","og_type":"article","og_title":"BetLabel prom\u00f3ci\u00f3s k\u00f3dok | B\u00f3nuszok \u00faj j\u00e1t\u00e9kosoknak","og_description":"Kapjon exkluz\u00edv BetLabel b\u00f3nuszokat: titkos prom\u00f3ci\u00f3s k\u00f3dokat \u00faj \u00e9s visszat\u00e9r\u0151 j\u00e1t\u00e9kosoknak. Aktu\u00e1lis prom\u00f3ci\u00f3k \u00e9s k\u00fcl\u00f6nleges aj\u00e1nlatok v\u00e1rnak \u00d6nre!","og_url":"https:\/\/betlabel.win\/hu\/promo-code\/","og_site_name":"Betlabel Win hu","article_modified_time":"2025-11-15T07:46:24+00:00","twitter_card":"summary_large_image","schema":{"@context":"https:\/\/schema.org","@graph":[{"@type":"WebPage","@id":"https:\/\/betlabel.win\/hu\/promo-code\/","url":"https:\/\/betlabel.win\/hu\/promo-code\/","name":"BetLabel prom\u00f3ci\u00f3s k\u00f3dok | B\u00f3nuszok \u00faj j\u00e1t\u00e9kosoknak","isPartOf":{"@id":"https:\/\/betlabel.win\/hu\/#website"},"datePublished":"2025-09-18T09:48:50+00:00","dateModified":"2025-11-15T07:46:24+00:00","description":"Kapjon exkluz\u00edv BetLabel b\u00f3nuszokat: titkos prom\u00f3ci\u00f3s k\u00f3dokat \u00faj \u00e9s visszat\u00e9r\u0151 j\u00e1t\u00e9kosoknak. Aktu\u00e1lis prom\u00f3ci\u00f3k \u00e9s k\u00fcl\u00f6nleges aj\u00e1nlatok v\u00e1rnak \u00d6nre!","breadcrumb":{"@id":"https:\/\/betlabel.win\/hu\/promo-code\/#breadcrumb"},"inLanguage":"hu","potentialAction":[{"@type":"ReadAction","target":["https:\/\/betlabel.win\/hu\/promo-code\/"]}]},{"@type":"BreadcrumbList","@id":"https:\/\/betlabel.win\/hu\/promo-code\/#breadcrumb","itemListElement":[{"@type":"ListItem","position":1,"name":"Home","item":"https:\/\/betlabel.win\/hu\/"},{"@type":"ListItem","position":2,"name":"Promo k\u00f3d"}]},{"@type":"WebSite","@id":"https:\/\/betlabel.win\/hu\/#website","url":"https:\/\/betlabel.win\/hu\/","name":"Betlabel Win hu","description":"","potentialAction":[{"@type":"SearchAction","target":{"@type":"EntryPoint","urlTemplate":"https:\/\/betlabel.win\/hu\/?s={search_term_string}"},"query-input":{"@type":"PropertyValueSpecification","valueRequired":true,"valueName":"search_term_string"}}],"inLanguage":"hu"}]}},"_links":{"self":[{"href":"https:\/\/betlabel.win\/hu\/wp-json\/wp\/v2\/pages\/238","targetHints":{"allow":["GET"]}}],"collection":[{"href":"https:\/\/betlabel.win\/hu\/wp-json\/wp\/v2\/pages"}],"about":[{"href":"https:\/\/betlabel.win\/hu\/wp-json\/wp\/v2\/types\/page"}],"author":[{"embeddable":true,"href":"https:\/\/betlabel.win\/hu\/wp-json\/wp\/v2\/users\/1"}],"replies":[{"embeddable":true,"href":"https:\/\/betlabel.win\/hu\/wp-json\/wp\/v2\/comments?post=238"}],"version-history":[{"count":15,"href":"https:\/\/betlabel.win\/hu\/wp-json\/wp\/v2\/pages\/238\/revisions"}],"predecessor-version":[{"id":429,"href":"https:\/\/betlabel.win\/hu\/wp-json\/wp\/v2\/pages\/238\/revisions\/429"}],"wp:attachment":[{"href":"https:\/\/betlabel.win\/hu\/wp-json\/wp\/v2\/media?parent=238"}],"curies":[{"name":"wp","href":"https:\/\/api.w.org\/{rel}","templated":true}]}}