{"id":205,"date":"2025-08-28T06:12:32","date_gmt":"2025-08-28T06:12:32","guid":{"rendered":"https:\/\/betlabel.win\/hu\/?page_id=205"},"modified":"2025-11-15T07:44:07","modified_gmt":"2025-11-15T07:44:07","slug":"bonus","status":"publish","type":"page","link":"https:\/\/betlabel.win\/hu\/bonus\/","title":{"rendered":"B\u00f3nusz"},"content":{"rendered":"","protected":false},"excerpt":{"rendered":"","protected":false},"author":1,"featured_media":0,"parent":0,"menu_order":0,"comment_status":"closed","ping_status":"closed","template":"","meta":{"footnotes":""},"class_list":["post-205","page","type-page","status-publish","hentry"],"yoast_head":"<!-- This site is optimized with the Yoast SEO plugin v26.3 - https:\/\/yoast.com\/wordpress\/plugins\/seo\/ -->\n<title>B\u00f3nusz Betlabel | Aj\u00e1nlatok, prom\u00f3ci\u00f3s k\u00f3dok \u00e9s aj\u00e1nd\u00e9kok<\/title>\n<meta name=\"description\" content=\"A legjobb Betlabel b\u00f3nuszok \u00faj \u00e9s megl\u00e9v\u0151 j\u00e1t\u00e9kosok sz\u00e1m\u00e1ra. Ak\u00e1r 600 000 HUF \u00e9s 150 ingyenes p\u00f6rget\u00e9s is el\u00e9rhet\u0151. Fedezze fel exkluz\u00edv aj\u00e1nlatainkat \u00e9s prom\u00f3ci\u00f3inkat, hogy maximaliz\u00e1lja nyerem\u00e9ny\u00e9t!\" \/>\n<meta name=\"robots\" content=\"index, follow, max-snippet:-1, max-image-preview:large, max-video-preview:-1\" \/>\n<meta property=\"og:locale\" content=\"hu_HU\" \/>\n<meta property=\"og:type\" content=\"article\" \/>\n<meta property=\"og:title\" content=\"B\u00f3nusz Betlabel | Aj\u00e1nlatok, prom\u00f3ci\u00f3s k\u00f3dok \u00e9s aj\u00e1nd\u00e9kok\" \/>\n<meta property=\"og:description\" content=\"A legjobb Betlabel b\u00f3nuszok \u00faj \u00e9s megl\u00e9v\u0151 j\u00e1t\u00e9kosok sz\u00e1m\u00e1ra. Ak\u00e1r 600 000 HUF \u00e9s 150 ingyenes p\u00f6rget\u00e9s is el\u00e9rhet\u0151. Fedezze fel exkluz\u00edv aj\u00e1nlatainkat \u00e9s prom\u00f3ci\u00f3inkat, hogy maximaliz\u00e1lja nyerem\u00e9ny\u00e9t!\" \/>\n<meta property=\"og:url\" content=\"https:\/\/betlabel.win\/hu\/bonus\/\" \/>\n<meta property=\"og:site_name\" content=\"Betlabel Win hu\" \/>\n<meta property=\"article:modified_time\" content=\"2025-11-15T07:44:07+00:00\" \/>\n<meta name=\"twitter:card\" content=\"summary_large_image\" \/>\n<script type=\"application\/ld+json\" class=\"yoast-schema-graph\">{\"@context\":\"https:\/\/schema.org\",\"@graph\":[{\"@type\":\"WebPage\",\"@id\":\"https:\/\/betlabel.win\/hu\/bonus\/\",\"url\":\"https:\/\/betlabel.win\/hu\/bonus\/\",\"name\":\"B\u00f3nusz Betlabel | Aj\u00e1nlatok, prom\u00f3ci\u00f3s k\u00f3dok \u00e9s aj\u00e1nd\u00e9kok\",\"isPartOf\":{\"@id\":\"https:\/\/betlabel.win\/hu\/#website\"},\"datePublished\":\"2025-08-28T06:12:32+00:00\",\"dateModified\":\"2025-11-15T07:44:07+00:00\",\"description\":\"A legjobb Betlabel b\u00f3nuszok \u00faj \u00e9s megl\u00e9v\u0151 j\u00e1t\u00e9kosok sz\u00e1m\u00e1ra. Ak\u00e1r 600 000 HUF \u00e9s 150 ingyenes p\u00f6rget\u00e9s is el\u00e9rhet\u0151. Fedezze fel exkluz\u00edv aj\u00e1nlatainkat \u00e9s prom\u00f3ci\u00f3inkat, hogy maximaliz\u00e1lja nyerem\u00e9ny\u00e9t!\",\"breadcrumb\":{\"@id\":\"https:\/\/betlabel.win\/hu\/bonus\/#breadcrumb\"},\"inLanguage\":\"hu\",\"potentialAction\":[{\"@type\":\"ReadAction\",\"target\":[\"https:\/\/betlabel.win\/hu\/bonus\/\"]}]},{\"@type\":\"BreadcrumbList\",\"@id\":\"https:\/\/betlabel.win\/hu\/bonus\/#breadcrumb\",\"itemListElement\":[{\"@type\":\"ListItem\",\"position\":1,\"name\":\"Home\",\"item\":\"https:\/\/betlabel.win\/hu\/\"},{\"@type\":\"ListItem\",\"position\":2,\"name\":\"B\u00f3nusz\"}]},{\"@type\":\"WebSite\",\"@id\":\"https:\/\/betlabel.win\/hu\/#website\",\"url\":\"https:\/\/betlabel.win\/hu\/\",\"name\":\"Betlabel Win hu\",\"description\":\"\",\"potentialAction\":[{\"@type\":\"SearchAction\",\"target\":{\"@type\":\"EntryPoint\",\"urlTemplate\":\"https:\/\/betlabel.win\/hu\/?s={search_term_string}\"},\"query-input\":{\"@type\":\"PropertyValueSpecification\",\"valueRequired\":true,\"valueName\":\"search_term_string\"}}],\"inLanguage\":\"hu\"}]}<\/script>\n<!-- \/ Yoast SEO plugin. -->","yoast_head_json":{"title":"B\u00f3nusz Betlabel | Aj\u00e1nlatok, prom\u00f3ci\u00f3s k\u00f3dok \u00e9s aj\u00e1nd\u00e9kok","description":"A legjobb Betlabel b\u00f3nuszok \u00faj \u00e9s megl\u00e9v\u0151 j\u00e1t\u00e9kosok sz\u00e1m\u00e1ra. Ak\u00e1r 600 000 HUF \u00e9s 150 ingyenes p\u00f6rget\u00e9s is el\u00e9rhet\u0151. Fedezze fel exkluz\u00edv aj\u00e1nlatainkat \u00e9s prom\u00f3ci\u00f3inkat, hogy maximaliz\u00e1lja nyerem\u00e9ny\u00e9t!","robots":{"index":"index","follow":"follow","max-snippet":"max-snippet:-1","max-image-preview":"max-image-preview:large","max-video-preview":"max-video-preview:-1"},"og_locale":"hu_HU","og_type":"article","og_title":"B\u00f3nusz Betlabel | Aj\u00e1nlatok, prom\u00f3ci\u00f3s k\u00f3dok \u00e9s aj\u00e1nd\u00e9kok","og_description":"A legjobb Betlabel b\u00f3nuszok \u00faj \u00e9s megl\u00e9v\u0151 j\u00e1t\u00e9kosok sz\u00e1m\u00e1ra. Ak\u00e1r 600 000 HUF \u00e9s 150 ingyenes p\u00f6rget\u00e9s is el\u00e9rhet\u0151. Fedezze fel exkluz\u00edv aj\u00e1nlatainkat \u00e9s prom\u00f3ci\u00f3inkat, hogy maximaliz\u00e1lja nyerem\u00e9ny\u00e9t!","og_url":"https:\/\/betlabel.win\/hu\/bonus\/","og_site_name":"Betlabel Win hu","article_modified_time":"2025-11-15T07:44:07+00:00","twitter_card":"summary_large_image","schema":{"@context":"https:\/\/schema.org","@graph":[{"@type":"WebPage","@id":"https:\/\/betlabel.win\/hu\/bonus\/","url":"https:\/\/betlabel.win\/hu\/bonus\/","name":"B\u00f3nusz Betlabel | Aj\u00e1nlatok, prom\u00f3ci\u00f3s k\u00f3dok \u00e9s aj\u00e1nd\u00e9kok","isPartOf":{"@id":"https:\/\/betlabel.win\/hu\/#website"},"datePublished":"2025-08-28T06:12:32+00:00","dateModified":"2025-11-15T07:44:07+00:00","description":"A legjobb Betlabel b\u00f3nuszok \u00faj \u00e9s megl\u00e9v\u0151 j\u00e1t\u00e9kosok sz\u00e1m\u00e1ra. Ak\u00e1r 600 000 HUF \u00e9s 150 ingyenes p\u00f6rget\u00e9s is el\u00e9rhet\u0151. Fedezze fel exkluz\u00edv aj\u00e1nlatainkat \u00e9s prom\u00f3ci\u00f3inkat, hogy maximaliz\u00e1lja nyerem\u00e9ny\u00e9t!","breadcrumb":{"@id":"https:\/\/betlabel.win\/hu\/bonus\/#breadcrumb"},"inLanguage":"hu","potentialAction":[{"@type":"ReadAction","target":["https:\/\/betlabel.win\/hu\/bonus\/"]}]},{"@type":"BreadcrumbList","@id":"https:\/\/betlabel.win\/hu\/bonus\/#breadcrumb","itemListElement":[{"@type":"ListItem","position":1,"name":"Home","item":"https:\/\/betlabel.win\/hu\/"},{"@type":"ListItem","position":2,"name":"B\u00f3nusz"}]},{"@type":"WebSite","@id":"https:\/\/betlabel.win\/hu\/#website","url":"https:\/\/betlabel.win\/hu\/","name":"Betlabel Win hu","description":"","potentialAction":[{"@type":"SearchAction","target":{"@type":"EntryPoint","urlTemplate":"https:\/\/betlabel.win\/hu\/?s={search_term_string}"},"query-input":{"@type":"PropertyValueSpecification","valueRequired":true,"valueName":"search_term_string"}}],"inLanguage":"hu"}]}},"_links":{"self":[{"href":"https:\/\/betlabel.win\/hu\/wp-json\/wp\/v2\/pages\/205","targetHints":{"allow":["GET"]}}],"collection":[{"href":"https:\/\/betlabel.win\/hu\/wp-json\/wp\/v2\/pages"}],"about":[{"href":"https:\/\/betlabel.win\/hu\/wp-json\/wp\/v2\/types\/page"}],"author":[{"embeddable":true,"href":"https:\/\/betlabel.win\/hu\/wp-json\/wp\/v2\/users\/1"}],"replies":[{"embeddable":true,"href":"https:\/\/betlabel.win\/hu\/wp-json\/wp\/v2\/comments?post=205"}],"version-history":[{"count":13,"href":"https:\/\/betlabel.win\/hu\/wp-json\/wp\/v2\/pages\/205\/revisions"}],"predecessor-version":[{"id":424,"href":"https:\/\/betlabel.win\/hu\/wp-json\/wp\/v2\/pages\/205\/revisions\/424"}],"wp:attachment":[{"href":"https:\/\/betlabel.win\/hu\/wp-json\/wp\/v2\/media?parent=205"}],"curies":[{"name":"wp","href":"https:\/\/api.w.org\/{rel}","templated":true}]}}