{"id":287,"date":"2025-09-26T16:52:57","date_gmt":"2025-09-26T16:52:57","guid":{"rendered":"https:\/\/betlabel.win\/hr\/?page_id=287"},"modified":"2025-11-21T09:44:18","modified_gmt":"2025-11-21T09:44:18","slug":"registration","status":"publish","type":"page","link":"https:\/\/betlabel.win\/hr\/registration\/","title":{"rendered":"Registracija"},"content":{"rendered":"","protected":false},"excerpt":{"rendered":"","protected":false},"author":1,"featured_media":0,"parent":0,"menu_order":0,"comment_status":"closed","ping_status":"closed","template":"","meta":{"footnotes":""},"class_list":["post-287","page","type-page","status-publish","hentry"],"yoast_head":"<!-- This site is optimized with the Yoast SEO plugin v26.3 - https:\/\/yoast.com\/wordpress\/plugins\/seo\/ -->\n<title>Registracija na BetLabel: po\u010dnite se kladiti i igrati u kasinu<\/title>\n<meta name=\"description\" content=\"Registrirajte se na BetLabelu: otvorite ra\u010dun za minutu i pristupite kla\u0111enju i kasino igrama. Jednostavan postupak bez muke.\" \/>\n<meta name=\"robots\" content=\"index, follow, max-snippet:-1, max-image-preview:large, max-video-preview:-1\" \/>\n<meta property=\"og:locale\" content=\"hr_HR\" \/>\n<meta property=\"og:type\" content=\"article\" \/>\n<meta property=\"og:title\" content=\"Registracija na BetLabel: po\u010dnite se kladiti i igrati u kasinu\" \/>\n<meta property=\"og:description\" content=\"Registrirajte se na BetLabelu: otvorite ra\u010dun za minutu i pristupite kla\u0111enju i kasino igrama. Jednostavan postupak bez muke.\" \/>\n<meta property=\"og:url\" content=\"https:\/\/betlabel.win\/hr\/registration\/\" \/>\n<meta property=\"og:site_name\" content=\"Betlabel Win HR\" \/>\n<meta property=\"article:modified_time\" content=\"2025-11-21T09:44:18+00:00\" \/>\n<meta name=\"twitter:card\" content=\"summary_large_image\" \/>\n<script type=\"application\/ld+json\" class=\"yoast-schema-graph\">{\"@context\":\"https:\/\/schema.org\",\"@graph\":[{\"@type\":\"WebPage\",\"@id\":\"https:\/\/betlabel.win\/hr\/registration\/\",\"url\":\"https:\/\/betlabel.win\/hr\/registration\/\",\"name\":\"Registracija na BetLabel: po\u010dnite se kladiti i igrati u kasinu\",\"isPartOf\":{\"@id\":\"https:\/\/betlabel.win\/hr\/#website\"},\"datePublished\":\"2025-09-26T16:52:57+00:00\",\"dateModified\":\"2025-11-21T09:44:18+00:00\",\"description\":\"Registrirajte se na BetLabelu: otvorite ra\u010dun za minutu i pristupite kla\u0111enju i kasino igrama. Jednostavan postupak bez muke.\",\"breadcrumb\":{\"@id\":\"https:\/\/betlabel.win\/hr\/registration\/#breadcrumb\"},\"inLanguage\":\"hr\",\"potentialAction\":[{\"@type\":\"ReadAction\",\"target\":[\"https:\/\/betlabel.win\/hr\/registration\/\"]}]},{\"@type\":\"BreadcrumbList\",\"@id\":\"https:\/\/betlabel.win\/hr\/registration\/#breadcrumb\",\"itemListElement\":[{\"@type\":\"ListItem\",\"position\":1,\"name\":\"Home\",\"item\":\"https:\/\/betlabel.win\/hr\/\"},{\"@type\":\"ListItem\",\"position\":2,\"name\":\"Registracija\"}]},{\"@type\":\"WebSite\",\"@id\":\"https:\/\/betlabel.win\/hr\/#website\",\"url\":\"https:\/\/betlabel.win\/hr\/\",\"name\":\"Betlabel Win HR\",\"description\":\"\",\"potentialAction\":[{\"@type\":\"SearchAction\",\"target\":{\"@type\":\"EntryPoint\",\"urlTemplate\":\"https:\/\/betlabel.win\/hr\/?s={search_term_string}\"},\"query-input\":{\"@type\":\"PropertyValueSpecification\",\"valueRequired\":true,\"valueName\":\"search_term_string\"}}],\"inLanguage\":\"hr\"}]}<\/script>\n<!-- \/ Yoast SEO plugin. -->","yoast_head_json":{"title":"Registracija na BetLabel: po\u010dnite se kladiti i igrati u kasinu","description":"Registrirajte se na BetLabelu: otvorite ra\u010dun za minutu i pristupite kla\u0111enju i kasino igrama. Jednostavan postupak bez muke.","robots":{"index":"index","follow":"follow","max-snippet":"max-snippet:-1","max-image-preview":"max-image-preview:large","max-video-preview":"max-video-preview:-1"},"og_locale":"hr_HR","og_type":"article","og_title":"Registracija na BetLabel: po\u010dnite se kladiti i igrati u kasinu","og_description":"Registrirajte se na BetLabelu: otvorite ra\u010dun za minutu i pristupite kla\u0111enju i kasino igrama. Jednostavan postupak bez muke.","og_url":"https:\/\/betlabel.win\/hr\/registration\/","og_site_name":"Betlabel Win HR","article_modified_time":"2025-11-21T09:44:18+00:00","twitter_card":"summary_large_image","schema":{"@context":"https:\/\/schema.org","@graph":[{"@type":"WebPage","@id":"https:\/\/betlabel.win\/hr\/registration\/","url":"https:\/\/betlabel.win\/hr\/registration\/","name":"Registracija na BetLabel: po\u010dnite se kladiti i igrati u kasinu","isPartOf":{"@id":"https:\/\/betlabel.win\/hr\/#website"},"datePublished":"2025-09-26T16:52:57+00:00","dateModified":"2025-11-21T09:44:18+00:00","description":"Registrirajte se na BetLabelu: otvorite ra\u010dun za minutu i pristupite kla\u0111enju i kasino igrama. Jednostavan postupak bez muke.","breadcrumb":{"@id":"https:\/\/betlabel.win\/hr\/registration\/#breadcrumb"},"inLanguage":"hr","potentialAction":[{"@type":"ReadAction","target":["https:\/\/betlabel.win\/hr\/registration\/"]}]},{"@type":"BreadcrumbList","@id":"https:\/\/betlabel.win\/hr\/registration\/#breadcrumb","itemListElement":[{"@type":"ListItem","position":1,"name":"Home","item":"https:\/\/betlabel.win\/hr\/"},{"@type":"ListItem","position":2,"name":"Registracija"}]},{"@type":"WebSite","@id":"https:\/\/betlabel.win\/hr\/#website","url":"https:\/\/betlabel.win\/hr\/","name":"Betlabel Win HR","description":"","potentialAction":[{"@type":"SearchAction","target":{"@type":"EntryPoint","urlTemplate":"https:\/\/betlabel.win\/hr\/?s={search_term_string}"},"query-input":{"@type":"PropertyValueSpecification","valueRequired":true,"valueName":"search_term_string"}}],"inLanguage":"hr"}]}},"_links":{"self":[{"href":"https:\/\/betlabel.win\/hr\/wp-json\/wp\/v2\/pages\/287","targetHints":{"allow":["GET"]}}],"collection":[{"href":"https:\/\/betlabel.win\/hr\/wp-json\/wp\/v2\/pages"}],"about":[{"href":"https:\/\/betlabel.win\/hr\/wp-json\/wp\/v2\/types\/page"}],"author":[{"embeddable":true,"href":"https:\/\/betlabel.win\/hr\/wp-json\/wp\/v2\/users\/1"}],"replies":[{"embeddable":true,"href":"https:\/\/betlabel.win\/hr\/wp-json\/wp\/v2\/comments?post=287"}],"version-history":[{"count":9,"href":"https:\/\/betlabel.win\/hr\/wp-json\/wp\/v2\/pages\/287\/revisions"}],"predecessor-version":[{"id":575,"href":"https:\/\/betlabel.win\/hr\/wp-json\/wp\/v2\/pages\/287\/revisions\/575"}],"wp:attachment":[{"href":"https:\/\/betlabel.win\/hr\/wp-json\/wp\/v2\/media?parent=287"}],"curies":[{"name":"wp","href":"https:\/\/api.w.org\/{rel}","templated":true}]}}