{"id":2,"date":"2023-05-18T17:18:34","date_gmt":"2023-05-18T17:18:34","guid":{"rendered":"https:\/\/betlabel.win\/hr\/?page_id=2"},"modified":"2025-11-21T09:52:04","modified_gmt":"2025-11-21T09:52:04","slug":"sample-page","status":"publish","type":"page","link":"https:\/\/betlabel.win\/hr\/","title":{"rendered":"Po\u010detna"},"content":{"rendered":"","protected":false},"excerpt":{"rendered":"","protected":false},"author":1,"featured_media":0,"parent":0,"menu_order":0,"comment_status":"closed","ping_status":"open","template":"","meta":{"footnotes":""},"class_list":["post-2","page","type-page","status-publish","hentry"],"yoast_head":"<!-- This site is optimized with the Yoast SEO plugin v26.3 - https:\/\/yoast.com\/wordpress\/plugins\/seo\/ -->\n<title>BetLabel Casino i sportsko kla\u0111enje | Zna\u010dajke, bonusi, igre<\/title>\n<meta name=\"description\" content=\"Otkrijte BetLabel Casino i sportsko kla\u0111enje u 2025.! U\u017eivajte u \u0161irokom izboru sportskih tr\u017ei\u0161ta, uzbudljivim kasino igrama i velikodu\u0161nim bonusima. Otkrijte na\u0161e licence, sigurnosne zna\u010dajke i intuitivnu platformu za vrhunsko iskustvo kla\u0111enja.\" \/>\n<meta name=\"robots\" content=\"index, follow, max-snippet:-1, max-image-preview:large, max-video-preview:-1\" \/>\n<meta property=\"og:locale\" content=\"hr_HR\" \/>\n<meta property=\"og:type\" content=\"article\" \/>\n<meta property=\"og:title\" content=\"BetLabel Casino i sportsko kla\u0111enje | Zna\u010dajke, bonusi, igre\" \/>\n<meta property=\"og:description\" content=\"Otkrijte BetLabel Casino i sportsko kla\u0111enje u 2025.! U\u017eivajte u \u0161irokom izboru sportskih tr\u017ei\u0161ta, uzbudljivim kasino igrama i velikodu\u0161nim bonusima. Otkrijte na\u0161e licence, sigurnosne zna\u010dajke i intuitivnu platformu za vrhunsko iskustvo kla\u0111enja.\" \/>\n<meta property=\"og:url\" content=\"https:\/\/betlabel.win\/hr\/\" \/>\n<meta property=\"og:site_name\" content=\"Betlabel Win HR\" \/>\n<meta property=\"article:modified_time\" content=\"2025-11-21T09:52:04+00:00\" \/>\n<meta name=\"twitter:card\" content=\"summary_large_image\" \/>\n<script type=\"application\/ld+json\" class=\"yoast-schema-graph\">{\"@context\":\"https:\/\/schema.org\",\"@graph\":[{\"@type\":\"WebPage\",\"@id\":\"https:\/\/betlabel.win\/hr\/\",\"url\":\"https:\/\/betlabel.win\/hr\/\",\"name\":\"BetLabel Casino i sportsko kla\u0111enje | Zna\u010dajke, bonusi, igre\",\"isPartOf\":{\"@id\":\"https:\/\/betlabel.win\/hr\/#website\"},\"datePublished\":\"2023-05-18T17:18:34+00:00\",\"dateModified\":\"2025-11-21T09:52:04+00:00\",\"description\":\"Otkrijte BetLabel Casino i sportsko kla\u0111enje u 2025.! U\u017eivajte u \u0161irokom izboru sportskih tr\u017ei\u0161ta, uzbudljivim kasino igrama i velikodu\u0161nim bonusima. Otkrijte na\u0161e licence, sigurnosne zna\u010dajke i intuitivnu platformu za vrhunsko iskustvo kla\u0111enja.\",\"breadcrumb\":{\"@id\":\"https:\/\/betlabel.win\/hr\/#breadcrumb\"},\"inLanguage\":\"hr\",\"potentialAction\":[{\"@type\":\"ReadAction\",\"target\":[\"https:\/\/betlabel.win\/hr\/\"]}]},{\"@type\":\"BreadcrumbList\",\"@id\":\"https:\/\/betlabel.win\/hr\/#breadcrumb\",\"itemListElement\":[{\"@type\":\"ListItem\",\"position\":1,\"name\":\"Home\",\"item\":\"https:\/\/betlabel.win\/hr\/\"},{\"@type\":\"ListItem\",\"position\":2,\"name\":\"Po\u010detna\"}]},{\"@type\":\"WebSite\",\"@id\":\"https:\/\/betlabel.win\/hr\/#website\",\"url\":\"https:\/\/betlabel.win\/hr\/\",\"name\":\"Betlabel Win HR\",\"description\":\"\",\"potentialAction\":[{\"@type\":\"SearchAction\",\"target\":{\"@type\":\"EntryPoint\",\"urlTemplate\":\"https:\/\/betlabel.win\/hr\/?s={search_term_string}\"},\"query-input\":{\"@type\":\"PropertyValueSpecification\",\"valueRequired\":true,\"valueName\":\"search_term_string\"}}],\"inLanguage\":\"hr\"}]}<\/script>\n<!-- \/ Yoast SEO plugin. -->","yoast_head_json":{"title":"BetLabel Casino i sportsko kla\u0111enje | Zna\u010dajke, bonusi, igre","description":"Otkrijte BetLabel Casino i sportsko kla\u0111enje u 2025.! U\u017eivajte u \u0161irokom izboru sportskih tr\u017ei\u0161ta, uzbudljivim kasino igrama i velikodu\u0161nim bonusima. Otkrijte na\u0161e licence, sigurnosne zna\u010dajke i intuitivnu platformu za vrhunsko iskustvo kla\u0111enja.","robots":{"index":"index","follow":"follow","max-snippet":"max-snippet:-1","max-image-preview":"max-image-preview:large","max-video-preview":"max-video-preview:-1"},"og_locale":"hr_HR","og_type":"article","og_title":"BetLabel Casino i sportsko kla\u0111enje | Zna\u010dajke, bonusi, igre","og_description":"Otkrijte BetLabel Casino i sportsko kla\u0111enje u 2025.! U\u017eivajte u \u0161irokom izboru sportskih tr\u017ei\u0161ta, uzbudljivim kasino igrama i velikodu\u0161nim bonusima. Otkrijte na\u0161e licence, sigurnosne zna\u010dajke i intuitivnu platformu za vrhunsko iskustvo kla\u0111enja.","og_url":"https:\/\/betlabel.win\/hr\/","og_site_name":"Betlabel Win HR","article_modified_time":"2025-11-21T09:52:04+00:00","twitter_card":"summary_large_image","schema":{"@context":"https:\/\/schema.org","@graph":[{"@type":"WebPage","@id":"https:\/\/betlabel.win\/hr\/","url":"https:\/\/betlabel.win\/hr\/","name":"BetLabel Casino i sportsko kla\u0111enje | Zna\u010dajke, bonusi, igre","isPartOf":{"@id":"https:\/\/betlabel.win\/hr\/#website"},"datePublished":"2023-05-18T17:18:34+00:00","dateModified":"2025-11-21T09:52:04+00:00","description":"Otkrijte BetLabel Casino i sportsko kla\u0111enje u 2025.! U\u017eivajte u \u0161irokom izboru sportskih tr\u017ei\u0161ta, uzbudljivim kasino igrama i velikodu\u0161nim bonusima. Otkrijte na\u0161e licence, sigurnosne zna\u010dajke i intuitivnu platformu za vrhunsko iskustvo kla\u0111enja.","breadcrumb":{"@id":"https:\/\/betlabel.win\/hr\/#breadcrumb"},"inLanguage":"hr","potentialAction":[{"@type":"ReadAction","target":["https:\/\/betlabel.win\/hr\/"]}]},{"@type":"BreadcrumbList","@id":"https:\/\/betlabel.win\/hr\/#breadcrumb","itemListElement":[{"@type":"ListItem","position":1,"name":"Home","item":"https:\/\/betlabel.win\/hr\/"},{"@type":"ListItem","position":2,"name":"Po\u010detna"}]},{"@type":"WebSite","@id":"https:\/\/betlabel.win\/hr\/#website","url":"https:\/\/betlabel.win\/hr\/","name":"Betlabel Win HR","description":"","potentialAction":[{"@type":"SearchAction","target":{"@type":"EntryPoint","urlTemplate":"https:\/\/betlabel.win\/hr\/?s={search_term_string}"},"query-input":{"@type":"PropertyValueSpecification","valueRequired":true,"valueName":"search_term_string"}}],"inLanguage":"hr"}]}},"_links":{"self":[{"href":"https:\/\/betlabel.win\/hr\/wp-json\/wp\/v2\/pages\/2","targetHints":{"allow":["GET"]}}],"collection":[{"href":"https:\/\/betlabel.win\/hr\/wp-json\/wp\/v2\/pages"}],"about":[{"href":"https:\/\/betlabel.win\/hr\/wp-json\/wp\/v2\/types\/page"}],"author":[{"embeddable":true,"href":"https:\/\/betlabel.win\/hr\/wp-json\/wp\/v2\/users\/1"}],"replies":[{"embeddable":true,"href":"https:\/\/betlabel.win\/hr\/wp-json\/wp\/v2\/comments?post=2"}],"version-history":[{"count":28,"href":"https:\/\/betlabel.win\/hr\/wp-json\/wp\/v2\/pages\/2\/revisions"}],"predecessor-version":[{"id":580,"href":"https:\/\/betlabel.win\/hr\/wp-json\/wp\/v2\/pages\/2\/revisions\/580"}],"wp:attachment":[{"href":"https:\/\/betlabel.win\/hr\/wp-json\/wp\/v2\/media?parent=2"}],"curies":[{"name":"wp","href":"https:\/\/api.w.org\/{rel}","templated":true}]}}