{"id":299,"date":"2025-09-27T04:09:50","date_gmt":"2025-09-27T04:09:50","guid":{"rendered":"https:\/\/betlabel.win\/fi\/?page_id=299"},"modified":"2025-10-31T12:53:30","modified_gmt":"2025-10-31T12:53:30","slug":"log-in","status":"publish","type":"page","link":"https:\/\/betlabel.win\/fi\/log-in\/","title":{"rendered":"Kirjaudu sis\u00e4\u00e4n"},"content":{"rendered":"","protected":false},"excerpt":{"rendered":"","protected":false},"author":1,"featured_media":0,"parent":0,"menu_order":0,"comment_status":"closed","ping_status":"closed","template":"","meta":{"footnotes":""},"class_list":["post-299","page","type-page","status-publish","hentry"],"yoast_head":"<!-- This site is optimized with the Yoast SEO plugin v26.3 - https:\/\/yoast.com\/wordpress\/plugins\/seo\/ -->\n<title>BetLabel-kirjautuminen: kuinka p\u00e4\u00e4set tilillesi kaikilla laitteilla<\/title>\n<meta name=\"description\" content=\"BetLabel-valtuutus: p\u00e4\u00e4set nopeasti ja turvallisesti tilillesi pelaamaan vedonly\u00f6nti- ja kasinopelej\u00e4 tietokoneella ja mobiililaitteilla.\" \/>\n<meta name=\"robots\" content=\"index, follow, max-snippet:-1, max-image-preview:large, max-video-preview:-1\" \/>\n<meta property=\"og:locale\" content=\"fi_FI\" \/>\n<meta property=\"og:type\" content=\"article\" \/>\n<meta property=\"og:title\" content=\"BetLabel-kirjautuminen: kuinka p\u00e4\u00e4set tilillesi kaikilla laitteilla\" \/>\n<meta property=\"og:description\" content=\"BetLabel-valtuutus: p\u00e4\u00e4set nopeasti ja turvallisesti tilillesi pelaamaan vedonly\u00f6nti- ja kasinopelej\u00e4 tietokoneella ja mobiililaitteilla.\" \/>\n<meta property=\"og:url\" content=\"https:\/\/betlabel.win\/fi\/log-in\/\" \/>\n<meta property=\"og:site_name\" content=\"Betlabel Win FI\" \/>\n<meta property=\"article:modified_time\" content=\"2025-10-31T12:53:30+00:00\" \/>\n<meta name=\"twitter:card\" content=\"summary_large_image\" \/>\n<script type=\"application\/ld+json\" class=\"yoast-schema-graph\">{\"@context\":\"https:\/\/schema.org\",\"@graph\":[{\"@type\":\"WebPage\",\"@id\":\"https:\/\/betlabel.win\/fi\/log-in\/\",\"url\":\"https:\/\/betlabel.win\/fi\/log-in\/\",\"name\":\"BetLabel-kirjautuminen: kuinka p\u00e4\u00e4set tilillesi kaikilla laitteilla\",\"isPartOf\":{\"@id\":\"https:\/\/betlabel.win\/fi\/#website\"},\"datePublished\":\"2025-09-27T04:09:50+00:00\",\"dateModified\":\"2025-10-31T12:53:30+00:00\",\"description\":\"BetLabel-valtuutus: p\u00e4\u00e4set nopeasti ja turvallisesti tilillesi pelaamaan vedonly\u00f6nti- ja kasinopelej\u00e4 tietokoneella ja mobiililaitteilla.\",\"breadcrumb\":{\"@id\":\"https:\/\/betlabel.win\/fi\/log-in\/#breadcrumb\"},\"inLanguage\":\"fi\",\"potentialAction\":[{\"@type\":\"ReadAction\",\"target\":[\"https:\/\/betlabel.win\/fi\/log-in\/\"]}]},{\"@type\":\"BreadcrumbList\",\"@id\":\"https:\/\/betlabel.win\/fi\/log-in\/#breadcrumb\",\"itemListElement\":[{\"@type\":\"ListItem\",\"position\":1,\"name\":\"Home\",\"item\":\"https:\/\/betlabel.win\/fi\/\"},{\"@type\":\"ListItem\",\"position\":2,\"name\":\"Kirjaudu sis\u00e4\u00e4n\"}]},{\"@type\":\"WebSite\",\"@id\":\"https:\/\/betlabel.win\/fi\/#website\",\"url\":\"https:\/\/betlabel.win\/fi\/\",\"name\":\"Betlabel Win FI\",\"description\":\"\",\"potentialAction\":[{\"@type\":\"SearchAction\",\"target\":{\"@type\":\"EntryPoint\",\"urlTemplate\":\"https:\/\/betlabel.win\/fi\/?s={search_term_string}\"},\"query-input\":{\"@type\":\"PropertyValueSpecification\",\"valueRequired\":true,\"valueName\":\"search_term_string\"}}],\"inLanguage\":\"fi\"}]}<\/script>\n<!-- \/ Yoast SEO plugin. -->","yoast_head_json":{"title":"BetLabel-kirjautuminen: kuinka p\u00e4\u00e4set tilillesi kaikilla laitteilla","description":"BetLabel-valtuutus: p\u00e4\u00e4set nopeasti ja turvallisesti tilillesi pelaamaan vedonly\u00f6nti- ja kasinopelej\u00e4 tietokoneella ja mobiililaitteilla.","robots":{"index":"index","follow":"follow","max-snippet":"max-snippet:-1","max-image-preview":"max-image-preview:large","max-video-preview":"max-video-preview:-1"},"og_locale":"fi_FI","og_type":"article","og_title":"BetLabel-kirjautuminen: kuinka p\u00e4\u00e4set tilillesi kaikilla laitteilla","og_description":"BetLabel-valtuutus: p\u00e4\u00e4set nopeasti ja turvallisesti tilillesi pelaamaan vedonly\u00f6nti- ja kasinopelej\u00e4 tietokoneella ja mobiililaitteilla.","og_url":"https:\/\/betlabel.win\/fi\/log-in\/","og_site_name":"Betlabel Win FI","article_modified_time":"2025-10-31T12:53:30+00:00","twitter_card":"summary_large_image","schema":{"@context":"https:\/\/schema.org","@graph":[{"@type":"WebPage","@id":"https:\/\/betlabel.win\/fi\/log-in\/","url":"https:\/\/betlabel.win\/fi\/log-in\/","name":"BetLabel-kirjautuminen: kuinka p\u00e4\u00e4set tilillesi kaikilla laitteilla","isPartOf":{"@id":"https:\/\/betlabel.win\/fi\/#website"},"datePublished":"2025-09-27T04:09:50+00:00","dateModified":"2025-10-31T12:53:30+00:00","description":"BetLabel-valtuutus: p\u00e4\u00e4set nopeasti ja turvallisesti tilillesi pelaamaan vedonly\u00f6nti- ja kasinopelej\u00e4 tietokoneella ja mobiililaitteilla.","breadcrumb":{"@id":"https:\/\/betlabel.win\/fi\/log-in\/#breadcrumb"},"inLanguage":"fi","potentialAction":[{"@type":"ReadAction","target":["https:\/\/betlabel.win\/fi\/log-in\/"]}]},{"@type":"BreadcrumbList","@id":"https:\/\/betlabel.win\/fi\/log-in\/#breadcrumb","itemListElement":[{"@type":"ListItem","position":1,"name":"Home","item":"https:\/\/betlabel.win\/fi\/"},{"@type":"ListItem","position":2,"name":"Kirjaudu sis\u00e4\u00e4n"}]},{"@type":"WebSite","@id":"https:\/\/betlabel.win\/fi\/#website","url":"https:\/\/betlabel.win\/fi\/","name":"Betlabel Win FI","description":"","potentialAction":[{"@type":"SearchAction","target":{"@type":"EntryPoint","urlTemplate":"https:\/\/betlabel.win\/fi\/?s={search_term_string}"},"query-input":{"@type":"PropertyValueSpecification","valueRequired":true,"valueName":"search_term_string"}}],"inLanguage":"fi"}]}},"_links":{"self":[{"href":"https:\/\/betlabel.win\/fi\/wp-json\/wp\/v2\/pages\/299","targetHints":{"allow":["GET"]}}],"collection":[{"href":"https:\/\/betlabel.win\/fi\/wp-json\/wp\/v2\/pages"}],"about":[{"href":"https:\/\/betlabel.win\/fi\/wp-json\/wp\/v2\/types\/page"}],"author":[{"embeddable":true,"href":"https:\/\/betlabel.win\/fi\/wp-json\/wp\/v2\/users\/1"}],"replies":[{"embeddable":true,"href":"https:\/\/betlabel.win\/fi\/wp-json\/wp\/v2\/comments?post=299"}],"version-history":[{"count":13,"href":"https:\/\/betlabel.win\/fi\/wp-json\/wp\/v2\/pages\/299\/revisions"}],"predecessor-version":[{"id":445,"href":"https:\/\/betlabel.win\/fi\/wp-json\/wp\/v2\/pages\/299\/revisions\/445"}],"wp:attachment":[{"href":"https:\/\/betlabel.win\/fi\/wp-json\/wp\/v2\/media?parent=299"}],"curies":[{"name":"wp","href":"https:\/\/api.w.org\/{rel}","templated":true}]}}