{"id":188,"date":"2025-08-27T11:41:08","date_gmt":"2025-08-27T11:41:08","guid":{"rendered":"https:\/\/betlabel.win\/fi\/?page_id=188"},"modified":"2025-11-02T07:20:42","modified_gmt":"2025-11-02T07:20:42","slug":"casino","status":"publish","type":"page","link":"https:\/\/betlabel.win\/fi\/casino\/","title":{"rendered":"Kasino"},"content":{"rendered":"","protected":false},"excerpt":{"rendered":"","protected":false},"author":1,"featured_media":0,"parent":0,"menu_order":0,"comment_status":"closed","ping_status":"closed","template":"","meta":{"footnotes":""},"class_list":["post-188","page","type-page","status-publish","hentry"],"yoast_head":"<!-- This site is optimized with the Yoast SEO plugin v26.3 - https:\/\/yoast.com\/wordpress\/plugins\/seo\/ -->\n<title>Betlabel Kasino | Edut, bonukset ja suosittuja pelej\u00e4<\/title>\n<meta name=\"description\" content=\"Tutustu Betlabel Kasino: anteliaat bonukset, laaja pelivalikoima ja luotettavuus. Pelaa kolikkopelej\u00e4, p\u00f6yt\u00e4pelej\u00e4 ja live-kasinopelej\u00e4 erinomaisella palvelulla!\" \/>\n<meta name=\"robots\" content=\"index, follow, max-snippet:-1, max-image-preview:large, max-video-preview:-1\" \/>\n<meta property=\"og:locale\" content=\"fi_FI\" \/>\n<meta property=\"og:type\" content=\"article\" \/>\n<meta property=\"og:title\" content=\"Betlabel Kasino | Edut, bonukset ja suosittuja pelej\u00e4\" \/>\n<meta property=\"og:description\" content=\"Tutustu Betlabel Kasino: anteliaat bonukset, laaja pelivalikoima ja luotettavuus. Pelaa kolikkopelej\u00e4, p\u00f6yt\u00e4pelej\u00e4 ja live-kasinopelej\u00e4 erinomaisella palvelulla!\" \/>\n<meta property=\"og:url\" content=\"https:\/\/betlabel.win\/fi\/casino\/\" \/>\n<meta property=\"og:site_name\" content=\"Betlabel Win FI\" \/>\n<meta property=\"article:modified_time\" content=\"2025-11-02T07:20:42+00:00\" \/>\n<meta name=\"twitter:card\" content=\"summary_large_image\" \/>\n<script type=\"application\/ld+json\" class=\"yoast-schema-graph\">{\"@context\":\"https:\/\/schema.org\",\"@graph\":[{\"@type\":\"WebPage\",\"@id\":\"https:\/\/betlabel.win\/fi\/casino\/\",\"url\":\"https:\/\/betlabel.win\/fi\/casino\/\",\"name\":\"Betlabel Kasino | Edut, bonukset ja suosittuja pelej\u00e4\",\"isPartOf\":{\"@id\":\"https:\/\/betlabel.win\/fi\/#website\"},\"datePublished\":\"2025-08-27T11:41:08+00:00\",\"dateModified\":\"2025-11-02T07:20:42+00:00\",\"description\":\"Tutustu Betlabel Kasino: anteliaat bonukset, laaja pelivalikoima ja luotettavuus. Pelaa kolikkopelej\u00e4, p\u00f6yt\u00e4pelej\u00e4 ja live-kasinopelej\u00e4 erinomaisella palvelulla!\",\"breadcrumb\":{\"@id\":\"https:\/\/betlabel.win\/fi\/casino\/#breadcrumb\"},\"inLanguage\":\"fi\",\"potentialAction\":[{\"@type\":\"ReadAction\",\"target\":[\"https:\/\/betlabel.win\/fi\/casino\/\"]}]},{\"@type\":\"BreadcrumbList\",\"@id\":\"https:\/\/betlabel.win\/fi\/casino\/#breadcrumb\",\"itemListElement\":[{\"@type\":\"ListItem\",\"position\":1,\"name\":\"Home\",\"item\":\"https:\/\/betlabel.win\/fi\/\"},{\"@type\":\"ListItem\",\"position\":2,\"name\":\"Kasino\"}]},{\"@type\":\"WebSite\",\"@id\":\"https:\/\/betlabel.win\/fi\/#website\",\"url\":\"https:\/\/betlabel.win\/fi\/\",\"name\":\"Betlabel Win FI\",\"description\":\"\",\"potentialAction\":[{\"@type\":\"SearchAction\",\"target\":{\"@type\":\"EntryPoint\",\"urlTemplate\":\"https:\/\/betlabel.win\/fi\/?s={search_term_string}\"},\"query-input\":{\"@type\":\"PropertyValueSpecification\",\"valueRequired\":true,\"valueName\":\"search_term_string\"}}],\"inLanguage\":\"fi\"}]}<\/script>\n<!-- \/ Yoast SEO plugin. -->","yoast_head_json":{"title":"Betlabel Kasino | Edut, bonukset ja suosittuja pelej\u00e4","description":"Tutustu Betlabel Kasino: anteliaat bonukset, laaja pelivalikoima ja luotettavuus. Pelaa kolikkopelej\u00e4, p\u00f6yt\u00e4pelej\u00e4 ja live-kasinopelej\u00e4 erinomaisella palvelulla!","robots":{"index":"index","follow":"follow","max-snippet":"max-snippet:-1","max-image-preview":"max-image-preview:large","max-video-preview":"max-video-preview:-1"},"og_locale":"fi_FI","og_type":"article","og_title":"Betlabel Kasino | Edut, bonukset ja suosittuja pelej\u00e4","og_description":"Tutustu Betlabel Kasino: anteliaat bonukset, laaja pelivalikoima ja luotettavuus. Pelaa kolikkopelej\u00e4, p\u00f6yt\u00e4pelej\u00e4 ja live-kasinopelej\u00e4 erinomaisella palvelulla!","og_url":"https:\/\/betlabel.win\/fi\/casino\/","og_site_name":"Betlabel Win FI","article_modified_time":"2025-11-02T07:20:42+00:00","twitter_card":"summary_large_image","schema":{"@context":"https:\/\/schema.org","@graph":[{"@type":"WebPage","@id":"https:\/\/betlabel.win\/fi\/casino\/","url":"https:\/\/betlabel.win\/fi\/casino\/","name":"Betlabel Kasino | Edut, bonukset ja suosittuja pelej\u00e4","isPartOf":{"@id":"https:\/\/betlabel.win\/fi\/#website"},"datePublished":"2025-08-27T11:41:08+00:00","dateModified":"2025-11-02T07:20:42+00:00","description":"Tutustu Betlabel Kasino: anteliaat bonukset, laaja pelivalikoima ja luotettavuus. Pelaa kolikkopelej\u00e4, p\u00f6yt\u00e4pelej\u00e4 ja live-kasinopelej\u00e4 erinomaisella palvelulla!","breadcrumb":{"@id":"https:\/\/betlabel.win\/fi\/casino\/#breadcrumb"},"inLanguage":"fi","potentialAction":[{"@type":"ReadAction","target":["https:\/\/betlabel.win\/fi\/casino\/"]}]},{"@type":"BreadcrumbList","@id":"https:\/\/betlabel.win\/fi\/casino\/#breadcrumb","itemListElement":[{"@type":"ListItem","position":1,"name":"Home","item":"https:\/\/betlabel.win\/fi\/"},{"@type":"ListItem","position":2,"name":"Kasino"}]},{"@type":"WebSite","@id":"https:\/\/betlabel.win\/fi\/#website","url":"https:\/\/betlabel.win\/fi\/","name":"Betlabel Win FI","description":"","potentialAction":[{"@type":"SearchAction","target":{"@type":"EntryPoint","urlTemplate":"https:\/\/betlabel.win\/fi\/?s={search_term_string}"},"query-input":{"@type":"PropertyValueSpecification","valueRequired":true,"valueName":"search_term_string"}}],"inLanguage":"fi"}]}},"_links":{"self":[{"href":"https:\/\/betlabel.win\/fi\/wp-json\/wp\/v2\/pages\/188","targetHints":{"allow":["GET"]}}],"collection":[{"href":"https:\/\/betlabel.win\/fi\/wp-json\/wp\/v2\/pages"}],"about":[{"href":"https:\/\/betlabel.win\/fi\/wp-json\/wp\/v2\/types\/page"}],"author":[{"embeddable":true,"href":"https:\/\/betlabel.win\/fi\/wp-json\/wp\/v2\/users\/1"}],"replies":[{"embeddable":true,"href":"https:\/\/betlabel.win\/fi\/wp-json\/wp\/v2\/comments?post=188"}],"version-history":[{"count":11,"href":"https:\/\/betlabel.win\/fi\/wp-json\/wp\/v2\/pages\/188\/revisions"}],"predecessor-version":[{"id":444,"href":"https:\/\/betlabel.win\/fi\/wp-json\/wp\/v2\/pages\/188\/revisions\/444"}],"wp:attachment":[{"href":"https:\/\/betlabel.win\/fi\/wp-json\/wp\/v2\/media?parent=188"}],"curies":[{"name":"wp","href":"https:\/\/api.w.org\/{rel}","templated":true}]}}