{"id":271,"date":"2025-09-21T05:11:00","date_gmt":"2025-09-21T05:11:00","guid":{"rendered":"https:\/\/betlabel.win\/es\/?page_id=271"},"modified":"2025-10-31T17:24:19","modified_gmt":"2025-10-31T17:24:19","slug":"apk","status":"publish","type":"page","link":"https:\/\/betlabel.win\/es\/apk\/","title":{"rendered":"Apk"},"content":{"rendered":"","protected":false},"excerpt":{"rendered":"","protected":false},"author":1,"featured_media":0,"parent":0,"menu_order":0,"comment_status":"closed","ping_status":"closed","template":"","meta":{"footnotes":""},"class_list":["post-271","page","type-page","status-publish","hentry"],"yoast_head":"<!-- This site is optimized with the Yoast SEO plugin v26.3 - https:\/\/yoast.com\/wordpress\/plugins\/seo\/ -->\n<title>BetLabel APK para Android | Descargar e instalar el casino m\u00f3vil<\/title>\n<meta name=\"description\" content=\"Instala BetLabel APK en Android: un casino m\u00f3vil con una interfaz intuitiva, instalaci\u00f3n segura y funciones de juego completas.\" \/>\n<meta name=\"robots\" content=\"index, follow, max-snippet:-1, max-image-preview:large, max-video-preview:-1\" \/>\n<meta property=\"og:locale\" content=\"es_ES\" \/>\n<meta property=\"og:type\" content=\"article\" \/>\n<meta property=\"og:title\" content=\"BetLabel APK para Android | Descargar e instalar el casino m\u00f3vil\" \/>\n<meta property=\"og:description\" content=\"Instala BetLabel APK en Android: un casino m\u00f3vil con una interfaz intuitiva, instalaci\u00f3n segura y funciones de juego completas.\" \/>\n<meta property=\"og:url\" content=\"https:\/\/betlabel.win\/es\/apk\/\" \/>\n<meta property=\"og:site_name\" content=\"Betlabel Win es\" \/>\n<meta property=\"article:modified_time\" content=\"2025-10-31T17:24:19+00:00\" \/>\n<meta name=\"twitter:card\" content=\"summary_large_image\" \/>\n<script type=\"application\/ld+json\" class=\"yoast-schema-graph\">{\"@context\":\"https:\/\/schema.org\",\"@graph\":[{\"@type\":\"WebPage\",\"@id\":\"https:\/\/betlabel.win\/es\/apk\/\",\"url\":\"https:\/\/betlabel.win\/es\/apk\/\",\"name\":\"BetLabel APK para Android | Descargar e instalar el casino m\u00f3vil\",\"isPartOf\":{\"@id\":\"https:\/\/betlabel.win\/es\/#website\"},\"datePublished\":\"2025-09-21T05:11:00+00:00\",\"dateModified\":\"2025-10-31T17:24:19+00:00\",\"description\":\"Instala BetLabel APK en Android: un casino m\u00f3vil con una interfaz intuitiva, instalaci\u00f3n segura y funciones de juego completas.\",\"breadcrumb\":{\"@id\":\"https:\/\/betlabel.win\/es\/apk\/#breadcrumb\"},\"inLanguage\":\"es\",\"potentialAction\":[{\"@type\":\"ReadAction\",\"target\":[\"https:\/\/betlabel.win\/es\/apk\/\"]}]},{\"@type\":\"BreadcrumbList\",\"@id\":\"https:\/\/betlabel.win\/es\/apk\/#breadcrumb\",\"itemListElement\":[{\"@type\":\"ListItem\",\"position\":1,\"name\":\"Home\",\"item\":\"https:\/\/betlabel.win\/es\/\"},{\"@type\":\"ListItem\",\"position\":2,\"name\":\"Apk\"}]},{\"@type\":\"WebSite\",\"@id\":\"https:\/\/betlabel.win\/es\/#website\",\"url\":\"https:\/\/betlabel.win\/es\/\",\"name\":\"Betlabel Win es\",\"description\":\"\",\"potentialAction\":[{\"@type\":\"SearchAction\",\"target\":{\"@type\":\"EntryPoint\",\"urlTemplate\":\"https:\/\/betlabel.win\/es\/?s={search_term_string}\"},\"query-input\":{\"@type\":\"PropertyValueSpecification\",\"valueRequired\":true,\"valueName\":\"search_term_string\"}}],\"inLanguage\":\"es\"}]}<\/script>\n<!-- \/ Yoast SEO plugin. -->","yoast_head_json":{"title":"BetLabel APK para Android | Descargar e instalar el casino m\u00f3vil","description":"Instala BetLabel APK en Android: un casino m\u00f3vil con una interfaz intuitiva, instalaci\u00f3n segura y funciones de juego completas.","robots":{"index":"index","follow":"follow","max-snippet":"max-snippet:-1","max-image-preview":"max-image-preview:large","max-video-preview":"max-video-preview:-1"},"og_locale":"es_ES","og_type":"article","og_title":"BetLabel APK para Android | Descargar e instalar el casino m\u00f3vil","og_description":"Instala BetLabel APK en Android: un casino m\u00f3vil con una interfaz intuitiva, instalaci\u00f3n segura y funciones de juego completas.","og_url":"https:\/\/betlabel.win\/es\/apk\/","og_site_name":"Betlabel Win es","article_modified_time":"2025-10-31T17:24:19+00:00","twitter_card":"summary_large_image","schema":{"@context":"https:\/\/schema.org","@graph":[{"@type":"WebPage","@id":"https:\/\/betlabel.win\/es\/apk\/","url":"https:\/\/betlabel.win\/es\/apk\/","name":"BetLabel APK para Android | Descargar e instalar el casino m\u00f3vil","isPartOf":{"@id":"https:\/\/betlabel.win\/es\/#website"},"datePublished":"2025-09-21T05:11:00+00:00","dateModified":"2025-10-31T17:24:19+00:00","description":"Instala BetLabel APK en Android: un casino m\u00f3vil con una interfaz intuitiva, instalaci\u00f3n segura y funciones de juego completas.","breadcrumb":{"@id":"https:\/\/betlabel.win\/es\/apk\/#breadcrumb"},"inLanguage":"es","potentialAction":[{"@type":"ReadAction","target":["https:\/\/betlabel.win\/es\/apk\/"]}]},{"@type":"BreadcrumbList","@id":"https:\/\/betlabel.win\/es\/apk\/#breadcrumb","itemListElement":[{"@type":"ListItem","position":1,"name":"Home","item":"https:\/\/betlabel.win\/es\/"},{"@type":"ListItem","position":2,"name":"Apk"}]},{"@type":"WebSite","@id":"https:\/\/betlabel.win\/es\/#website","url":"https:\/\/betlabel.win\/es\/","name":"Betlabel Win es","description":"","potentialAction":[{"@type":"SearchAction","target":{"@type":"EntryPoint","urlTemplate":"https:\/\/betlabel.win\/es\/?s={search_term_string}"},"query-input":{"@type":"PropertyValueSpecification","valueRequired":true,"valueName":"search_term_string"}}],"inLanguage":"es"}]}},"_links":{"self":[{"href":"https:\/\/betlabel.win\/es\/wp-json\/wp\/v2\/pages\/271","targetHints":{"allow":["GET"]}}],"collection":[{"href":"https:\/\/betlabel.win\/es\/wp-json\/wp\/v2\/pages"}],"about":[{"href":"https:\/\/betlabel.win\/es\/wp-json\/wp\/v2\/types\/page"}],"author":[{"embeddable":true,"href":"https:\/\/betlabel.win\/es\/wp-json\/wp\/v2\/users\/1"}],"replies":[{"embeddable":true,"href":"https:\/\/betlabel.win\/es\/wp-json\/wp\/v2\/comments?post=271"}],"version-history":[{"count":11,"href":"https:\/\/betlabel.win\/es\/wp-json\/wp\/v2\/pages\/271\/revisions"}],"predecessor-version":[{"id":442,"href":"https:\/\/betlabel.win\/es\/wp-json\/wp\/v2\/pages\/271\/revisions\/442"}],"wp:attachment":[{"href":"https:\/\/betlabel.win\/es\/wp-json\/wp\/v2\/media?parent=271"}],"curies":[{"name":"wp","href":"https:\/\/api.w.org\/{rel}","templated":true}]}}