{"id":299,"date":"2025-09-27T04:09:50","date_gmt":"2025-09-27T04:09:50","guid":{"rendered":"https:\/\/betlabel.win\/cs\/?page_id=299"},"modified":"2025-10-29T18:48:54","modified_gmt":"2025-10-29T18:48:54","slug":"log-in","status":"publish","type":"page","link":"https:\/\/betlabel.win\/cs\/log-in\/","title":{"rendered":"P\u0159ihl\u00e1\u0161en\u00ed"},"content":{"rendered":"","protected":false},"excerpt":{"rendered":"","protected":false},"author":1,"featured_media":0,"parent":0,"menu_order":0,"comment_status":"closed","ping_status":"closed","template":"","meta":{"footnotes":""},"class_list":["post-299","page","type-page","status-publish","hentry"],"yoast_head":"<!-- This site is optimized with the Yoast SEO plugin v26.3 - https:\/\/yoast.com\/wordpress\/plugins\/seo\/ -->\n<title>P\u0159ihl\u00e1\u0161en\u00ed do BetLabel: Jak se p\u0159ihl\u00e1sit k \u00fa\u010dtu na v\u0161ech za\u0159\u00edzen\u00edch<\/title>\n<meta name=\"description\" content=\"Autorizace BetLabel: rychl\u00fd a bezpe\u010dn\u00fd p\u0159\u00edstup k va\u0161emu \u00fa\u010dtu, abyste mohli s\u00e1zet a hr\u00e1t kasinov\u00e9 hry na sv\u00e9m PC a mobiln\u00edch za\u0159\u00edzen\u00edch.\" \/>\n<meta name=\"robots\" content=\"index, follow, max-snippet:-1, max-image-preview:large, max-video-preview:-1\" \/>\n<meta property=\"og:locale\" content=\"cs_CZ\" \/>\n<meta property=\"og:type\" content=\"article\" \/>\n<meta property=\"og:title\" content=\"P\u0159ihl\u00e1\u0161en\u00ed do BetLabel: Jak se p\u0159ihl\u00e1sit k \u00fa\u010dtu na v\u0161ech za\u0159\u00edzen\u00edch\" \/>\n<meta property=\"og:description\" content=\"Autorizace BetLabel: rychl\u00fd a bezpe\u010dn\u00fd p\u0159\u00edstup k va\u0161emu \u00fa\u010dtu, abyste mohli s\u00e1zet a hr\u00e1t kasinov\u00e9 hry na sv\u00e9m PC a mobiln\u00edch za\u0159\u00edzen\u00edch.\" \/>\n<meta property=\"og:url\" content=\"https:\/\/betlabel.win\/cs\/log-in\/\" \/>\n<meta property=\"og:site_name\" content=\"Betlabel Win cs\" \/>\n<meta property=\"article:modified_time\" content=\"2025-10-29T18:48:54+00:00\" \/>\n<meta name=\"twitter:card\" content=\"summary_large_image\" \/>\n<script type=\"application\/ld+json\" class=\"yoast-schema-graph\">{\"@context\":\"https:\/\/schema.org\",\"@graph\":[{\"@type\":\"WebPage\",\"@id\":\"https:\/\/betlabel.win\/cs\/log-in\/\",\"url\":\"https:\/\/betlabel.win\/cs\/log-in\/\",\"name\":\"P\u0159ihl\u00e1\u0161en\u00ed do BetLabel: Jak se p\u0159ihl\u00e1sit k \u00fa\u010dtu na v\u0161ech za\u0159\u00edzen\u00edch\",\"isPartOf\":{\"@id\":\"https:\/\/betlabel.win\/cs\/#website\"},\"datePublished\":\"2025-09-27T04:09:50+00:00\",\"dateModified\":\"2025-10-29T18:48:54+00:00\",\"description\":\"Autorizace BetLabel: rychl\u00fd a bezpe\u010dn\u00fd p\u0159\u00edstup k va\u0161emu \u00fa\u010dtu, abyste mohli s\u00e1zet a hr\u00e1t kasinov\u00e9 hry na sv\u00e9m PC a mobiln\u00edch za\u0159\u00edzen\u00edch.\",\"breadcrumb\":{\"@id\":\"https:\/\/betlabel.win\/cs\/log-in\/#breadcrumb\"},\"inLanguage\":\"cs\",\"potentialAction\":[{\"@type\":\"ReadAction\",\"target\":[\"https:\/\/betlabel.win\/cs\/log-in\/\"]}]},{\"@type\":\"BreadcrumbList\",\"@id\":\"https:\/\/betlabel.win\/cs\/log-in\/#breadcrumb\",\"itemListElement\":[{\"@type\":\"ListItem\",\"position\":1,\"name\":\"Home\",\"item\":\"https:\/\/betlabel.win\/cs\/\"},{\"@type\":\"ListItem\",\"position\":2,\"name\":\"P\u0159ihl\u00e1\u0161en\u00ed\"}]},{\"@type\":\"WebSite\",\"@id\":\"https:\/\/betlabel.win\/cs\/#website\",\"url\":\"https:\/\/betlabel.win\/cs\/\",\"name\":\"Betlabel Win cs\",\"description\":\"\",\"potentialAction\":[{\"@type\":\"SearchAction\",\"target\":{\"@type\":\"EntryPoint\",\"urlTemplate\":\"https:\/\/betlabel.win\/cs\/?s={search_term_string}\"},\"query-input\":{\"@type\":\"PropertyValueSpecification\",\"valueRequired\":true,\"valueName\":\"search_term_string\"}}],\"inLanguage\":\"cs\"}]}<\/script>\n<!-- \/ Yoast SEO plugin. -->","yoast_head_json":{"title":"P\u0159ihl\u00e1\u0161en\u00ed do BetLabel: Jak se p\u0159ihl\u00e1sit k \u00fa\u010dtu na v\u0161ech za\u0159\u00edzen\u00edch","description":"Autorizace BetLabel: rychl\u00fd a bezpe\u010dn\u00fd p\u0159\u00edstup k va\u0161emu \u00fa\u010dtu, abyste mohli s\u00e1zet a hr\u00e1t kasinov\u00e9 hry na sv\u00e9m PC a mobiln\u00edch za\u0159\u00edzen\u00edch.","robots":{"index":"index","follow":"follow","max-snippet":"max-snippet:-1","max-image-preview":"max-image-preview:large","max-video-preview":"max-video-preview:-1"},"og_locale":"cs_CZ","og_type":"article","og_title":"P\u0159ihl\u00e1\u0161en\u00ed do BetLabel: Jak se p\u0159ihl\u00e1sit k \u00fa\u010dtu na v\u0161ech za\u0159\u00edzen\u00edch","og_description":"Autorizace BetLabel: rychl\u00fd a bezpe\u010dn\u00fd p\u0159\u00edstup k va\u0161emu \u00fa\u010dtu, abyste mohli s\u00e1zet a hr\u00e1t kasinov\u00e9 hry na sv\u00e9m PC a mobiln\u00edch za\u0159\u00edzen\u00edch.","og_url":"https:\/\/betlabel.win\/cs\/log-in\/","og_site_name":"Betlabel Win cs","article_modified_time":"2025-10-29T18:48:54+00:00","twitter_card":"summary_large_image","schema":{"@context":"https:\/\/schema.org","@graph":[{"@type":"WebPage","@id":"https:\/\/betlabel.win\/cs\/log-in\/","url":"https:\/\/betlabel.win\/cs\/log-in\/","name":"P\u0159ihl\u00e1\u0161en\u00ed do BetLabel: Jak se p\u0159ihl\u00e1sit k \u00fa\u010dtu na v\u0161ech za\u0159\u00edzen\u00edch","isPartOf":{"@id":"https:\/\/betlabel.win\/cs\/#website"},"datePublished":"2025-09-27T04:09:50+00:00","dateModified":"2025-10-29T18:48:54+00:00","description":"Autorizace BetLabel: rychl\u00fd a bezpe\u010dn\u00fd p\u0159\u00edstup k va\u0161emu \u00fa\u010dtu, abyste mohli s\u00e1zet a hr\u00e1t kasinov\u00e9 hry na sv\u00e9m PC a mobiln\u00edch za\u0159\u00edzen\u00edch.","breadcrumb":{"@id":"https:\/\/betlabel.win\/cs\/log-in\/#breadcrumb"},"inLanguage":"cs","potentialAction":[{"@type":"ReadAction","target":["https:\/\/betlabel.win\/cs\/log-in\/"]}]},{"@type":"BreadcrumbList","@id":"https:\/\/betlabel.win\/cs\/log-in\/#breadcrumb","itemListElement":[{"@type":"ListItem","position":1,"name":"Home","item":"https:\/\/betlabel.win\/cs\/"},{"@type":"ListItem","position":2,"name":"P\u0159ihl\u00e1\u0161en\u00ed"}]},{"@type":"WebSite","@id":"https:\/\/betlabel.win\/cs\/#website","url":"https:\/\/betlabel.win\/cs\/","name":"Betlabel Win cs","description":"","potentialAction":[{"@type":"SearchAction","target":{"@type":"EntryPoint","urlTemplate":"https:\/\/betlabel.win\/cs\/?s={search_term_string}"},"query-input":{"@type":"PropertyValueSpecification","valueRequired":true,"valueName":"search_term_string"}}],"inLanguage":"cs"}]}},"_links":{"self":[{"href":"https:\/\/betlabel.win\/cs\/wp-json\/wp\/v2\/pages\/299","targetHints":{"allow":["GET"]}}],"collection":[{"href":"https:\/\/betlabel.win\/cs\/wp-json\/wp\/v2\/pages"}],"about":[{"href":"https:\/\/betlabel.win\/cs\/wp-json\/wp\/v2\/types\/page"}],"author":[{"embeddable":true,"href":"https:\/\/betlabel.win\/cs\/wp-json\/wp\/v2\/users\/1"}],"replies":[{"embeddable":true,"href":"https:\/\/betlabel.win\/cs\/wp-json\/wp\/v2\/comments?post=299"}],"version-history":[{"count":13,"href":"https:\/\/betlabel.win\/cs\/wp-json\/wp\/v2\/pages\/299\/revisions"}],"predecessor-version":[{"id":427,"href":"https:\/\/betlabel.win\/cs\/wp-json\/wp\/v2\/pages\/299\/revisions\/427"}],"wp:attachment":[{"href":"https:\/\/betlabel.win\/cs\/wp-json\/wp\/v2\/media?parent=299"}],"curies":[{"name":"wp","href":"https:\/\/api.w.org\/{rel}","templated":true}]}}