{"id":271,"date":"2025-09-21T05:11:00","date_gmt":"2025-09-21T05:11:00","guid":{"rendered":"https:\/\/betlabel.win\/cs\/?page_id=271"},"modified":"2025-10-29T18:34:34","modified_gmt":"2025-10-29T18:34:34","slug":"apk","status":"publish","type":"page","link":"https:\/\/betlabel.win\/cs\/apk\/","title":{"rendered":"Apk"},"content":{"rendered":"","protected":false},"excerpt":{"rendered":"","protected":false},"author":1,"featured_media":0,"parent":0,"menu_order":0,"comment_status":"closed","ping_status":"closed","template":"","meta":{"footnotes":""},"class_list":["post-271","page","type-page","status-publish","hentry"],"yoast_head":"<!-- This site is optimized with the Yoast SEO plugin v26.3 - https:\/\/yoast.com\/wordpress\/plugins\/seo\/ -->\n<title>BetLabel APK pro Android | St\u00e1hn\u011bte mobiln\u00ed kasino<\/title>\n<meta name=\"description\" content=\"Nainstalujte si BetLabel APK na Android: mobiln\u00ed kasino s intuitivn\u00edm rozhran\u00edm, bezpe\u010dnou instalac\u00ed a kompletn\u00edmi hern\u00edmi funkcemi.\" \/>\n<meta name=\"robots\" content=\"index, follow, max-snippet:-1, max-image-preview:large, max-video-preview:-1\" \/>\n<meta property=\"og:locale\" content=\"cs_CZ\" \/>\n<meta property=\"og:type\" content=\"article\" \/>\n<meta property=\"og:title\" content=\"BetLabel APK pro Android | St\u00e1hn\u011bte mobiln\u00ed kasino\" \/>\n<meta property=\"og:description\" content=\"Nainstalujte si BetLabel APK na Android: mobiln\u00ed kasino s intuitivn\u00edm rozhran\u00edm, bezpe\u010dnou instalac\u00ed a kompletn\u00edmi hern\u00edmi funkcemi.\" \/>\n<meta property=\"og:url\" content=\"https:\/\/betlabel.win\/cs\/apk\/\" \/>\n<meta property=\"og:site_name\" content=\"Betlabel Win cs\" \/>\n<meta property=\"article:modified_time\" content=\"2025-10-29T18:34:34+00:00\" \/>\n<meta name=\"twitter:card\" content=\"summary_large_image\" \/>\n<script type=\"application\/ld+json\" class=\"yoast-schema-graph\">{\"@context\":\"https:\/\/schema.org\",\"@graph\":[{\"@type\":\"WebPage\",\"@id\":\"https:\/\/betlabel.win\/cs\/apk\/\",\"url\":\"https:\/\/betlabel.win\/cs\/apk\/\",\"name\":\"BetLabel APK pro Android | St\u00e1hn\u011bte mobiln\u00ed kasino\",\"isPartOf\":{\"@id\":\"https:\/\/betlabel.win\/cs\/#website\"},\"datePublished\":\"2025-09-21T05:11:00+00:00\",\"dateModified\":\"2025-10-29T18:34:34+00:00\",\"description\":\"Nainstalujte si BetLabel APK na Android: mobiln\u00ed kasino s intuitivn\u00edm rozhran\u00edm, bezpe\u010dnou instalac\u00ed a kompletn\u00edmi hern\u00edmi funkcemi.\",\"breadcrumb\":{\"@id\":\"https:\/\/betlabel.win\/cs\/apk\/#breadcrumb\"},\"inLanguage\":\"cs\",\"potentialAction\":[{\"@type\":\"ReadAction\",\"target\":[\"https:\/\/betlabel.win\/cs\/apk\/\"]}]},{\"@type\":\"BreadcrumbList\",\"@id\":\"https:\/\/betlabel.win\/cs\/apk\/#breadcrumb\",\"itemListElement\":[{\"@type\":\"ListItem\",\"position\":1,\"name\":\"Home\",\"item\":\"https:\/\/betlabel.win\/cs\/\"},{\"@type\":\"ListItem\",\"position\":2,\"name\":\"Apk\"}]},{\"@type\":\"WebSite\",\"@id\":\"https:\/\/betlabel.win\/cs\/#website\",\"url\":\"https:\/\/betlabel.win\/cs\/\",\"name\":\"Betlabel Win cs\",\"description\":\"\",\"potentialAction\":[{\"@type\":\"SearchAction\",\"target\":{\"@type\":\"EntryPoint\",\"urlTemplate\":\"https:\/\/betlabel.win\/cs\/?s={search_term_string}\"},\"query-input\":{\"@type\":\"PropertyValueSpecification\",\"valueRequired\":true,\"valueName\":\"search_term_string\"}}],\"inLanguage\":\"cs\"}]}<\/script>\n<!-- \/ Yoast SEO plugin. -->","yoast_head_json":{"title":"BetLabel APK pro Android | St\u00e1hn\u011bte mobiln\u00ed kasino","description":"Nainstalujte si BetLabel APK na Android: mobiln\u00ed kasino s intuitivn\u00edm rozhran\u00edm, bezpe\u010dnou instalac\u00ed a kompletn\u00edmi hern\u00edmi funkcemi.","robots":{"index":"index","follow":"follow","max-snippet":"max-snippet:-1","max-image-preview":"max-image-preview:large","max-video-preview":"max-video-preview:-1"},"og_locale":"cs_CZ","og_type":"article","og_title":"BetLabel APK pro Android | St\u00e1hn\u011bte mobiln\u00ed kasino","og_description":"Nainstalujte si BetLabel APK na Android: mobiln\u00ed kasino s intuitivn\u00edm rozhran\u00edm, bezpe\u010dnou instalac\u00ed a kompletn\u00edmi hern\u00edmi funkcemi.","og_url":"https:\/\/betlabel.win\/cs\/apk\/","og_site_name":"Betlabel Win cs","article_modified_time":"2025-10-29T18:34:34+00:00","twitter_card":"summary_large_image","schema":{"@context":"https:\/\/schema.org","@graph":[{"@type":"WebPage","@id":"https:\/\/betlabel.win\/cs\/apk\/","url":"https:\/\/betlabel.win\/cs\/apk\/","name":"BetLabel APK pro Android | St\u00e1hn\u011bte mobiln\u00ed kasino","isPartOf":{"@id":"https:\/\/betlabel.win\/cs\/#website"},"datePublished":"2025-09-21T05:11:00+00:00","dateModified":"2025-10-29T18:34:34+00:00","description":"Nainstalujte si BetLabel APK na Android: mobiln\u00ed kasino s intuitivn\u00edm rozhran\u00edm, bezpe\u010dnou instalac\u00ed a kompletn\u00edmi hern\u00edmi funkcemi.","breadcrumb":{"@id":"https:\/\/betlabel.win\/cs\/apk\/#breadcrumb"},"inLanguage":"cs","potentialAction":[{"@type":"ReadAction","target":["https:\/\/betlabel.win\/cs\/apk\/"]}]},{"@type":"BreadcrumbList","@id":"https:\/\/betlabel.win\/cs\/apk\/#breadcrumb","itemListElement":[{"@type":"ListItem","position":1,"name":"Home","item":"https:\/\/betlabel.win\/cs\/"},{"@type":"ListItem","position":2,"name":"Apk"}]},{"@type":"WebSite","@id":"https:\/\/betlabel.win\/cs\/#website","url":"https:\/\/betlabel.win\/cs\/","name":"Betlabel Win cs","description":"","potentialAction":[{"@type":"SearchAction","target":{"@type":"EntryPoint","urlTemplate":"https:\/\/betlabel.win\/cs\/?s={search_term_string}"},"query-input":{"@type":"PropertyValueSpecification","valueRequired":true,"valueName":"search_term_string"}}],"inLanguage":"cs"}]}},"_links":{"self":[{"href":"https:\/\/betlabel.win\/cs\/wp-json\/wp\/v2\/pages\/271","targetHints":{"allow":["GET"]}}],"collection":[{"href":"https:\/\/betlabel.win\/cs\/wp-json\/wp\/v2\/pages"}],"about":[{"href":"https:\/\/betlabel.win\/cs\/wp-json\/wp\/v2\/types\/page"}],"author":[{"embeddable":true,"href":"https:\/\/betlabel.win\/cs\/wp-json\/wp\/v2\/users\/1"}],"replies":[{"embeddable":true,"href":"https:\/\/betlabel.win\/cs\/wp-json\/wp\/v2\/comments?post=271"}],"version-history":[{"count":11,"href":"https:\/\/betlabel.win\/cs\/wp-json\/wp\/v2\/pages\/271\/revisions"}],"predecessor-version":[{"id":444,"href":"https:\/\/betlabel.win\/cs\/wp-json\/wp\/v2\/pages\/271\/revisions\/444"}],"wp:attachment":[{"href":"https:\/\/betlabel.win\/cs\/wp-json\/wp\/v2\/media?parent=271"}],"curies":[{"name":"wp","href":"https:\/\/api.w.org\/{rel}","templated":true}]}}