{"id":255,"date":"2025-09-18T17:35:12","date_gmt":"2025-09-18T17:35:12","guid":{"rendered":"https:\/\/betlabel.win\/cs\/?page_id=255"},"modified":"2025-10-30T07:30:32","modified_gmt":"2025-10-30T07:30:32","slug":"app","status":"publish","type":"page","link":"https:\/\/betlabel.win\/cs\/app\/","title":{"rendered":"Aplikace"},"content":{"rendered":"","protected":false},"excerpt":{"rendered":"","protected":false},"author":1,"featured_media":0,"parent":0,"menu_order":0,"comment_status":"closed","ping_status":"closed","template":"","meta":{"footnotes":""},"class_list":["post-255","page","type-page","status-publish","hentry"],"yoast_head":"<!-- This site is optimized with the Yoast SEO plugin v26.3 - https:\/\/yoast.com\/wordpress\/plugins\/seo\/ -->\n<title>Aplikace BetLabel: mobiln\u00ed kasino a s\u00e1zky | St\u00e1hnout a nainstalovat<\/title>\n<meta name=\"description\" content=\"Aplikace BetLabel je mobiln\u00ed kasino, kter\u00e9 se vejde do kapsy. Seznamte se s hlavn\u00edmi funkcemi a nainstalujte si aplikaci, abyste mohli hr\u00e1t kdekoli rychle a bezpe\u010dn\u011b.\" \/>\n<meta name=\"robots\" content=\"index, follow, max-snippet:-1, max-image-preview:large, max-video-preview:-1\" \/>\n<meta property=\"og:locale\" content=\"cs_CZ\" \/>\n<meta property=\"og:type\" content=\"article\" \/>\n<meta property=\"og:title\" content=\"Aplikace BetLabel: mobiln\u00ed kasino a s\u00e1zky | St\u00e1hnout a nainstalovat\" \/>\n<meta property=\"og:description\" content=\"Aplikace BetLabel je mobiln\u00ed kasino, kter\u00e9 se vejde do kapsy. Seznamte se s hlavn\u00edmi funkcemi a nainstalujte si aplikaci, abyste mohli hr\u00e1t kdekoli rychle a bezpe\u010dn\u011b.\" \/>\n<meta property=\"og:url\" content=\"https:\/\/betlabel.win\/cs\/app\/\" \/>\n<meta property=\"og:site_name\" content=\"Betlabel Win cs\" \/>\n<meta property=\"article:modified_time\" content=\"2025-10-30T07:30:32+00:00\" \/>\n<meta name=\"twitter:card\" content=\"summary_large_image\" \/>\n<script type=\"application\/ld+json\" class=\"yoast-schema-graph\">{\"@context\":\"https:\/\/schema.org\",\"@graph\":[{\"@type\":\"WebPage\",\"@id\":\"https:\/\/betlabel.win\/cs\/app\/\",\"url\":\"https:\/\/betlabel.win\/cs\/app\/\",\"name\":\"Aplikace BetLabel: mobiln\u00ed kasino a s\u00e1zky | St\u00e1hnout a nainstalovat\",\"isPartOf\":{\"@id\":\"https:\/\/betlabel.win\/cs\/#website\"},\"datePublished\":\"2025-09-18T17:35:12+00:00\",\"dateModified\":\"2025-10-30T07:30:32+00:00\",\"description\":\"Aplikace BetLabel je mobiln\u00ed kasino, kter\u00e9 se vejde do kapsy. Seznamte se s hlavn\u00edmi funkcemi a nainstalujte si aplikaci, abyste mohli hr\u00e1t kdekoli rychle a bezpe\u010dn\u011b.\",\"breadcrumb\":{\"@id\":\"https:\/\/betlabel.win\/cs\/app\/#breadcrumb\"},\"inLanguage\":\"cs\",\"potentialAction\":[{\"@type\":\"ReadAction\",\"target\":[\"https:\/\/betlabel.win\/cs\/app\/\"]}]},{\"@type\":\"BreadcrumbList\",\"@id\":\"https:\/\/betlabel.win\/cs\/app\/#breadcrumb\",\"itemListElement\":[{\"@type\":\"ListItem\",\"position\":1,\"name\":\"Home\",\"item\":\"https:\/\/betlabel.win\/cs\/\"},{\"@type\":\"ListItem\",\"position\":2,\"name\":\"Aplikace\"}]},{\"@type\":\"WebSite\",\"@id\":\"https:\/\/betlabel.win\/cs\/#website\",\"url\":\"https:\/\/betlabel.win\/cs\/\",\"name\":\"Betlabel Win cs\",\"description\":\"\",\"potentialAction\":[{\"@type\":\"SearchAction\",\"target\":{\"@type\":\"EntryPoint\",\"urlTemplate\":\"https:\/\/betlabel.win\/cs\/?s={search_term_string}\"},\"query-input\":{\"@type\":\"PropertyValueSpecification\",\"valueRequired\":true,\"valueName\":\"search_term_string\"}}],\"inLanguage\":\"cs\"}]}<\/script>\n<!-- \/ Yoast SEO plugin. -->","yoast_head_json":{"title":"Aplikace BetLabel: mobiln\u00ed kasino a s\u00e1zky | St\u00e1hnout a nainstalovat","description":"Aplikace BetLabel je mobiln\u00ed kasino, kter\u00e9 se vejde do kapsy. Seznamte se s hlavn\u00edmi funkcemi a nainstalujte si aplikaci, abyste mohli hr\u00e1t kdekoli rychle a bezpe\u010dn\u011b.","robots":{"index":"index","follow":"follow","max-snippet":"max-snippet:-1","max-image-preview":"max-image-preview:large","max-video-preview":"max-video-preview:-1"},"og_locale":"cs_CZ","og_type":"article","og_title":"Aplikace BetLabel: mobiln\u00ed kasino a s\u00e1zky | St\u00e1hnout a nainstalovat","og_description":"Aplikace BetLabel je mobiln\u00ed kasino, kter\u00e9 se vejde do kapsy. Seznamte se s hlavn\u00edmi funkcemi a nainstalujte si aplikaci, abyste mohli hr\u00e1t kdekoli rychle a bezpe\u010dn\u011b.","og_url":"https:\/\/betlabel.win\/cs\/app\/","og_site_name":"Betlabel Win cs","article_modified_time":"2025-10-30T07:30:32+00:00","twitter_card":"summary_large_image","schema":{"@context":"https:\/\/schema.org","@graph":[{"@type":"WebPage","@id":"https:\/\/betlabel.win\/cs\/app\/","url":"https:\/\/betlabel.win\/cs\/app\/","name":"Aplikace BetLabel: mobiln\u00ed kasino a s\u00e1zky | St\u00e1hnout a nainstalovat","isPartOf":{"@id":"https:\/\/betlabel.win\/cs\/#website"},"datePublished":"2025-09-18T17:35:12+00:00","dateModified":"2025-10-30T07:30:32+00:00","description":"Aplikace BetLabel je mobiln\u00ed kasino, kter\u00e9 se vejde do kapsy. Seznamte se s hlavn\u00edmi funkcemi a nainstalujte si aplikaci, abyste mohli hr\u00e1t kdekoli rychle a bezpe\u010dn\u011b.","breadcrumb":{"@id":"https:\/\/betlabel.win\/cs\/app\/#breadcrumb"},"inLanguage":"cs","potentialAction":[{"@type":"ReadAction","target":["https:\/\/betlabel.win\/cs\/app\/"]}]},{"@type":"BreadcrumbList","@id":"https:\/\/betlabel.win\/cs\/app\/#breadcrumb","itemListElement":[{"@type":"ListItem","position":1,"name":"Home","item":"https:\/\/betlabel.win\/cs\/"},{"@type":"ListItem","position":2,"name":"Aplikace"}]},{"@type":"WebSite","@id":"https:\/\/betlabel.win\/cs\/#website","url":"https:\/\/betlabel.win\/cs\/","name":"Betlabel Win cs","description":"","potentialAction":[{"@type":"SearchAction","target":{"@type":"EntryPoint","urlTemplate":"https:\/\/betlabel.win\/cs\/?s={search_term_string}"},"query-input":{"@type":"PropertyValueSpecification","valueRequired":true,"valueName":"search_term_string"}}],"inLanguage":"cs"}]}},"_links":{"self":[{"href":"https:\/\/betlabel.win\/cs\/wp-json\/wp\/v2\/pages\/255","targetHints":{"allow":["GET"]}}],"collection":[{"href":"https:\/\/betlabel.win\/cs\/wp-json\/wp\/v2\/pages"}],"about":[{"href":"https:\/\/betlabel.win\/cs\/wp-json\/wp\/v2\/types\/page"}],"author":[{"embeddable":true,"href":"https:\/\/betlabel.win\/cs\/wp-json\/wp\/v2\/users\/1"}],"replies":[{"embeddable":true,"href":"https:\/\/betlabel.win\/cs\/wp-json\/wp\/v2\/comments?post=255"}],"version-history":[{"count":14,"href":"https:\/\/betlabel.win\/cs\/wp-json\/wp\/v2\/pages\/255\/revisions"}],"predecessor-version":[{"id":449,"href":"https:\/\/betlabel.win\/cs\/wp-json\/wp\/v2\/pages\/255\/revisions\/449"}],"wp:attachment":[{"href":"https:\/\/betlabel.win\/cs\/wp-json\/wp\/v2\/media?parent=255"}],"curies":[{"name":"wp","href":"https:\/\/api.w.org\/{rel}","templated":true}]}}