{"id":238,"date":"2025-09-18T09:48:50","date_gmt":"2025-09-18T09:48:50","guid":{"rendered":"https:\/\/betlabel.win\/cs\/?page_id=238"},"modified":"2025-10-13T07:51:32","modified_gmt":"2025-10-13T07:51:32","slug":"promo-code","status":"publish","type":"page","link":"https:\/\/betlabel.win\/cs\/promo-code\/","title":{"rendered":"Propaga\u010dn\u00ed k\u00f3d"},"content":{"rendered":"","protected":false},"excerpt":{"rendered":"","protected":false},"author":1,"featured_media":0,"parent":0,"menu_order":0,"comment_status":"closed","ping_status":"closed","template":"","meta":{"footnotes":""},"class_list":["post-238","page","type-page","status-publish","hentry"],"yoast_head":"<!-- This site is optimized with the Yoast SEO plugin v26.3 - https:\/\/yoast.com\/wordpress\/plugins\/seo\/ -->\n<title>Promo k\u00f3dy BetLabel | Bonusy pro nov\u00e9 a st\u00e1l\u00e9 hr\u00e1\u010de<\/title>\n<meta name=\"description\" content=\"Z\u00edskejte exkluzivn\u00ed bonusy BetLabel: tajn\u00e9 promo k\u00f3dy pro nov\u00e9 a st\u00e1l\u00e9 hr\u00e1\u010de. \u010cekaj\u00ed na v\u00e1s aktu\u00e1ln\u00ed akce a speci\u00e1ln\u00ed nab\u00eddky!\" \/>\n<meta name=\"robots\" content=\"index, follow, max-snippet:-1, max-image-preview:large, max-video-preview:-1\" \/>\n<meta property=\"og:locale\" content=\"cs_CZ\" \/>\n<meta property=\"og:type\" content=\"article\" \/>\n<meta property=\"og:title\" content=\"Promo k\u00f3dy BetLabel | Bonusy pro nov\u00e9 a st\u00e1l\u00e9 hr\u00e1\u010de\" \/>\n<meta property=\"og:description\" content=\"Z\u00edskejte exkluzivn\u00ed bonusy BetLabel: tajn\u00e9 promo k\u00f3dy pro nov\u00e9 a st\u00e1l\u00e9 hr\u00e1\u010de. \u010cekaj\u00ed na v\u00e1s aktu\u00e1ln\u00ed akce a speci\u00e1ln\u00ed nab\u00eddky!\" \/>\n<meta property=\"og:url\" content=\"https:\/\/betlabel.win\/cs\/promo-code\/\" \/>\n<meta property=\"og:site_name\" content=\"Betlabel Win cs\" \/>\n<meta property=\"article:modified_time\" content=\"2025-10-13T07:51:32+00:00\" \/>\n<meta name=\"twitter:card\" content=\"summary_large_image\" \/>\n<script type=\"application\/ld+json\" class=\"yoast-schema-graph\">{\"@context\":\"https:\/\/schema.org\",\"@graph\":[{\"@type\":\"WebPage\",\"@id\":\"https:\/\/betlabel.win\/cs\/promo-code\/\",\"url\":\"https:\/\/betlabel.win\/cs\/promo-code\/\",\"name\":\"Promo k\u00f3dy BetLabel | Bonusy pro nov\u00e9 a st\u00e1l\u00e9 hr\u00e1\u010de\",\"isPartOf\":{\"@id\":\"https:\/\/betlabel.win\/cs\/#website\"},\"datePublished\":\"2025-09-18T09:48:50+00:00\",\"dateModified\":\"2025-10-13T07:51:32+00:00\",\"description\":\"Z\u00edskejte exkluzivn\u00ed bonusy BetLabel: tajn\u00e9 promo k\u00f3dy pro nov\u00e9 a st\u00e1l\u00e9 hr\u00e1\u010de. \u010cekaj\u00ed na v\u00e1s aktu\u00e1ln\u00ed akce a speci\u00e1ln\u00ed nab\u00eddky!\",\"breadcrumb\":{\"@id\":\"https:\/\/betlabel.win\/cs\/promo-code\/#breadcrumb\"},\"inLanguage\":\"cs\",\"potentialAction\":[{\"@type\":\"ReadAction\",\"target\":[\"https:\/\/betlabel.win\/cs\/promo-code\/\"]}]},{\"@type\":\"BreadcrumbList\",\"@id\":\"https:\/\/betlabel.win\/cs\/promo-code\/#breadcrumb\",\"itemListElement\":[{\"@type\":\"ListItem\",\"position\":1,\"name\":\"Home\",\"item\":\"https:\/\/betlabel.win\/cs\/\"},{\"@type\":\"ListItem\",\"position\":2,\"name\":\"Propaga\u010dn\u00ed k\u00f3d\"}]},{\"@type\":\"WebSite\",\"@id\":\"https:\/\/betlabel.win\/cs\/#website\",\"url\":\"https:\/\/betlabel.win\/cs\/\",\"name\":\"Betlabel Win cs\",\"description\":\"\",\"potentialAction\":[{\"@type\":\"SearchAction\",\"target\":{\"@type\":\"EntryPoint\",\"urlTemplate\":\"https:\/\/betlabel.win\/cs\/?s={search_term_string}\"},\"query-input\":{\"@type\":\"PropertyValueSpecification\",\"valueRequired\":true,\"valueName\":\"search_term_string\"}}],\"inLanguage\":\"cs\"}]}<\/script>\n<!-- \/ Yoast SEO plugin. -->","yoast_head_json":{"title":"Promo k\u00f3dy BetLabel | Bonusy pro nov\u00e9 a st\u00e1l\u00e9 hr\u00e1\u010de","description":"Z\u00edskejte exkluzivn\u00ed bonusy BetLabel: tajn\u00e9 promo k\u00f3dy pro nov\u00e9 a st\u00e1l\u00e9 hr\u00e1\u010de. \u010cekaj\u00ed na v\u00e1s aktu\u00e1ln\u00ed akce a speci\u00e1ln\u00ed nab\u00eddky!","robots":{"index":"index","follow":"follow","max-snippet":"max-snippet:-1","max-image-preview":"max-image-preview:large","max-video-preview":"max-video-preview:-1"},"og_locale":"cs_CZ","og_type":"article","og_title":"Promo k\u00f3dy BetLabel | Bonusy pro nov\u00e9 a st\u00e1l\u00e9 hr\u00e1\u010de","og_description":"Z\u00edskejte exkluzivn\u00ed bonusy BetLabel: tajn\u00e9 promo k\u00f3dy pro nov\u00e9 a st\u00e1l\u00e9 hr\u00e1\u010de. \u010cekaj\u00ed na v\u00e1s aktu\u00e1ln\u00ed akce a speci\u00e1ln\u00ed nab\u00eddky!","og_url":"https:\/\/betlabel.win\/cs\/promo-code\/","og_site_name":"Betlabel Win cs","article_modified_time":"2025-10-13T07:51:32+00:00","twitter_card":"summary_large_image","schema":{"@context":"https:\/\/schema.org","@graph":[{"@type":"WebPage","@id":"https:\/\/betlabel.win\/cs\/promo-code\/","url":"https:\/\/betlabel.win\/cs\/promo-code\/","name":"Promo k\u00f3dy BetLabel | Bonusy pro nov\u00e9 a st\u00e1l\u00e9 hr\u00e1\u010de","isPartOf":{"@id":"https:\/\/betlabel.win\/cs\/#website"},"datePublished":"2025-09-18T09:48:50+00:00","dateModified":"2025-10-13T07:51:32+00:00","description":"Z\u00edskejte exkluzivn\u00ed bonusy BetLabel: tajn\u00e9 promo k\u00f3dy pro nov\u00e9 a st\u00e1l\u00e9 hr\u00e1\u010de. \u010cekaj\u00ed na v\u00e1s aktu\u00e1ln\u00ed akce a speci\u00e1ln\u00ed nab\u00eddky!","breadcrumb":{"@id":"https:\/\/betlabel.win\/cs\/promo-code\/#breadcrumb"},"inLanguage":"cs","potentialAction":[{"@type":"ReadAction","target":["https:\/\/betlabel.win\/cs\/promo-code\/"]}]},{"@type":"BreadcrumbList","@id":"https:\/\/betlabel.win\/cs\/promo-code\/#breadcrumb","itemListElement":[{"@type":"ListItem","position":1,"name":"Home","item":"https:\/\/betlabel.win\/cs\/"},{"@type":"ListItem","position":2,"name":"Propaga\u010dn\u00ed k\u00f3d"}]},{"@type":"WebSite","@id":"https:\/\/betlabel.win\/cs\/#website","url":"https:\/\/betlabel.win\/cs\/","name":"Betlabel Win cs","description":"","potentialAction":[{"@type":"SearchAction","target":{"@type":"EntryPoint","urlTemplate":"https:\/\/betlabel.win\/cs\/?s={search_term_string}"},"query-input":{"@type":"PropertyValueSpecification","valueRequired":true,"valueName":"search_term_string"}}],"inLanguage":"cs"}]}},"_links":{"self":[{"href":"https:\/\/betlabel.win\/cs\/wp-json\/wp\/v2\/pages\/238","targetHints":{"allow":["GET"]}}],"collection":[{"href":"https:\/\/betlabel.win\/cs\/wp-json\/wp\/v2\/pages"}],"about":[{"href":"https:\/\/betlabel.win\/cs\/wp-json\/wp\/v2\/types\/page"}],"author":[{"embeddable":true,"href":"https:\/\/betlabel.win\/cs\/wp-json\/wp\/v2\/users\/1"}],"replies":[{"embeddable":true,"href":"https:\/\/betlabel.win\/cs\/wp-json\/wp\/v2\/comments?post=238"}],"version-history":[{"count":14,"href":"https:\/\/betlabel.win\/cs\/wp-json\/wp\/v2\/pages\/238\/revisions"}],"predecessor-version":[{"id":428,"href":"https:\/\/betlabel.win\/cs\/wp-json\/wp\/v2\/pages\/238\/revisions\/428"}],"wp:attachment":[{"href":"https:\/\/betlabel.win\/cs\/wp-json\/wp\/v2\/media?parent=238"}],"curies":[{"name":"wp","href":"https:\/\/api.w.org\/{rel}","templated":true}]}}