{"id":205,"date":"2025-08-28T06:12:32","date_gmt":"2025-08-28T06:12:32","guid":{"rendered":"https:\/\/betlabel.win\/cs\/?page_id=205"},"modified":"2025-10-29T18:43:41","modified_gmt":"2025-10-29T18:43:41","slug":"bonus","status":"publish","type":"page","link":"https:\/\/betlabel.win\/cs\/bonus\/","title":{"rendered":"Bonus"},"content":{"rendered":"","protected":false},"excerpt":{"rendered":"","protected":false},"author":1,"featured_media":0,"parent":0,"menu_order":0,"comment_status":"closed","ping_status":"closed","template":"","meta":{"footnotes":""},"class_list":["post-205","page","type-page","status-publish","hentry"],"yoast_head":"<!-- This site is optimized with the Yoast SEO plugin v26.3 - https:\/\/yoast.com\/wordpress\/plugins\/seo\/ -->\n<title>Bonus Betlabel | Velkorys\u00e9 nab\u00eddky, propaga\u010dn\u00ed k\u00f3dy a d\u00e1rky<\/title>\n<meta name=\"description\" content=\"Nejlep\u0161\u00ed bonusy Betlabel pro nov\u00e9 i st\u00e1vaj\u00edc\u00ed hr\u00e1\u010de. Z\u00edskejte a\u017e 35 000 K\u010d a 150 rozto\u010den\u00ed zdarma. Objevte exkluzivn\u00ed nab\u00eddky a akce, d\u00edky kter\u00fdm maximalizujete sv\u00e9 v\u00fdhry!\" \/>\n<meta name=\"robots\" content=\"index, follow, max-snippet:-1, max-image-preview:large, max-video-preview:-1\" \/>\n<meta property=\"og:locale\" content=\"cs_CZ\" \/>\n<meta property=\"og:type\" content=\"article\" \/>\n<meta property=\"og:title\" content=\"Bonus Betlabel | Velkorys\u00e9 nab\u00eddky, propaga\u010dn\u00ed k\u00f3dy a d\u00e1rky\" \/>\n<meta property=\"og:description\" content=\"Nejlep\u0161\u00ed bonusy Betlabel pro nov\u00e9 i st\u00e1vaj\u00edc\u00ed hr\u00e1\u010de. Z\u00edskejte a\u017e 35 000 K\u010d a 150 rozto\u010den\u00ed zdarma. Objevte exkluzivn\u00ed nab\u00eddky a akce, d\u00edky kter\u00fdm maximalizujete sv\u00e9 v\u00fdhry!\" \/>\n<meta property=\"og:url\" content=\"https:\/\/betlabel.win\/cs\/bonus\/\" \/>\n<meta property=\"og:site_name\" content=\"Betlabel Win cs\" \/>\n<meta property=\"article:modified_time\" content=\"2025-10-29T18:43:41+00:00\" \/>\n<meta name=\"twitter:card\" content=\"summary_large_image\" \/>\n<script type=\"application\/ld+json\" class=\"yoast-schema-graph\">{\"@context\":\"https:\/\/schema.org\",\"@graph\":[{\"@type\":\"WebPage\",\"@id\":\"https:\/\/betlabel.win\/cs\/bonus\/\",\"url\":\"https:\/\/betlabel.win\/cs\/bonus\/\",\"name\":\"Bonus Betlabel | Velkorys\u00e9 nab\u00eddky, propaga\u010dn\u00ed k\u00f3dy a d\u00e1rky\",\"isPartOf\":{\"@id\":\"https:\/\/betlabel.win\/cs\/#website\"},\"datePublished\":\"2025-08-28T06:12:32+00:00\",\"dateModified\":\"2025-10-29T18:43:41+00:00\",\"description\":\"Nejlep\u0161\u00ed bonusy Betlabel pro nov\u00e9 i st\u00e1vaj\u00edc\u00ed hr\u00e1\u010de. Z\u00edskejte a\u017e 35 000 K\u010d a 150 rozto\u010den\u00ed zdarma. Objevte exkluzivn\u00ed nab\u00eddky a akce, d\u00edky kter\u00fdm maximalizujete sv\u00e9 v\u00fdhry!\",\"breadcrumb\":{\"@id\":\"https:\/\/betlabel.win\/cs\/bonus\/#breadcrumb\"},\"inLanguage\":\"cs\",\"potentialAction\":[{\"@type\":\"ReadAction\",\"target\":[\"https:\/\/betlabel.win\/cs\/bonus\/\"]}]},{\"@type\":\"BreadcrumbList\",\"@id\":\"https:\/\/betlabel.win\/cs\/bonus\/#breadcrumb\",\"itemListElement\":[{\"@type\":\"ListItem\",\"position\":1,\"name\":\"Home\",\"item\":\"https:\/\/betlabel.win\/cs\/\"},{\"@type\":\"ListItem\",\"position\":2,\"name\":\"Bonus\"}]},{\"@type\":\"WebSite\",\"@id\":\"https:\/\/betlabel.win\/cs\/#website\",\"url\":\"https:\/\/betlabel.win\/cs\/\",\"name\":\"Betlabel Win cs\",\"description\":\"\",\"potentialAction\":[{\"@type\":\"SearchAction\",\"target\":{\"@type\":\"EntryPoint\",\"urlTemplate\":\"https:\/\/betlabel.win\/cs\/?s={search_term_string}\"},\"query-input\":{\"@type\":\"PropertyValueSpecification\",\"valueRequired\":true,\"valueName\":\"search_term_string\"}}],\"inLanguage\":\"cs\"}]}<\/script>\n<!-- \/ Yoast SEO plugin. -->","yoast_head_json":{"title":"Bonus Betlabel | Velkorys\u00e9 nab\u00eddky, propaga\u010dn\u00ed k\u00f3dy a d\u00e1rky","description":"Nejlep\u0161\u00ed bonusy Betlabel pro nov\u00e9 i st\u00e1vaj\u00edc\u00ed hr\u00e1\u010de. Z\u00edskejte a\u017e 35 000 K\u010d a 150 rozto\u010den\u00ed zdarma. Objevte exkluzivn\u00ed nab\u00eddky a akce, d\u00edky kter\u00fdm maximalizujete sv\u00e9 v\u00fdhry!","robots":{"index":"index","follow":"follow","max-snippet":"max-snippet:-1","max-image-preview":"max-image-preview:large","max-video-preview":"max-video-preview:-1"},"og_locale":"cs_CZ","og_type":"article","og_title":"Bonus Betlabel | Velkorys\u00e9 nab\u00eddky, propaga\u010dn\u00ed k\u00f3dy a d\u00e1rky","og_description":"Nejlep\u0161\u00ed bonusy Betlabel pro nov\u00e9 i st\u00e1vaj\u00edc\u00ed hr\u00e1\u010de. Z\u00edskejte a\u017e 35 000 K\u010d a 150 rozto\u010den\u00ed zdarma. Objevte exkluzivn\u00ed nab\u00eddky a akce, d\u00edky kter\u00fdm maximalizujete sv\u00e9 v\u00fdhry!","og_url":"https:\/\/betlabel.win\/cs\/bonus\/","og_site_name":"Betlabel Win cs","article_modified_time":"2025-10-29T18:43:41+00:00","twitter_card":"summary_large_image","schema":{"@context":"https:\/\/schema.org","@graph":[{"@type":"WebPage","@id":"https:\/\/betlabel.win\/cs\/bonus\/","url":"https:\/\/betlabel.win\/cs\/bonus\/","name":"Bonus Betlabel | Velkorys\u00e9 nab\u00eddky, propaga\u010dn\u00ed k\u00f3dy a d\u00e1rky","isPartOf":{"@id":"https:\/\/betlabel.win\/cs\/#website"},"datePublished":"2025-08-28T06:12:32+00:00","dateModified":"2025-10-29T18:43:41+00:00","description":"Nejlep\u0161\u00ed bonusy Betlabel pro nov\u00e9 i st\u00e1vaj\u00edc\u00ed hr\u00e1\u010de. Z\u00edskejte a\u017e 35 000 K\u010d a 150 rozto\u010den\u00ed zdarma. Objevte exkluzivn\u00ed nab\u00eddky a akce, d\u00edky kter\u00fdm maximalizujete sv\u00e9 v\u00fdhry!","breadcrumb":{"@id":"https:\/\/betlabel.win\/cs\/bonus\/#breadcrumb"},"inLanguage":"cs","potentialAction":[{"@type":"ReadAction","target":["https:\/\/betlabel.win\/cs\/bonus\/"]}]},{"@type":"BreadcrumbList","@id":"https:\/\/betlabel.win\/cs\/bonus\/#breadcrumb","itemListElement":[{"@type":"ListItem","position":1,"name":"Home","item":"https:\/\/betlabel.win\/cs\/"},{"@type":"ListItem","position":2,"name":"Bonus"}]},{"@type":"WebSite","@id":"https:\/\/betlabel.win\/cs\/#website","url":"https:\/\/betlabel.win\/cs\/","name":"Betlabel Win cs","description":"","potentialAction":[{"@type":"SearchAction","target":{"@type":"EntryPoint","urlTemplate":"https:\/\/betlabel.win\/cs\/?s={search_term_string}"},"query-input":{"@type":"PropertyValueSpecification","valueRequired":true,"valueName":"search_term_string"}}],"inLanguage":"cs"}]}},"_links":{"self":[{"href":"https:\/\/betlabel.win\/cs\/wp-json\/wp\/v2\/pages\/205","targetHints":{"allow":["GET"]}}],"collection":[{"href":"https:\/\/betlabel.win\/cs\/wp-json\/wp\/v2\/pages"}],"about":[{"href":"https:\/\/betlabel.win\/cs\/wp-json\/wp\/v2\/types\/page"}],"author":[{"embeddable":true,"href":"https:\/\/betlabel.win\/cs\/wp-json\/wp\/v2\/users\/1"}],"replies":[{"embeddable":true,"href":"https:\/\/betlabel.win\/cs\/wp-json\/wp\/v2\/comments?post=205"}],"version-history":[{"count":16,"href":"https:\/\/betlabel.win\/cs\/wp-json\/wp\/v2\/pages\/205\/revisions"}],"predecessor-version":[{"id":445,"href":"https:\/\/betlabel.win\/cs\/wp-json\/wp\/v2\/pages\/205\/revisions\/445"}],"wp:attachment":[{"href":"https:\/\/betlabel.win\/cs\/wp-json\/wp\/v2\/media?parent=205"}],"curies":[{"name":"wp","href":"https:\/\/api.w.org\/{rel}","templated":true}]}}