{"id":255,"date":"2025-09-18T17:35:12","date_gmt":"2025-09-18T17:35:12","guid":{"rendered":"https:\/\/betlabel.win\/bs\/?page_id=255"},"modified":"2025-12-05T13:47:38","modified_gmt":"2025-12-05T13:47:38","slug":"app","status":"publish","type":"page","link":"https:\/\/betlabel.win\/bs\/app\/","title":{"rendered":"Aplikacija"},"content":{"rendered":"","protected":false},"excerpt":{"rendered":"","protected":false},"author":1,"featured_media":0,"parent":0,"menu_order":0,"comment_status":"closed","ping_status":"closed","template":"","meta":{"footnotes":""},"class_list":["post-255","page","type-page","status-publish","hentry"],"yoast_head":"<!-- This site is optimized with the Yoast SEO plugin v26.3 - https:\/\/yoast.com\/wordpress\/plugins\/seo\/ -->\n<title>BetLabel aplikacija \u1409 mobilni kazino i kla\u0111enje | Preuzmite<\/title>\n<meta name=\"description\" content=\"BetLabel aplikacija je mobilni kazino u va\u0161em d\u017eepu. Otkrijte njene najva\u017enije zna\u010dajke i instalirajte aplikaciju kako biste igrali brzo i sigurno gdje god da se nalazite.\" \/>\n<meta name=\"robots\" content=\"index, follow, max-snippet:-1, max-image-preview:large, max-video-preview:-1\" \/>\n<meta property=\"og:locale\" content=\"bs_BA\" \/>\n<meta property=\"og:type\" content=\"article\" \/>\n<meta property=\"og:title\" content=\"BetLabel aplikacija \u1409 mobilni kazino i kla\u0111enje | Preuzmite\" \/>\n<meta property=\"og:description\" content=\"BetLabel aplikacija je mobilni kazino u va\u0161em d\u017eepu. Otkrijte njene najva\u017enije zna\u010dajke i instalirajte aplikaciju kako biste igrali brzo i sigurno gdje god da se nalazite.\" \/>\n<meta property=\"og:url\" content=\"https:\/\/betlabel.win\/bs\/app\/\" \/>\n<meta property=\"og:site_name\" content=\"Betlabel Win bs\" \/>\n<meta property=\"article:modified_time\" content=\"2025-12-05T13:47:38+00:00\" \/>\n<meta name=\"twitter:card\" content=\"summary_large_image\" \/>\n<script type=\"application\/ld+json\" class=\"yoast-schema-graph\">{\"@context\":\"https:\/\/schema.org\",\"@graph\":[{\"@type\":\"WebPage\",\"@id\":\"https:\/\/betlabel.win\/bs\/app\/\",\"url\":\"https:\/\/betlabel.win\/bs\/app\/\",\"name\":\"BetLabel aplikacija \u1409 mobilni kazino i kla\u0111enje | Preuzmite\",\"isPartOf\":{\"@id\":\"https:\/\/betlabel.win\/bs\/#website\"},\"datePublished\":\"2025-09-18T17:35:12+00:00\",\"dateModified\":\"2025-12-05T13:47:38+00:00\",\"description\":\"BetLabel aplikacija je mobilni kazino u va\u0161em d\u017eepu. Otkrijte njene najva\u017enije zna\u010dajke i instalirajte aplikaciju kako biste igrali brzo i sigurno gdje god da se nalazite.\",\"breadcrumb\":{\"@id\":\"https:\/\/betlabel.win\/bs\/app\/#breadcrumb\"},\"inLanguage\":\"bs-BA\",\"potentialAction\":[{\"@type\":\"ReadAction\",\"target\":[\"https:\/\/betlabel.win\/bs\/app\/\"]}]},{\"@type\":\"BreadcrumbList\",\"@id\":\"https:\/\/betlabel.win\/bs\/app\/#breadcrumb\",\"itemListElement\":[{\"@type\":\"ListItem\",\"position\":1,\"name\":\"Home\",\"item\":\"https:\/\/betlabel.win\/bs\/\"},{\"@type\":\"ListItem\",\"position\":2,\"name\":\"Aplikacija\"}]},{\"@type\":\"WebSite\",\"@id\":\"https:\/\/betlabel.win\/bs\/#website\",\"url\":\"https:\/\/betlabel.win\/bs\/\",\"name\":\"Betlabel Win bs\",\"description\":\"\",\"potentialAction\":[{\"@type\":\"SearchAction\",\"target\":{\"@type\":\"EntryPoint\",\"urlTemplate\":\"https:\/\/betlabel.win\/bs\/?s={search_term_string}\"},\"query-input\":{\"@type\":\"PropertyValueSpecification\",\"valueRequired\":true,\"valueName\":\"search_term_string\"}}],\"inLanguage\":\"bs-BA\"}]}<\/script>\n<!-- \/ Yoast SEO plugin. -->","yoast_head_json":{"title":"BetLabel aplikacija \u1409 mobilni kazino i kla\u0111enje | Preuzmite","description":"BetLabel aplikacija je mobilni kazino u va\u0161em d\u017eepu. Otkrijte njene najva\u017enije zna\u010dajke i instalirajte aplikaciju kako biste igrali brzo i sigurno gdje god da se nalazite.","robots":{"index":"index","follow":"follow","max-snippet":"max-snippet:-1","max-image-preview":"max-image-preview:large","max-video-preview":"max-video-preview:-1"},"og_locale":"bs_BA","og_type":"article","og_title":"BetLabel aplikacija \u1409 mobilni kazino i kla\u0111enje | Preuzmite","og_description":"BetLabel aplikacija je mobilni kazino u va\u0161em d\u017eepu. Otkrijte njene najva\u017enije zna\u010dajke i instalirajte aplikaciju kako biste igrali brzo i sigurno gdje god da se nalazite.","og_url":"https:\/\/betlabel.win\/bs\/app\/","og_site_name":"Betlabel Win bs","article_modified_time":"2025-12-05T13:47:38+00:00","twitter_card":"summary_large_image","schema":{"@context":"https:\/\/schema.org","@graph":[{"@type":"WebPage","@id":"https:\/\/betlabel.win\/bs\/app\/","url":"https:\/\/betlabel.win\/bs\/app\/","name":"BetLabel aplikacija \u1409 mobilni kazino i kla\u0111enje | Preuzmite","isPartOf":{"@id":"https:\/\/betlabel.win\/bs\/#website"},"datePublished":"2025-09-18T17:35:12+00:00","dateModified":"2025-12-05T13:47:38+00:00","description":"BetLabel aplikacija je mobilni kazino u va\u0161em d\u017eepu. Otkrijte njene najva\u017enije zna\u010dajke i instalirajte aplikaciju kako biste igrali brzo i sigurno gdje god da se nalazite.","breadcrumb":{"@id":"https:\/\/betlabel.win\/bs\/app\/#breadcrumb"},"inLanguage":"bs-BA","potentialAction":[{"@type":"ReadAction","target":["https:\/\/betlabel.win\/bs\/app\/"]}]},{"@type":"BreadcrumbList","@id":"https:\/\/betlabel.win\/bs\/app\/#breadcrumb","itemListElement":[{"@type":"ListItem","position":1,"name":"Home","item":"https:\/\/betlabel.win\/bs\/"},{"@type":"ListItem","position":2,"name":"Aplikacija"}]},{"@type":"WebSite","@id":"https:\/\/betlabel.win\/bs\/#website","url":"https:\/\/betlabel.win\/bs\/","name":"Betlabel Win bs","description":"","potentialAction":[{"@type":"SearchAction","target":{"@type":"EntryPoint","urlTemplate":"https:\/\/betlabel.win\/bs\/?s={search_term_string}"},"query-input":{"@type":"PropertyValueSpecification","valueRequired":true,"valueName":"search_term_string"}}],"inLanguage":"bs-BA"}]}},"_links":{"self":[{"href":"https:\/\/betlabel.win\/bs\/wp-json\/wp\/v2\/pages\/255","targetHints":{"allow":["GET"]}}],"collection":[{"href":"https:\/\/betlabel.win\/bs\/wp-json\/wp\/v2\/pages"}],"about":[{"href":"https:\/\/betlabel.win\/bs\/wp-json\/wp\/v2\/types\/page"}],"author":[{"embeddable":true,"href":"https:\/\/betlabel.win\/bs\/wp-json\/wp\/v2\/users\/1"}],"replies":[{"embeddable":true,"href":"https:\/\/betlabel.win\/bs\/wp-json\/wp\/v2\/comments?post=255"}],"version-history":[{"count":15,"href":"https:\/\/betlabel.win\/bs\/wp-json\/wp\/v2\/pages\/255\/revisions"}],"predecessor-version":[{"id":569,"href":"https:\/\/betlabel.win\/bs\/wp-json\/wp\/v2\/pages\/255\/revisions\/569"}],"wp:attachment":[{"href":"https:\/\/betlabel.win\/bs\/wp-json\/wp\/v2\/media?parent=255"}],"curies":[{"name":"wp","href":"https:\/\/api.w.org\/{rel}","templated":true}]}}