{"id":205,"date":"2025-08-28T06:12:32","date_gmt":"2025-08-28T06:12:32","guid":{"rendered":"https:\/\/betlabel.win\/bs\/?page_id=205"},"modified":"2025-12-05T14:06:07","modified_gmt":"2025-12-05T14:06:07","slug":"bonus","status":"publish","type":"page","link":"https:\/\/betlabel.win\/bs\/bonus\/","title":{"rendered":"Bonus"},"content":{"rendered":"","protected":false},"excerpt":{"rendered":"","protected":false},"author":1,"featured_media":0,"parent":0,"menu_order":0,"comment_status":"closed","ping_status":"closed","template":"","meta":{"footnotes":""},"class_list":["post-205","page","type-page","status-publish","hentry"],"yoast_head":"<!-- This site is optimized with the Yoast SEO plugin v26.3 - https:\/\/yoast.com\/wordpress\/plugins\/seo\/ -->\n<title>Bonus Betlabel | Izda\u0161ne ponude, promotivni kodovi i nagrade<\/title>\n<meta name=\"description\" content=\"Najbolji Betlabel bonusi za nove i postoje\u0107e igra\u010de. Osvojite do 3000 BAM i 150 besplatnih spinova. Otkrijte ekskluzivne ponude i promocije kako biste maksimizirali svoje dobitke!\" \/>\n<meta name=\"robots\" content=\"index, follow, max-snippet:-1, max-image-preview:large, max-video-preview:-1\" \/>\n<meta property=\"og:locale\" content=\"bs_BA\" \/>\n<meta property=\"og:type\" content=\"article\" \/>\n<meta property=\"og:title\" content=\"Bonus Betlabel | Izda\u0161ne ponude, promotivni kodovi i nagrade\" \/>\n<meta property=\"og:description\" content=\"Najbolji Betlabel bonusi za nove i postoje\u0107e igra\u010de. Osvojite do 3000 BAM i 150 besplatnih spinova. Otkrijte ekskluzivne ponude i promocije kako biste maksimizirali svoje dobitke!\" \/>\n<meta property=\"og:url\" content=\"https:\/\/betlabel.win\/bs\/bonus\/\" \/>\n<meta property=\"og:site_name\" content=\"Betlabel Win bs\" \/>\n<meta property=\"article:modified_time\" content=\"2025-12-05T14:06:07+00:00\" \/>\n<meta name=\"twitter:card\" content=\"summary_large_image\" \/>\n<script type=\"application\/ld+json\" class=\"yoast-schema-graph\">{\"@context\":\"https:\/\/schema.org\",\"@graph\":[{\"@type\":\"WebPage\",\"@id\":\"https:\/\/betlabel.win\/bs\/bonus\/\",\"url\":\"https:\/\/betlabel.win\/bs\/bonus\/\",\"name\":\"Bonus Betlabel | Izda\u0161ne ponude, promotivni kodovi i nagrade\",\"isPartOf\":{\"@id\":\"https:\/\/betlabel.win\/bs\/#website\"},\"datePublished\":\"2025-08-28T06:12:32+00:00\",\"dateModified\":\"2025-12-05T14:06:07+00:00\",\"description\":\"Najbolji Betlabel bonusi za nove i postoje\u0107e igra\u010de. Osvojite do 3000 BAM i 150 besplatnih spinova. Otkrijte ekskluzivne ponude i promocije kako biste maksimizirali svoje dobitke!\",\"breadcrumb\":{\"@id\":\"https:\/\/betlabel.win\/bs\/bonus\/#breadcrumb\"},\"inLanguage\":\"bs-BA\",\"potentialAction\":[{\"@type\":\"ReadAction\",\"target\":[\"https:\/\/betlabel.win\/bs\/bonus\/\"]}]},{\"@type\":\"BreadcrumbList\",\"@id\":\"https:\/\/betlabel.win\/bs\/bonus\/#breadcrumb\",\"itemListElement\":[{\"@type\":\"ListItem\",\"position\":1,\"name\":\"Home\",\"item\":\"https:\/\/betlabel.win\/bs\/\"},{\"@type\":\"ListItem\",\"position\":2,\"name\":\"Bonus\"}]},{\"@type\":\"WebSite\",\"@id\":\"https:\/\/betlabel.win\/bs\/#website\",\"url\":\"https:\/\/betlabel.win\/bs\/\",\"name\":\"Betlabel Win bs\",\"description\":\"\",\"potentialAction\":[{\"@type\":\"SearchAction\",\"target\":{\"@type\":\"EntryPoint\",\"urlTemplate\":\"https:\/\/betlabel.win\/bs\/?s={search_term_string}\"},\"query-input\":{\"@type\":\"PropertyValueSpecification\",\"valueRequired\":true,\"valueName\":\"search_term_string\"}}],\"inLanguage\":\"bs-BA\"}]}<\/script>\n<!-- \/ Yoast SEO plugin. -->","yoast_head_json":{"title":"Bonus Betlabel | Izda\u0161ne ponude, promotivni kodovi i nagrade","description":"Najbolji Betlabel bonusi za nove i postoje\u0107e igra\u010de. Osvojite do 3000 BAM i 150 besplatnih spinova. Otkrijte ekskluzivne ponude i promocije kako biste maksimizirali svoje dobitke!","robots":{"index":"index","follow":"follow","max-snippet":"max-snippet:-1","max-image-preview":"max-image-preview:large","max-video-preview":"max-video-preview:-1"},"og_locale":"bs_BA","og_type":"article","og_title":"Bonus Betlabel | Izda\u0161ne ponude, promotivni kodovi i nagrade","og_description":"Najbolji Betlabel bonusi za nove i postoje\u0107e igra\u010de. Osvojite do 3000 BAM i 150 besplatnih spinova. Otkrijte ekskluzivne ponude i promocije kako biste maksimizirali svoje dobitke!","og_url":"https:\/\/betlabel.win\/bs\/bonus\/","og_site_name":"Betlabel Win bs","article_modified_time":"2025-12-05T14:06:07+00:00","twitter_card":"summary_large_image","schema":{"@context":"https:\/\/schema.org","@graph":[{"@type":"WebPage","@id":"https:\/\/betlabel.win\/bs\/bonus\/","url":"https:\/\/betlabel.win\/bs\/bonus\/","name":"Bonus Betlabel | Izda\u0161ne ponude, promotivni kodovi i nagrade","isPartOf":{"@id":"https:\/\/betlabel.win\/bs\/#website"},"datePublished":"2025-08-28T06:12:32+00:00","dateModified":"2025-12-05T14:06:07+00:00","description":"Najbolji Betlabel bonusi za nove i postoje\u0107e igra\u010de. Osvojite do 3000 BAM i 150 besplatnih spinova. Otkrijte ekskluzivne ponude i promocije kako biste maksimizirali svoje dobitke!","breadcrumb":{"@id":"https:\/\/betlabel.win\/bs\/bonus\/#breadcrumb"},"inLanguage":"bs-BA","potentialAction":[{"@type":"ReadAction","target":["https:\/\/betlabel.win\/bs\/bonus\/"]}]},{"@type":"BreadcrumbList","@id":"https:\/\/betlabel.win\/bs\/bonus\/#breadcrumb","itemListElement":[{"@type":"ListItem","position":1,"name":"Home","item":"https:\/\/betlabel.win\/bs\/"},{"@type":"ListItem","position":2,"name":"Bonus"}]},{"@type":"WebSite","@id":"https:\/\/betlabel.win\/bs\/#website","url":"https:\/\/betlabel.win\/bs\/","name":"Betlabel Win bs","description":"","potentialAction":[{"@type":"SearchAction","target":{"@type":"EntryPoint","urlTemplate":"https:\/\/betlabel.win\/bs\/?s={search_term_string}"},"query-input":{"@type":"PropertyValueSpecification","valueRequired":true,"valueName":"search_term_string"}}],"inLanguage":"bs-BA"}]}},"_links":{"self":[{"href":"https:\/\/betlabel.win\/bs\/wp-json\/wp\/v2\/pages\/205","targetHints":{"allow":["GET"]}}],"collection":[{"href":"https:\/\/betlabel.win\/bs\/wp-json\/wp\/v2\/pages"}],"about":[{"href":"https:\/\/betlabel.win\/bs\/wp-json\/wp\/v2\/types\/page"}],"author":[{"embeddable":true,"href":"https:\/\/betlabel.win\/bs\/wp-json\/wp\/v2\/users\/1"}],"replies":[{"embeddable":true,"href":"https:\/\/betlabel.win\/bs\/wp-json\/wp\/v2\/comments?post=205"}],"version-history":[{"count":14,"href":"https:\/\/betlabel.win\/bs\/wp-json\/wp\/v2\/pages\/205\/revisions"}],"predecessor-version":[{"id":570,"href":"https:\/\/betlabel.win\/bs\/wp-json\/wp\/v2\/pages\/205\/revisions\/570"}],"wp:attachment":[{"href":"https:\/\/betlabel.win\/bs\/wp-json\/wp\/v2\/media?parent=205"}],"curies":[{"name":"wp","href":"https:\/\/api.w.org\/{rel}","templated":true}]}}