{"id":271,"date":"2025-09-21T05:11:00","date_gmt":"2025-09-21T05:11:00","guid":{"rendered":"https:\/\/betlabel.win\/at\/?page_id=271"},"modified":"2025-11-17T16:22:06","modified_gmt":"2025-11-17T16:22:06","slug":"apk","status":"publish","type":"page","link":"https:\/\/betlabel.win\/at\/apk\/","title":{"rendered":"Apk"},"content":{"rendered":"","protected":false},"excerpt":{"rendered":"","protected":false},"author":1,"featured_media":0,"parent":0,"menu_order":0,"comment_status":"closed","ping_status":"closed","template":"","meta":{"footnotes":""},"class_list":["post-271","page","type-page","status-publish","hentry"],"yoast_head":"<!-- This site is optimized with the Yoast SEO plugin v26.3 - https:\/\/yoast.com\/wordpress\/plugins\/seo\/ -->\n<title>BetLabel APK f\u00fcr Android | APK herunterladen und installieren<\/title>\n<meta name=\"description\" content=\"Installa BetLabel \u00d6sterreich APK su Android: un casin\u00f2 mobile con un&#039;interfaccia intuitiva, installazione sicura e funzionalit\u00e0 di gioco completeInstallieren Sie BetLabel APK auf Android: ein mobiles Casino mit intuitiver Benutzeroberfl\u00e4che, sicherer Installation und umfassenden Spielfunktionen.\" \/>\n<meta name=\"robots\" content=\"noindex, follow, max-snippet:-1, max-image-preview:large, max-video-preview:-1\" \/>\n<meta property=\"og:locale\" content=\"de_DE\" \/>\n<meta property=\"og:type\" content=\"article\" \/>\n<meta property=\"og:title\" content=\"BetLabel APK f\u00fcr Android | APK herunterladen und installieren\" \/>\n<meta property=\"og:description\" content=\"Installa BetLabel \u00d6sterreich APK su Android: un casin\u00f2 mobile con un&#039;interfaccia intuitiva, installazione sicura e funzionalit\u00e0 di gioco completeInstallieren Sie BetLabel APK auf Android: ein mobiles Casino mit intuitiver Benutzeroberfl\u00e4che, sicherer Installation und umfassenden Spielfunktionen.\" \/>\n<meta property=\"og:url\" content=\"https:\/\/betlabel.win\/at\/apk\/\" \/>\n<meta property=\"og:site_name\" content=\"Betlabel Win AT\" \/>\n<meta property=\"article:modified_time\" content=\"2025-11-17T16:22:06+00:00\" \/>\n<meta name=\"twitter:card\" content=\"summary_large_image\" \/>\n<script type=\"application\/ld+json\" class=\"yoast-schema-graph\">{\"@context\":\"https:\/\/schema.org\",\"@graph\":[{\"@type\":\"WebPage\",\"@id\":\"https:\/\/betlabel.win\/at\/apk\/\",\"url\":\"https:\/\/betlabel.win\/at\/apk\/\",\"name\":\"BetLabel APK f\u00fcr Android | APK herunterladen und installieren\",\"isPartOf\":{\"@id\":\"https:\/\/betlabel.win\/at\/#website\"},\"datePublished\":\"2025-09-21T05:11:00+00:00\",\"dateModified\":\"2025-11-17T16:22:06+00:00\",\"description\":\"Installa BetLabel \u00d6sterreich APK su Android: un casin\u00f2 mobile con un'interfaccia intuitiva, installazione sicura e funzionalit\u00e0 di gioco completeInstallieren Sie BetLabel APK auf Android: ein mobiles Casino mit intuitiver Benutzeroberfl\u00e4che, sicherer Installation und umfassenden Spielfunktionen.\",\"breadcrumb\":{\"@id\":\"https:\/\/betlabel.win\/at\/apk\/#breadcrumb\"},\"inLanguage\":\"de-AT\",\"potentialAction\":[{\"@type\":\"ReadAction\",\"target\":[\"https:\/\/betlabel.win\/at\/apk\/\"]}]},{\"@type\":\"BreadcrumbList\",\"@id\":\"https:\/\/betlabel.win\/at\/apk\/#breadcrumb\",\"itemListElement\":[{\"@type\":\"ListItem\",\"position\":1,\"name\":\"Home\",\"item\":\"https:\/\/betlabel.win\/at\/\"},{\"@type\":\"ListItem\",\"position\":2,\"name\":\"Apk\"}]},{\"@type\":\"WebSite\",\"@id\":\"https:\/\/betlabel.win\/at\/#website\",\"url\":\"https:\/\/betlabel.win\/at\/\",\"name\":\"Betlabel Win AT\",\"description\":\"\",\"potentialAction\":[{\"@type\":\"SearchAction\",\"target\":{\"@type\":\"EntryPoint\",\"urlTemplate\":\"https:\/\/betlabel.win\/at\/?s={search_term_string}\"},\"query-input\":{\"@type\":\"PropertyValueSpecification\",\"valueRequired\":true,\"valueName\":\"search_term_string\"}}],\"inLanguage\":\"de-AT\"}]}<\/script>\n<!-- \/ Yoast SEO plugin. -->","yoast_head_json":{"title":"BetLabel APK f\u00fcr Android | APK herunterladen und installieren","description":"Installa BetLabel \u00d6sterreich APK su Android: un casin\u00f2 mobile con un'interfaccia intuitiva, installazione sicura e funzionalit\u00e0 di gioco completeInstallieren Sie BetLabel APK auf Android: ein mobiles Casino mit intuitiver Benutzeroberfl\u00e4che, sicherer Installation und umfassenden Spielfunktionen.","robots":{"index":"noindex","follow":"follow","max-snippet":"max-snippet:-1","max-image-preview":"max-image-preview:large","max-video-preview":"max-video-preview:-1"},"og_locale":"de_DE","og_type":"article","og_title":"BetLabel APK f\u00fcr Android | APK herunterladen und installieren","og_description":"Installa BetLabel \u00d6sterreich APK su Android: un casin\u00f2 mobile con un'interfaccia intuitiva, installazione sicura e funzionalit\u00e0 di gioco completeInstallieren Sie BetLabel APK auf Android: ein mobiles Casino mit intuitiver Benutzeroberfl\u00e4che, sicherer Installation und umfassenden Spielfunktionen.","og_url":"https:\/\/betlabel.win\/at\/apk\/","og_site_name":"Betlabel Win AT","article_modified_time":"2025-11-17T16:22:06+00:00","twitter_card":"summary_large_image","schema":{"@context":"https:\/\/schema.org","@graph":[{"@type":"WebPage","@id":"https:\/\/betlabel.win\/at\/apk\/","url":"https:\/\/betlabel.win\/at\/apk\/","name":"BetLabel APK f\u00fcr Android | APK herunterladen und installieren","isPartOf":{"@id":"https:\/\/betlabel.win\/at\/#website"},"datePublished":"2025-09-21T05:11:00+00:00","dateModified":"2025-11-17T16:22:06+00:00","description":"Installa BetLabel \u00d6sterreich APK su Android: un casin\u00f2 mobile con un'interfaccia intuitiva, installazione sicura e funzionalit\u00e0 di gioco completeInstallieren Sie BetLabel APK auf Android: ein mobiles Casino mit intuitiver Benutzeroberfl\u00e4che, sicherer Installation und umfassenden Spielfunktionen.","breadcrumb":{"@id":"https:\/\/betlabel.win\/at\/apk\/#breadcrumb"},"inLanguage":"de-AT","potentialAction":[{"@type":"ReadAction","target":["https:\/\/betlabel.win\/at\/apk\/"]}]},{"@type":"BreadcrumbList","@id":"https:\/\/betlabel.win\/at\/apk\/#breadcrumb","itemListElement":[{"@type":"ListItem","position":1,"name":"Home","item":"https:\/\/betlabel.win\/at\/"},{"@type":"ListItem","position":2,"name":"Apk"}]},{"@type":"WebSite","@id":"https:\/\/betlabel.win\/at\/#website","url":"https:\/\/betlabel.win\/at\/","name":"Betlabel Win AT","description":"","potentialAction":[{"@type":"SearchAction","target":{"@type":"EntryPoint","urlTemplate":"https:\/\/betlabel.win\/at\/?s={search_term_string}"},"query-input":{"@type":"PropertyValueSpecification","valueRequired":true,"valueName":"search_term_string"}}],"inLanguage":"de-AT"}]}},"_links":{"self":[{"href":"https:\/\/betlabel.win\/at\/wp-json\/wp\/v2\/pages\/271","targetHints":{"allow":["GET"]}}],"collection":[{"href":"https:\/\/betlabel.win\/at\/wp-json\/wp\/v2\/pages"}],"about":[{"href":"https:\/\/betlabel.win\/at\/wp-json\/wp\/v2\/types\/page"}],"author":[{"embeddable":true,"href":"https:\/\/betlabel.win\/at\/wp-json\/wp\/v2\/users\/1"}],"replies":[{"embeddable":true,"href":"https:\/\/betlabel.win\/at\/wp-json\/wp\/v2\/comments?post=271"}],"version-history":[{"count":16,"href":"https:\/\/betlabel.win\/at\/wp-json\/wp\/v2\/pages\/271\/revisions"}],"predecessor-version":[{"id":467,"href":"https:\/\/betlabel.win\/at\/wp-json\/wp\/v2\/pages\/271\/revisions\/467"}],"wp:attachment":[{"href":"https:\/\/betlabel.win\/at\/wp-json\/wp\/v2\/media?parent=271"}],"curies":[{"name":"wp","href":"https:\/\/api.w.org\/{rel}","templated":true}]}}