{"id":2,"date":"2023-05-18T17:18:34","date_gmt":"2023-05-18T17:18:34","guid":{"rendered":"https:\/\/betlabel.win\/at\/?page_id=2"},"modified":"2025-11-17T16:39:59","modified_gmt":"2025-11-17T16:39:59","slug":"sample-page","status":"publish","type":"page","link":"https:\/\/betlabel.win\/at\/","title":{"rendered":"Startseite"},"content":{"rendered":"","protected":false},"excerpt":{"rendered":"","protected":false},"author":1,"featured_media":0,"parent":0,"menu_order":0,"comment_status":"closed","ping_status":"open","template":"","meta":{"footnotes":""},"class_list":["post-2","page","type-page","status-publish","hentry"],"yoast_head":"<!-- This site is optimized with the Yoast SEO plugin v26.3 - https:\/\/yoast.com\/wordpress\/plugins\/seo\/ -->\n<title>BetLabel Kasino und Sportwetten | Funktionen, Boni, Spiele<\/title>\n<meta name=\"description\" content=\"Entdecken Sie BetLabel \u00d6sterreich Kasino und Sportwetten im Jahr 2026! Genie\u00dfen Sie ein breites Angebot an Sportm\u00e4rkten, spannenden Casinospielen und gro\u00dfz\u00fcgigen Boni. Entdecken Sie unsere Lizenzen, Sicherheitsmerkmale und die intuitive Plattform f\u00fcr ein erstklassiges Wett-Erlebnis.\" \/>\n<meta name=\"robots\" content=\"noindex, follow, max-snippet:-1, max-image-preview:large, max-video-preview:-1\" \/>\n<meta property=\"og:locale\" content=\"de_DE\" \/>\n<meta property=\"og:type\" content=\"article\" \/>\n<meta property=\"og:title\" content=\"BetLabel Kasino und Sportwetten | Funktionen, Boni, Spiele\" \/>\n<meta property=\"og:description\" content=\"Entdecken Sie BetLabel \u00d6sterreich Kasino und Sportwetten im Jahr 2026! Genie\u00dfen Sie ein breites Angebot an Sportm\u00e4rkten, spannenden Casinospielen und gro\u00dfz\u00fcgigen Boni. Entdecken Sie unsere Lizenzen, Sicherheitsmerkmale und die intuitive Plattform f\u00fcr ein erstklassiges Wett-Erlebnis.\" \/>\n<meta property=\"og:url\" content=\"https:\/\/betlabel.win\/at\/\" \/>\n<meta property=\"og:site_name\" content=\"Betlabel Win AT\" \/>\n<meta property=\"article:modified_time\" content=\"2025-11-17T16:39:59+00:00\" \/>\n<meta name=\"twitter:card\" content=\"summary_large_image\" \/>\n<script type=\"application\/ld+json\" class=\"yoast-schema-graph\">{\"@context\":\"https:\/\/schema.org\",\"@graph\":[{\"@type\":\"WebPage\",\"@id\":\"https:\/\/betlabel.win\/at\/\",\"url\":\"https:\/\/betlabel.win\/at\/\",\"name\":\"BetLabel Kasino und Sportwetten | Funktionen, Boni, Spiele\",\"isPartOf\":{\"@id\":\"https:\/\/betlabel.win\/at\/#website\"},\"datePublished\":\"2023-05-18T17:18:34+00:00\",\"dateModified\":\"2025-11-17T16:39:59+00:00\",\"description\":\"Entdecken Sie BetLabel \u00d6sterreich Kasino und Sportwetten im Jahr 2026! Genie\u00dfen Sie ein breites Angebot an Sportm\u00e4rkten, spannenden Casinospielen und gro\u00dfz\u00fcgigen Boni. Entdecken Sie unsere Lizenzen, Sicherheitsmerkmale und die intuitive Plattform f\u00fcr ein erstklassiges Wett-Erlebnis.\",\"breadcrumb\":{\"@id\":\"https:\/\/betlabel.win\/at\/#breadcrumb\"},\"inLanguage\":\"de-AT\",\"potentialAction\":[{\"@type\":\"ReadAction\",\"target\":[\"https:\/\/betlabel.win\/at\/\"]}]},{\"@type\":\"BreadcrumbList\",\"@id\":\"https:\/\/betlabel.win\/at\/#breadcrumb\",\"itemListElement\":[{\"@type\":\"ListItem\",\"position\":1,\"name\":\"Home\",\"item\":\"https:\/\/betlabel.win\/at\/\"},{\"@type\":\"ListItem\",\"position\":2,\"name\":\"Startseite\"}]},{\"@type\":\"WebSite\",\"@id\":\"https:\/\/betlabel.win\/at\/#website\",\"url\":\"https:\/\/betlabel.win\/at\/\",\"name\":\"Betlabel Win AT\",\"description\":\"\",\"potentialAction\":[{\"@type\":\"SearchAction\",\"target\":{\"@type\":\"EntryPoint\",\"urlTemplate\":\"https:\/\/betlabel.win\/at\/?s={search_term_string}\"},\"query-input\":{\"@type\":\"PropertyValueSpecification\",\"valueRequired\":true,\"valueName\":\"search_term_string\"}}],\"inLanguage\":\"de-AT\"}]}<\/script>\n<!-- \/ Yoast SEO plugin. -->","yoast_head_json":{"title":"BetLabel Kasino und Sportwetten | Funktionen, Boni, Spiele","description":"Entdecken Sie BetLabel \u00d6sterreich Kasino und Sportwetten im Jahr 2026! Genie\u00dfen Sie ein breites Angebot an Sportm\u00e4rkten, spannenden Casinospielen und gro\u00dfz\u00fcgigen Boni. Entdecken Sie unsere Lizenzen, Sicherheitsmerkmale und die intuitive Plattform f\u00fcr ein erstklassiges Wett-Erlebnis.","robots":{"index":"noindex","follow":"follow","max-snippet":"max-snippet:-1","max-image-preview":"max-image-preview:large","max-video-preview":"max-video-preview:-1"},"og_locale":"de_DE","og_type":"article","og_title":"BetLabel Kasino und Sportwetten | Funktionen, Boni, Spiele","og_description":"Entdecken Sie BetLabel \u00d6sterreich Kasino und Sportwetten im Jahr 2026! Genie\u00dfen Sie ein breites Angebot an Sportm\u00e4rkten, spannenden Casinospielen und gro\u00dfz\u00fcgigen Boni. Entdecken Sie unsere Lizenzen, Sicherheitsmerkmale und die intuitive Plattform f\u00fcr ein erstklassiges Wett-Erlebnis.","og_url":"https:\/\/betlabel.win\/at\/","og_site_name":"Betlabel Win AT","article_modified_time":"2025-11-17T16:39:59+00:00","twitter_card":"summary_large_image","schema":{"@context":"https:\/\/schema.org","@graph":[{"@type":"WebPage","@id":"https:\/\/betlabel.win\/at\/","url":"https:\/\/betlabel.win\/at\/","name":"BetLabel Kasino und Sportwetten | Funktionen, Boni, Spiele","isPartOf":{"@id":"https:\/\/betlabel.win\/at\/#website"},"datePublished":"2023-05-18T17:18:34+00:00","dateModified":"2025-11-17T16:39:59+00:00","description":"Entdecken Sie BetLabel \u00d6sterreich Kasino und Sportwetten im Jahr 2026! Genie\u00dfen Sie ein breites Angebot an Sportm\u00e4rkten, spannenden Casinospielen und gro\u00dfz\u00fcgigen Boni. Entdecken Sie unsere Lizenzen, Sicherheitsmerkmale und die intuitive Plattform f\u00fcr ein erstklassiges Wett-Erlebnis.","breadcrumb":{"@id":"https:\/\/betlabel.win\/at\/#breadcrumb"},"inLanguage":"de-AT","potentialAction":[{"@type":"ReadAction","target":["https:\/\/betlabel.win\/at\/"]}]},{"@type":"BreadcrumbList","@id":"https:\/\/betlabel.win\/at\/#breadcrumb","itemListElement":[{"@type":"ListItem","position":1,"name":"Home","item":"https:\/\/betlabel.win\/at\/"},{"@type":"ListItem","position":2,"name":"Startseite"}]},{"@type":"WebSite","@id":"https:\/\/betlabel.win\/at\/#website","url":"https:\/\/betlabel.win\/at\/","name":"Betlabel Win AT","description":"","potentialAction":[{"@type":"SearchAction","target":{"@type":"EntryPoint","urlTemplate":"https:\/\/betlabel.win\/at\/?s={search_term_string}"},"query-input":{"@type":"PropertyValueSpecification","valueRequired":true,"valueName":"search_term_string"}}],"inLanguage":"de-AT"}]}},"_links":{"self":[{"href":"https:\/\/betlabel.win\/at\/wp-json\/wp\/v2\/pages\/2","targetHints":{"allow":["GET"]}}],"collection":[{"href":"https:\/\/betlabel.win\/at\/wp-json\/wp\/v2\/pages"}],"about":[{"href":"https:\/\/betlabel.win\/at\/wp-json\/wp\/v2\/types\/page"}],"author":[{"embeddable":true,"href":"https:\/\/betlabel.win\/at\/wp-json\/wp\/v2\/users\/1"}],"replies":[{"embeddable":true,"href":"https:\/\/betlabel.win\/at\/wp-json\/wp\/v2\/comments?post=2"}],"version-history":[{"count":11,"href":"https:\/\/betlabel.win\/at\/wp-json\/wp\/v2\/pages\/2\/revisions"}],"predecessor-version":[{"id":470,"href":"https:\/\/betlabel.win\/at\/wp-json\/wp\/v2\/pages\/2\/revisions\/470"}],"wp:attachment":[{"href":"https:\/\/betlabel.win\/at\/wp-json\/wp\/v2\/media?parent=2"}],"curies":[{"name":"wp","href":"https:\/\/api.w.org\/{rel}","templated":true}]}}